{"id":6399,"date":"2025-08-20T13:33:10","date_gmt":"2025-08-20T13:33:10","guid":{"rendered":"https:\/\/kamp-glavotok.hr\/izjava-o-pristupacnosti\/"},"modified":"2026-05-05T11:52:47","modified_gmt":"2026-05-05T11:52:47","slug":"izjava-o-dostopnosti","status":"publish","type":"page","link":"https:\/\/kamp-glavotok.hr\/sl\/izjava-o-dostopnosti\/","title":{"rendered":"Izjava o dostopnosti"},"content":{"rendered":"<div class=\"fusion-fullwidth fullwidth-box fusion-builder-row-1 fusion-flex-container nonhundred-percent-fullwidth non-hundred-percent-height-scrolling\" style=\"--awb-border-radius-top-left:0px;--awb-border-radius-top-right:0px;--awb-border-radius-bottom-right:0px;--awb-border-radius-bottom-left:0px;--awb-flex-wrap:wrap;\" ><div class=\"fusion-builder-row fusion-row fusion-flex-align-items-flex-start fusion-flex-content-wrap\" style=\"max-width:1248px;margin-left: calc(-4% \/ 2 );margin-right: calc(-4% \/ 2 );\"><div class=\"fusion-layout-column fusion_builder_column fusion-builder-column-0 fusion_builder_column_1_6 1_6 fusion-flex-column\" style=\"--awb-bg-blend:overlay;--awb-bg-size:cover;--awb-width-large:16.666666666667%;--awb-margin-top-large:0px;--awb-spacing-right-large:11.52%;--awb-margin-bottom-large:20px;--awb-spacing-left-large:11.52%;--awb-width-medium:16.666666666667%;--awb-spacing-right-medium:11.52%;--awb-spacing-left-medium:11.52%;--awb-width-small:100%;--awb-spacing-right-small:1.92%;--awb-spacing-left-small:1.92%;\"><div class=\"fusion-column-wrapper fusion-flex-justify-content-flex-start fusion-content-layout-column\"><\/div><\/div><div class=\"fusion-layout-column fusion_builder_column fusion-builder-column-1 fusion_builder_column_2_3 2_3 fusion-flex-column\" style=\"--awb-bg-blend:overlay;--awb-bg-size:cover;--awb-width-large:66.666666666667%;--awb-margin-top-large:0px;--awb-spacing-right-large:2.88%;--awb-margin-bottom-large:20px;--awb-spacing-left-large:2.88%;--awb-width-medium:66.666666666667%;--awb-spacing-right-medium:2.88%;--awb-spacing-left-medium:2.88%;--awb-width-small:100%;--awb-spacing-right-small:1.92%;--awb-spacing-left-small:1.92%;\"><div class=\"fusion-column-wrapper fusion-flex-justify-content-flex-start fusion-content-layout-column\"><div class=\"fusion-title title fusion-title-1 fusion-sep-none fusion-title-text fusion-title-size-one\" style=\"--awb-margin-bottom:40px;--awb-margin-top-small:10px;--awb-margin-right-small:0px;--awb-margin-bottom-small:30px;--awb-margin-left-small:0px;--awb-font-size:28px;\"><h1 class=\"fusion-title-heading title-heading-left\" style=\"margin:0;font-size:1em;\">Izjava o dostopnosti<\/h1><\/div><div class=\"fusion-text fusion-text-1 sm-text-align-left\" style=\"--awb-content-alignment:justify;--awb-text-transform:none;\"><p>Glavotok d.o.o., s sede\u017eem na naslovu Glavotok 4, 51500 Krk, <span class=\"s1\">Hrva\u0161ka<\/span>, si prizadeva, da bi bila njegova spletna stran dostopna v skladu s splo\u0161no priznanimi standardi dostopnosti digitalnih vsebin.<\/p>\n<p>\u010ceprav Glavotok d.o.o. ni organ javnega sektorja, je ta izjava pripravljena v skladu z na\u010deli iz Direktiva (EU) 2016\/2102ter smernicami, ki jih je razvila pobuda Web Accessibility Initiative (WAI), vklju\u010dno s Smernicami za dostopnost spletnih vsebin (WCAG) 2.2.<\/p>\n<p>Ta izjava o dostopnosti se nana\u0161a na spletno stran:<br \/>\nkamp-glavotok.hr<\/p>\n<p>Ta spletna stran je delno skladna s Smernicami za dostopnost spletnih vsebin (WCAG) 2.2 na ravni AA ter z evropskim standardom EN 301 549 zaradi dolo\u010denih neskladnosti.<\/p>\n<p>Kljub prizadevanjem za zagotavljanje dostopnosti nekateri deli spletne strani trenutno niso popolnoma skladni. Dolo\u010deni deli niso v celoti optimizirani v skladu s tehni\u010dnimi standardi, kar lahko vpliva na zdru\u017eljivost s podpornimi tehnologijami. Nekatere slike in netekstualne vsebine so dekorativne narave in zato nimajo alternativnega besedila, skladno z veljavnimi smernicami za tak\u0161ne vsebine. Dolo\u010dene besedilne vsebine niso popolnoma prilagojene za optimalno berljivost in prilagodljiv prikaz.<\/p>\n<p>Spletna stran vsebuje PDF-dokumente, ki niso v celoti prilagojeni bralnikom zaslona. Nekateri interaktivni elementi nimajo popolne podpore za upravljanje s tipkovnico ali podpornimi tehnologijami. Del vsebin uporablja besedilo v obliki slik, kar lahko ote\u017ei dostop uporabnikom, ki uporabljajo podporne tehnologije.<\/p>\n<p>Dolo\u010dene funkcionalnosti so odvisne od premika kazalca mi\u0161ke (hover) brez ustrezne alternative prek tipkovnice ali drugih na\u010dinov interakcije. V nekaterih primerih elementi morda nimajo jasno vidnega fokusa ali ne izpolnjujejo v celoti zahtev glede minimalne velikosti ciljev za interakcijo, prav tako nekateri postopki vnosa podatkov niso popolnoma optimizirani za uporabnike s kognitivnimi te\u017eavami.<\/p>\n<p>Glavotok d.o.o. nenehno dela na odpravljanju ugotovljenih pomanjkljivosti in izbolj\u0161anju dostopnosti svoje spletne strani.<br \/>\nZa izbolj\u0161anje dostopnosti so bila uvedena dolo\u010dena tehni\u010dna orodja in prilagoditve, vklju\u010dno z re\u0161itvami za izbolj\u0161anje kontrasta in prilagajanje velikosti besedila. Tak\u0161na orodja predstavljajo dopolnilni ukrep in ne nadome\u0161\u010dajo popolne skladnosti s standardi dostopnosti.<\/p>\n<p>Ta izjava je bila pripravljena 1. julija 2024. Ocena dostopnosti je bila izvedena na podlagi samopresoje z uporabo avtomatiziranih orodij za preverjanje dostopnosti spletnih strani. Izjava se redno pregleduje in po potrebi posodablja.<\/p>\n<p>Uporabniki lahko posredujejo povratne informacije, predloge ali prijavijo zaznane te\u017eave z dostopnostjo prek naslednjega kontakta: Glavotok d.o.o., Glavotok 4, 51500 Krk, <span class=\"s1\">Hrva\u0161ka<\/span>, e-po\u0161ta: <a href=\"mailto:info@kamp-glavotok.hr\">info@kamp-glavotok.hr<\/a>. Glavotok d.o.o. si bo prizadeval odgovoriti v razumnem \u010dasu.<\/p>\n<p>Organ, pristojen za nadzor nad izvajanjem zahtev glede dostopnosti v Republiki Hrva\u0161ki, je Informacijski poobla\u0161\u010denec.<\/p>\n<\/div><\/div><\/div><div class=\"fusion-layout-column fusion_builder_column fusion-builder-column-2 fusion_builder_column_1_6 1_6 fusion-flex-column\" style=\"--awb-bg-blend:overlay;--awb-bg-size:cover;--awb-width-large:16.666666666667%;--awb-margin-top-large:0px;--awb-spacing-right-large:11.52%;--awb-margin-bottom-large:20px;--awb-spacing-left-large:11.52%;--awb-width-medium:16.666666666667%;--awb-spacing-right-medium:11.52%;--awb-spacing-left-medium:11.52%;--awb-width-small:100%;--awb-spacing-right-small:1.92%;--awb-spacing-left-small:1.92%;\"><div class=\"fusion-column-wrapper fusion-flex-justify-content-flex-start fusion-content-layout-column\"><\/div><\/div><\/div><\/div>\n","protected":false},"excerpt":{"rendered":"","protected":false},"author":1,"featured_media":0,"parent":0,"menu_order":0,"comment_status":"closed","ping_status":"closed","template":"","meta":{"_acf_changed":false,"footnotes":""},"class_list":["post-6399","page","type-page","status-publish","hentry"],"acf":[],"yoast_head":"<!-- This site is optimized with the Yoast SEO plugin v27.3 - https:\/\/yoast.com\/product\/yoast-seo-wordpress\/ -->\n<title>Izjava o dostopnosti - Glavotok<\/title>\n<meta name=\"description\" content=\"Na podlagi 9. \u010dlena Zakona o dostopnosti spletnih strani in programskih re\u0161itev za mobilne naprave javnega sektorja [...]\" \/>\n<meta name=\"robots\" content=\"index, follow, max-snippet:-1, max-image-preview:large, max-video-preview:-1\" \/>\n<link rel=\"canonical\" href=\"https:\/\/kamp-glavotok.hr\/sl\/izjava-o-dostopnosti\/\" \/>\n<meta property=\"og:locale\" content=\"sl_SI\" \/>\n<meta property=\"og:type\" content=\"article\" \/>\n<meta property=\"og:title\" content=\"Izjava o dostopnosti - Glavotok\" \/>\n<meta property=\"og:description\" content=\"Na podlagi 9. \u010dlena Zakona o dostopnosti spletnih strani in programskih re\u0161itev za mobilne naprave javnega sektorja [...]\" \/>\n<meta property=\"og:url\" content=\"https:\/\/kamp-glavotok.hr\/sl\/izjava-o-dostopnosti\/\" \/>\n<meta property=\"og:site_name\" content=\"Glavotok\" \/>\n<meta property=\"article:modified_time\" content=\"2026-05-05T11:52:47+00:00\" \/>\n<meta name=\"twitter:card\" content=\"summary_large_image\" \/>\n<meta name=\"twitter:label1\" content=\"Est. reading time\" \/>\n\t<meta name=\"twitter:data1\" content=\"5 minut\" \/>\n<script type=\"application\/ld+json\" class=\"yoast-schema-graph\">{\"@context\":\"https:\\\/\\\/schema.org\",\"@graph\":[{\"@type\":\"WebPage\",\"@id\":\"https:\\\/\\\/kamp-glavotok.hr\\\/sl\\\/izjava-o-dostopnosti\\\/\",\"url\":\"https:\\\/\\\/kamp-glavotok.hr\\\/sl\\\/izjava-o-dostopnosti\\\/\",\"name\":\"Izjava o dostopnosti - Glavotok\",\"isPartOf\":{\"@id\":\"https:\\\/\\\/kamp-glavotok.hr\\\/#website\"},\"datePublished\":\"2025-08-20T13:33:10+00:00\",\"dateModified\":\"2026-05-05T11:52:47+00:00\",\"description\":\"Na podlagi 9. \u010dlena Zakona o dostopnosti spletnih strani in programskih re\u0161itev za mobilne naprave javnega sektorja [...]\",\"breadcrumb\":{\"@id\":\"https:\\\/\\\/kamp-glavotok.hr\\\/sl\\\/izjava-o-dostopnosti\\\/#breadcrumb\"},\"inLanguage\":\"sl-SI\",\"potentialAction\":[{\"@type\":\"ReadAction\",\"target\":[\"https:\\\/\\\/kamp-glavotok.hr\\\/sl\\\/izjava-o-dostopnosti\\\/\"]}]},{\"@type\":\"BreadcrumbList\",\"@id\":\"https:\\\/\\\/kamp-glavotok.hr\\\/sl\\\/izjava-o-dostopnosti\\\/#breadcrumb\",\"itemListElement\":[{\"@type\":\"ListItem\",\"position\":1,\"name\":\"Home\",\"item\":\"https:\\\/\\\/kamp-glavotok.hr\\\/sl\\\/\"},{\"@type\":\"ListItem\",\"position\":2,\"name\":\"Izjava o dostopnosti\"}]},{\"@type\":\"WebSite\",\"@id\":\"https:\\\/\\\/kamp-glavotok.hr\\\/#website\",\"url\":\"https:\\\/\\\/kamp-glavotok.hr\\\/\",\"name\":\"Glavotok\",\"description\":\"Premium green camp\",\"potentialAction\":[{\"@type\":\"SearchAction\",\"target\":{\"@type\":\"EntryPoint\",\"urlTemplate\":\"https:\\\/\\\/kamp-glavotok.hr\\\/?s={search_term_string}\"},\"query-input\":{\"@type\":\"PropertyValueSpecification\",\"valueRequired\":true,\"valueName\":\"search_term_string\"}}],\"inLanguage\":\"sl-SI\"}]}<\/script>\n<!-- \/ Yoast SEO plugin. -->","yoast_head_json":{"title":"Izjava o dostopnosti - Glavotok","description":"Na podlagi 9. \u010dlena Zakona o dostopnosti spletnih strani in programskih re\u0161itev za mobilne naprave javnega sektorja [...]","robots":{"index":"index","follow":"follow","max-snippet":"max-snippet:-1","max-image-preview":"max-image-preview:large","max-video-preview":"max-video-preview:-1"},"canonical":"https:\/\/kamp-glavotok.hr\/sl\/izjava-o-dostopnosti\/","og_locale":"sl_SI","og_type":"article","og_title":"Izjava o dostopnosti - Glavotok","og_description":"Na podlagi 9. \u010dlena Zakona o dostopnosti spletnih strani in programskih re\u0161itev za mobilne naprave javnega sektorja [...]","og_url":"https:\/\/kamp-glavotok.hr\/sl\/izjava-o-dostopnosti\/","og_site_name":"Glavotok","article_modified_time":"2026-05-05T11:52:47+00:00","twitter_card":"summary_large_image","twitter_misc":{"Est. reading time":"5 minut"},"schema":{"@context":"https:\/\/schema.org","@graph":[{"@type":"WebPage","@id":"https:\/\/kamp-glavotok.hr\/sl\/izjava-o-dostopnosti\/","url":"https:\/\/kamp-glavotok.hr\/sl\/izjava-o-dostopnosti\/","name":"Izjava o dostopnosti - Glavotok","isPartOf":{"@id":"https:\/\/kamp-glavotok.hr\/#website"},"datePublished":"2025-08-20T13:33:10+00:00","dateModified":"2026-05-05T11:52:47+00:00","description":"Na podlagi 9. \u010dlena Zakona o dostopnosti spletnih strani in programskih re\u0161itev za mobilne naprave javnega sektorja [...]","breadcrumb":{"@id":"https:\/\/kamp-glavotok.hr\/sl\/izjava-o-dostopnosti\/#breadcrumb"},"inLanguage":"sl-SI","potentialAction":[{"@type":"ReadAction","target":["https:\/\/kamp-glavotok.hr\/sl\/izjava-o-dostopnosti\/"]}]},{"@type":"BreadcrumbList","@id":"https:\/\/kamp-glavotok.hr\/sl\/izjava-o-dostopnosti\/#breadcrumb","itemListElement":[{"@type":"ListItem","position":1,"name":"Home","item":"https:\/\/kamp-glavotok.hr\/sl\/"},{"@type":"ListItem","position":2,"name":"Izjava o dostopnosti"}]},{"@type":"WebSite","@id":"https:\/\/kamp-glavotok.hr\/#website","url":"https:\/\/kamp-glavotok.hr\/","name":"Glavotok","description":"Premium green camp","potentialAction":[{"@type":"SearchAction","target":{"@type":"EntryPoint","urlTemplate":"https:\/\/kamp-glavotok.hr\/?s={search_term_string}"},"query-input":{"@type":"PropertyValueSpecification","valueRequired":true,"valueName":"search_term_string"}}],"inLanguage":"sl-SI"}]}},"_links":{"self":[{"href":"https:\/\/kamp-glavotok.hr\/sl\/wp-json\/wp\/v2\/pages\/6399","targetHints":{"allow":["GET"]}}],"collection":[{"href":"https:\/\/kamp-glavotok.hr\/sl\/wp-json\/wp\/v2\/pages"}],"about":[{"href":"https:\/\/kamp-glavotok.hr\/sl\/wp-json\/wp\/v2\/types\/page"}],"author":[{"embeddable":true,"href":"https:\/\/kamp-glavotok.hr\/sl\/wp-json\/wp\/v2\/users\/1"}],"replies":[{"embeddable":true,"href":"https:\/\/kamp-glavotok.hr\/sl\/wp-json\/wp\/v2\/comments?post=6399"}],"version-history":[{"count":4,"href":"https:\/\/kamp-glavotok.hr\/sl\/wp-json\/wp\/v2\/pages\/6399\/revisions"}],"predecessor-version":[{"id":8405,"href":"https:\/\/kamp-glavotok.hr\/sl\/wp-json\/wp\/v2\/pages\/6399\/revisions\/8405"}],"wp:attachment":[{"href":"https:\/\/kamp-glavotok.hr\/sl\/wp-json\/wp\/v2\/media?parent=6399"}],"curies":[{"name":"wp","href":"https:\/\/api.w.org\/{rel}","templated":true}]}}