{"id":6121,"date":"2025-09-09T10:15:44","date_gmt":"2025-09-09T10:15:44","guid":{"rendered":"https:\/\/kamp-glavotok.hr\/beach-bar-puntalokve\/"},"modified":"2026-02-17T12:38:36","modified_gmt":"2026-02-17T12:38:36","slug":"beach-bar-puntalokve","status":"publish","type":"page","link":"https:\/\/kamp-glavotok.hr\/sl\/beach-bar-puntalokve\/","title":{"rendered":"Beach bar Puntalokve"},"content":{"rendered":"<p><div class=\"fusion-fullwidth fullwidth-box fusion-builder-row-1 fusion-flex-container has-pattern-background has-mask-background nonhundred-percent-fullwidth non-hundred-percent-height-scrolling\" style=\"--link_hover_color: var(--awb-color5);--link_color: var(--awb-color5);--awb-background-position:right top;--awb-background-blend-mode:overlay;--awb-border-color:var(--awb-color1);--awb-border-radius-top-left:0px;--awb-border-radius-top-right:0px;--awb-border-radius-bottom-right:0px;--awb-border-radius-bottom-left:0px;--awb-padding-top:100px;--awb-padding-bottom:120px;--awb-padding-top-medium:90px;--awb-padding-bottom-medium:90px;--awb-padding-top-small:65px;--awb-padding-bottom-small:50px;--awb-margin-bottom-medium:0px;--awb-background-color:var(--awb-color1);--awb-flex-wrap:wrap;\" ><div class=\"fusion-builder-row fusion-row fusion-flex-align-items-center fusion-flex-content-wrap\" style=\"max-width:1248px;margin-left: calc(-4% \/ 2 );margin-right: calc(-4% \/ 2 );\"><div class=\"fusion-layout-column fusion_builder_column fusion-builder-column-0 fusion-flex-column fusion-animated\" style=\"--awb-padding-top:15px;--awb-padding-bottom:15px;--awb-padding-bottom-medium:0px;--awb-padding-top-small:5px;--awb-bg-size:cover;--awb-width-large:48%;--awb-margin-top-large:0px;--awb-spacing-right-large:72px;--awb-margin-bottom-large:0px;--awb-spacing-left-large:4%;--awb-width-medium:60%;--awb-order-medium:0;--awb-spacing-right-medium:72px;--awb-spacing-left-medium:20px;--awb-width-small:100%;--awb-order-small:0;--awb-spacing-right-small:72px;--awb-spacing-left-small:2.4%;\" data-animationType=\"fadeInRight\" data-animationDuration=\"1.3\" data-animationOffset=\"top-into-view\" data-scroll-devices=\"small-visibility,medium-visibility,large-visibility\"><div class=\"fusion-column-wrapper fusion-column-has-shadow fusion-flex-justify-content-flex-start fusion-content-layout-column\"><div class=\"fusion-title title fusion-title-1 fusion-no-medium-visibility fusion-no-large-visibility fusion-sep-none fusion-title-text fusion-title-size-two\" style=\"--awb-margin-bottom:30px;--awb-margin-top-small:10px;--awb-margin-right-small:0px;--awb-margin-bottom-small:10px;--awb-margin-left-small:0px;--awb-font-size:30px;\"><h2 class=\"fusion-title-heading title-heading-left\" style=\"margin:0;font-size:1em;\">Beach bar Puntalokve<\/h2><\/div><div class=\"fusion-title title fusion-title-2 fusion-no-small-visibility fusion-sep-none fusion-title-text fusion-title-size-two\" style=\"--awb-margin-bottom:30px;--awb-margin-top-small:10px;--awb-margin-right-small:0px;--awb-margin-bottom-small:10px;--awb-margin-left-small:0px;\"><h2 class=\"fusion-title-heading title-heading-left\" style=\"margin:0;\">Beach bar Puntalokve<\/h2><\/div><div class=\"fusion-text fusion-text-1 fusion-text-no-margin\" style=\"--awb-margin-top:0px;--awb-margin-right:0px;--awb-margin-bottom:10px;--awb-margin-left:0px;\"><p>U\u017eivajte v osve\u017eilnih koktajlih, hladnih pija\u010dah in odli\u010dnem vzdu\u0161ju, medtem ko se spro\u0161\u010date na udobnih le\u017ealnikih, idealnih za popolno u\u017eivanje na pla\u017ei.<\/p>\n<p>Beach Bar Puntalokve je znan po raznovrstnih dogodkih, ki obogatijo va\u0161e bivanje \u2013 od \u017eive glasbe in energi\u010dnih DJ nastopov do zabavnih aktivnosti, kot so karaoke, ogled \u0161portnih tekem na velikem zaslonu in posebnih dogodkov, ki jih organizira na\u0161a animacijska ekipa. Vsak ve\u010der prina\u0161a novo izku\u0161njo in prilo\u017enost za u\u017eivanje v nepozabnem vzdu\u0161ju.<\/p>\n<\/div><\/div><\/div><div class=\"fusion-layout-column fusion_builder_column fusion-builder-column-1 fusion-flex-column fusion-flex-align-self-stretch\" style=\"--awb-bg-position:center center;--awb-bg-size:cover;--awb-width-large:52%;--awb-margin-top-large:0px;--awb-spacing-right-large:3.6923076923077%;--awb-margin-bottom-large:0px;--awb-spacing-left-large:20px;--awb-width-medium:40%;--awb-order-medium:0;--awb-spacing-right-medium:70px;--awb-spacing-left-medium:20px;--awb-width-small:100%;--awb-order-small:0;--awb-spacing-right-small:1.92%;--awb-margin-bottom-small:20px;--awb-spacing-left-small:1.92%;\" data-scroll-devices=\"small-visibility,medium-visibility,large-visibility\"><div class=\"fusion-column-wrapper lazyload fusion-column-has-shadow fusion-flex-justify-content-flex-start fusion-content-layout-column fusion-empty-column-bg-image fusion-column-has-bg-image\" data-bg-url=\"https:\/\/kamp-glavotok.hr\/wp-content\/uploads\/2025\/10\/Kamp-Glavotok-Krk-Beach-bar-5.jpg\" data-bg=\"https:\/\/kamp-glavotok.hr\/wp-content\/uploads\/2025\/10\/Kamp-Glavotok-Krk-Beach-bar-5.jpg\"><img decoding=\"async\" class=\"fusion-empty-dims-img-placeholder\" alt=\"Kamp Glavotok Krk Beach bar\" aria-label=\"Kamp Glavotok Krk Beach bar\" src=\"data:image\/svg+xml,%3Csvg%20xmlns%3D%27http%3A%2F%2Fwww.w3.org%2F2000%2Fsvg%27%20width%3D%271142%27%20height%3D%271600%27%20viewBox%3D%270%200%201142%201600%27%3E%3Crect%20width%3D%271142%27%20height%3D%271600%27%20fill-opacity%3D%220%22%2F%3E%3C%2Fsvg%3E\"><\/div><\/div><\/div><\/div><div class=\"fusion-fullwidth fullwidth-box fusion-builder-row-2 fusion-flex-container has-pattern-background has-mask-background hundred-percent-fullwidth non-hundred-percent-height-scrolling\" style=\"--awb-border-radius-top-left:0px;--awb-border-radius-top-right:0px;--awb-border-radius-bottom-right:0px;--awb-border-radius-bottom-left:0px;--awb-padding-top-small:0px;--awb-padding-right-small:0px;--awb-padding-bottom-small:0px;--awb-padding-left-small:0px;--awb-margin-bottom-small:0px;--awb-flex-wrap:wrap;\" ><div class=\"fusion-builder-row fusion-row fusion-flex-align-items-flex-start fusion-flex-content-wrap\" style=\"width:104% !important;max-width:104% !important;margin-left: calc(-4% \/ 2 );margin-right: calc(-4% \/ 2 );\"><div class=\"fusion-layout-column fusion_builder_column fusion-builder-column-2 fusion_builder_column_1_1 1_1 fusion-flex-column\" style=\"--awb-bg-size:cover;--awb-width-large:100%;--awb-margin-top-large:0px;--awb-spacing-right-large:0%;--awb-margin-bottom-large:10px;--awb-spacing-left-large:0%;--awb-width-medium:100%;--awb-order-medium:0;--awb-spacing-right-medium:0%;--awb-spacing-left-medium:0%;--awb-width-small:100%;--awb-order-small:0;--awb-spacing-right-small:1.92%;--awb-margin-bottom-small:10px;--awb-spacing-left-small:1.92%;\"><div class=\"fusion-column-wrapper fusion-column-has-shadow fusion-flex-justify-content-flex-start fusion-content-layout-column\"><div class=\"awb-gallery-wrapper awb-gallery-wrapper-1 button-span-no\" style=\"--more-btn-alignment:center;margin-top:65px;\"><div style=\"margin:-5px;--awb-bordersize:0px;\" class=\"fusion-gallery fusion-gallery-container fusion-grid-3 fusion-columns-total-3 fusion-gallery-layout-grid fusion-gallery-1\"><div style=\"padding:5px;\" class=\"fusion-grid-column fusion-gallery-column fusion-gallery-column-3 hover-type-none\"><div class=\"fusion-gallery-image\"><a href=\"https:\/\/kamp-glavotok.hr\/wp-content\/uploads\/2025\/10\/Kamp-Glavotok-Krk-Beach-bar-2.jpg\" rel=\"noreferrer\" data-rel=\"iLightbox[gallery_image_1]\" class=\"fusion-lightbox\" target=\"_self\"><img decoding=\"async\" src=\"https:\/\/kamp-glavotok.hr\/wp-content\/uploads\/2025\/10\/Kamp-Glavotok-Krk-Beach-bar-2.jpg\" data-orig-src=\"https:\/\/kamp-glavotok.hr\/wp-content\/uploads\/2025\/10\/Kamp-Glavotok-Krk-Beach-bar-2.jpg\" width=\"1280\" height=\"853\" alt=\"Kamp Glavotok Krk Beach bar\" title=\"Kamp Glavotok Krk Beach bar\" aria-label=\"Kamp Glavotok Krk Beach bar\" class=\"lazyload img-responsive wp-image-6163\" srcset=\"data:image\/svg+xml,%3Csvg%20xmlns%3D%27http%3A%2F%2Fwww.w3.org%2F2000%2Fsvg%27%20width%3D%271280%27%20height%3D%27853%27%20viewBox%3D%270%200%201280%20853%27%3E%3Crect%20width%3D%271280%27%20height%3D%27853%27%20fill-opacity%3D%220%22%2F%3E%3C%2Fsvg%3E\" data-srcset=\"https:\/\/kamp-glavotok.hr\/wp-content\/uploads\/2025\/10\/Kamp-Glavotok-Krk-Beach-bar-2-200x133.jpg 200w, https:\/\/kamp-glavotok.hr\/wp-content\/uploads\/2025\/10\/Kamp-Glavotok-Krk-Beach-bar-2-400x267.jpg 400w, https:\/\/kamp-glavotok.hr\/wp-content\/uploads\/2025\/10\/Kamp-Glavotok-Krk-Beach-bar-2-600x400.jpg 600w, https:\/\/kamp-glavotok.hr\/wp-content\/uploads\/2025\/10\/Kamp-Glavotok-Krk-Beach-bar-2-800x533.jpg 800w, https:\/\/kamp-glavotok.hr\/wp-content\/uploads\/2025\/10\/Kamp-Glavotok-Krk-Beach-bar-2-1200x800.jpg 1200w, https:\/\/kamp-glavotok.hr\/wp-content\/uploads\/2025\/10\/Kamp-Glavotok-Krk-Beach-bar-2.jpg 1280w\" data-sizes=\"auto\" data-orig-sizes=\"(min-width: 2200px) 100vw, (min-width: 784px) 397px, (min-width: 712px) 595px, (min-width: 640px) 712px, \" \/><\/a><\/div><\/div><div style=\"padding:5px;\" class=\"fusion-grid-column fusion-gallery-column fusion-gallery-column-3 hover-type-none\"><div class=\"fusion-gallery-image\"><a href=\"https:\/\/kamp-glavotok.hr\/wp-content\/uploads\/2025\/10\/Kamp-Glavotok-Krk-Beach-bar-4.jpg\" rel=\"noreferrer\" data-rel=\"iLightbox[gallery_image_1]\" class=\"fusion-lightbox\" target=\"_self\"><img decoding=\"async\" src=\"https:\/\/kamp-glavotok.hr\/wp-content\/uploads\/2025\/10\/Kamp-Glavotok-Krk-Beach-bar-4.jpg\" data-orig-src=\"https:\/\/kamp-glavotok.hr\/wp-content\/uploads\/2025\/10\/Kamp-Glavotok-Krk-Beach-bar-4.jpg\" width=\"1280\" height=\"853\" alt=\"Kamp Glavotok Krk Beach bar\" title=\"Kamp Glavotok Krk Beach bar\" aria-label=\"Kamp Glavotok Krk Beach bar\" class=\"lazyload img-responsive wp-image-6164\" srcset=\"data:image\/svg+xml,%3Csvg%20xmlns%3D%27http%3A%2F%2Fwww.w3.org%2F2000%2Fsvg%27%20width%3D%271280%27%20height%3D%27853%27%20viewBox%3D%270%200%201280%20853%27%3E%3Crect%20width%3D%271280%27%20height%3D%27853%27%20fill-opacity%3D%220%22%2F%3E%3C%2Fsvg%3E\" data-srcset=\"https:\/\/kamp-glavotok.hr\/wp-content\/uploads\/2025\/10\/Kamp-Glavotok-Krk-Beach-bar-4-200x133.jpg 200w, https:\/\/kamp-glavotok.hr\/wp-content\/uploads\/2025\/10\/Kamp-Glavotok-Krk-Beach-bar-4-400x267.jpg 400w, https:\/\/kamp-glavotok.hr\/wp-content\/uploads\/2025\/10\/Kamp-Glavotok-Krk-Beach-bar-4-600x400.jpg 600w, https:\/\/kamp-glavotok.hr\/wp-content\/uploads\/2025\/10\/Kamp-Glavotok-Krk-Beach-bar-4-800x533.jpg 800w, https:\/\/kamp-glavotok.hr\/wp-content\/uploads\/2025\/10\/Kamp-Glavotok-Krk-Beach-bar-4-1200x800.jpg 1200w, https:\/\/kamp-glavotok.hr\/wp-content\/uploads\/2025\/10\/Kamp-Glavotok-Krk-Beach-bar-4.jpg 1280w\" data-sizes=\"auto\" data-orig-sizes=\"(min-width: 2200px) 100vw, (min-width: 784px) 397px, (min-width: 712px) 595px, (min-width: 640px) 712px, \" \/><\/a><\/div><\/div><div style=\"padding:5px;\" class=\"fusion-grid-column fusion-gallery-column fusion-gallery-column-3 hover-type-none\"><div class=\"fusion-gallery-image\"><a href=\"https:\/\/kamp-glavotok.hr\/wp-content\/uploads\/2025\/10\/Kamp-Glavotok-Krk-Beach-bar-6.jpg\" rel=\"noreferrer\" data-rel=\"iLightbox[gallery_image_1]\" class=\"fusion-lightbox\" target=\"_self\"><img decoding=\"async\" src=\"https:\/\/kamp-glavotok.hr\/wp-content\/uploads\/2025\/10\/Kamp-Glavotok-Krk-Beach-bar-6.jpg\" data-orig-src=\"https:\/\/kamp-glavotok.hr\/wp-content\/uploads\/2025\/10\/Kamp-Glavotok-Krk-Beach-bar-6.jpg\" width=\"1280\" height=\"853\" alt=\"Kamp Glavotok Krk Beach bar\" title=\"Kamp Glavotok Krk Beach bar\" aria-label=\"Kamp Glavotok Krk Beach bar\" class=\"lazyload img-responsive wp-image-6165\" srcset=\"data:image\/svg+xml,%3Csvg%20xmlns%3D%27http%3A%2F%2Fwww.w3.org%2F2000%2Fsvg%27%20width%3D%271280%27%20height%3D%27853%27%20viewBox%3D%270%200%201280%20853%27%3E%3Crect%20width%3D%271280%27%20height%3D%27853%27%20fill-opacity%3D%220%22%2F%3E%3C%2Fsvg%3E\" data-srcset=\"https:\/\/kamp-glavotok.hr\/wp-content\/uploads\/2025\/10\/Kamp-Glavotok-Krk-Beach-bar-6-200x133.jpg 200w, https:\/\/kamp-glavotok.hr\/wp-content\/uploads\/2025\/10\/Kamp-Glavotok-Krk-Beach-bar-6-400x267.jpg 400w, https:\/\/kamp-glavotok.hr\/wp-content\/uploads\/2025\/10\/Kamp-Glavotok-Krk-Beach-bar-6-600x400.jpg 600w, https:\/\/kamp-glavotok.hr\/wp-content\/uploads\/2025\/10\/Kamp-Glavotok-Krk-Beach-bar-6-800x533.jpg 800w, https:\/\/kamp-glavotok.hr\/wp-content\/uploads\/2025\/10\/Kamp-Glavotok-Krk-Beach-bar-6-1200x800.jpg 1200w, https:\/\/kamp-glavotok.hr\/wp-content\/uploads\/2025\/10\/Kamp-Glavotok-Krk-Beach-bar-6.jpg 1280w\" data-sizes=\"auto\" data-orig-sizes=\"(min-width: 2200px) 100vw, (min-width: 784px) 397px, (min-width: 712px) 595px, (min-width: 640px) 712px, \" \/><\/a><\/div><\/div><div class=\"clearfix\"><\/div><\/div><\/div><\/div><\/div><\/div><\/div><div class=\"fusion-fullwidth fullwidth-box fusion-builder-row-3 fusion-flex-container has-pattern-background has-mask-background fusion-parallax-none hundred-percent-fullwidth non-hundred-percent-height-scrolling lazyload\" style=\"--awb-background-repeat:repeat-x;--awb-background-repeat-small:no-repeat;--awb-border-radius-top-left:0px;--awb-border-radius-top-right:0px;--awb-border-radius-bottom-right:0px;--awb-border-radius-bottom-left:0px;--awb-padding-top:40px;--awb-padding-right:60px;--awb-padding-bottom:40px;--awb-padding-left:60px;--awb-padding-top-small:30px;--awb-padding-right-small:30px;--awb-padding-bottom-small:31px;--awb-padding-left-small:30px;--awb-background-color:var(--awb-color7);--awb-background-size:contain;--awb-background-size-small:cover;--awb-flex-wrap:wrap;\" data-bg=\"https:\/\/kamp-glavotok.hr\/wp-content\/uploads\/2025\/11\/UZORAK_1.jpg\" ><div class=\"fusion-builder-row fusion-row fusion-flex-align-items-flex-start fusion-flex-justify-content-center fusion-flex-content-wrap\" style=\"width:104% !important;max-width:104% !important;margin-left: calc(-4% \/ 2 );margin-right: calc(-4% \/ 2 );\"><div class=\"fusion-layout-column fusion_builder_column fusion-builder-column-3 fusion_builder_column_1_1 1_1 fusion-flex-column\" style=\"--awb-padding-top:110px;--awb-padding-right:201px;--awb-padding-bottom:90px;--awb-padding-left:200px;--awb-padding-top-small:45px;--awb-padding-right-small:50px;--awb-padding-bottom-small:45px;--awb-padding-left-small:50px;--awb-bg-color:var(--awb-color4);--awb-bg-color-hover:var(--awb-color4);--awb-bg-size:cover;--awb-width-large:100%;--awb-margin-top-large:10px;--awb-spacing-right-large:1.92%;--awb-margin-bottom-large:0px;--awb-spacing-left-large:1.92%;--awb-width-medium:100%;--awb-order-medium:0;--awb-spacing-right-medium:1.92%;--awb-spacing-left-medium:1.92%;--awb-width-small:100%;--awb-order-small:0;--awb-spacing-right-small:1.92%;--awb-spacing-left-small:1.92%;\" data-scroll-devices=\"small-visibility,medium-visibility,large-visibility\"><div class=\"fusion-column-wrapper fusion-column-has-shadow fusion-flex-justify-content-flex-start fusion-content-layout-column\"><div class=\"fusion-title title fusion-title-3 fusion-no-large-visibility fusion-sep-none fusion-title-center fusion-title-text fusion-title-size-two\" style=\"--awb-text-color:var(--awb-color1);--awb-margin-bottom:30px;--awb-margin-top-small:10px;--awb-margin-right-small:0px;--awb-margin-bottom-small:20px;--awb-margin-left-small:0px;--awb-font-size:30px;\"><h2 class=\"fusion-title-heading title-heading-center\" style=\"font-family:&quot;Aesthet Nova Regular&quot;;font-style:normal;font-weight:400;margin:0;letter-spacing:var(--awb-typography1-letter-spacing);text-transform:var(--awb-typography1-text-transform);font-size:1em;line-height:var(--awb-typography1-line-height);\">Nepozabno do\u017eivetje<\/h2><\/div><div class=\"fusion-title title fusion-title-4 fusion-no-small-visibility fusion-no-medium-visibility fusion-sep-none fusion-title-center fusion-title-text fusion-title-size-two\" style=\"--awb-text-color:var(--awb-color1);--awb-margin-bottom:30px;--awb-margin-top-small:10px;--awb-margin-right-small:0px;--awb-margin-bottom-small:10px;--awb-margin-left-small:0px;\"><h2 class=\"fusion-title-heading title-heading-center\" style=\"margin:0;\">Obi\u0161\u010dite nas<\/h2><\/div><div class=\"fusion-text fusion-text-2 fusion-text-no-margin\" style=\"--awb-content-alignment:center;--awb-text-color:var(--awb-color1);--awb-margin-top:0px;--awb-margin-bottom:40px;--awb-margin-left:0px;--awb-margin-bottom-small:25px;\"><p>Do\u017eivite jedinstven spoj relaksacije i zabave na jednoj od najljep\u0161ih pla\u017ea u okolici!<\/p>\n<\/div><div style=\"text-align:center;\"><a class=\"fusion-button button-flat fusion-button-default-size button-custom fusion-button-default button-1 fusion-button-default-span fusion-button-default-type\" style=\"--button_accent_color:var(--awb-color1);--button_border_color:var(--awb-color4);--button_accent_hover_color:var(--awb-color1);--button_border_hover_color:var(--awb-color1);--button_border_width-top:1px;--button_border_width-right:1px;--button_border_width-bottom:1px;--button_border_width-left:1px;--button_gradient_top_color:var(--awb-custom_color_1);--button_gradient_bottom_color:var(--awb-custom_color_1);--button_gradient_top_color_hover:var(--awb-color4);--button_gradient_bottom_color_hover:var(--awb-color4);\" target=\"_self\" href=\"https:\/\/kamp-glavotok.hr\/kontakt\/\"><span class=\"fusion-button-text awb-button__text awb-button__text--default\">Kontaktirajte nas<\/span><\/a><\/div><\/div><\/div><\/div><\/div><\/p>\n","protected":false},"excerpt":{"rendered":"","protected":false},"author":1,"featured_media":6123,"parent":0,"menu_order":0,"comment_status":"closed","ping_status":"closed","template":"100-width.php","meta":{"_acf_changed":false,"footnotes":""},"class_list":["post-6121","page","type-page","status-publish","has-post-thumbnail","hentry"],"acf":[],"yoast_head":"<!-- This site is optimized with the Yoast SEO plugin v27.3 - https:\/\/yoast.com\/product\/yoast-seo-wordpress\/ -->\n<title>Beach bar Puntalokve - Glavotok<\/title>\n<meta name=\"description\" content=\"U\u017eivajte v osve\u017eilnih koktajlih, hladnih pija\u010dah in odli\u010dnem vzdu\u0161ju, medtem ko se spro\u0161\u010date na udobnih le\u017ealnikih, idealnih za popolno u\u017eivanje na pla\u017ei.\" \/>\n<meta name=\"robots\" content=\"index, follow, max-snippet:-1, max-image-preview:large, max-video-preview:-1\" \/>\n<link rel=\"canonical\" href=\"https:\/\/kamp-glavotok.hr\/sl\/beach-bar-puntalokve\/\" \/>\n<meta property=\"og:locale\" content=\"sl_SI\" \/>\n<meta property=\"og:type\" content=\"article\" \/>\n<meta property=\"og:title\" content=\"Beach bar Puntalokve - Glavotok\" \/>\n<meta property=\"og:description\" content=\"U\u017eivajte v osve\u017eilnih koktajlih, hladnih pija\u010dah in odli\u010dnem vzdu\u0161ju, medtem ko se spro\u0161\u010date na udobnih le\u017ealnikih, idealnih za popolno u\u017eivanje na pla\u017ei.\" \/>\n<meta property=\"og:url\" content=\"https:\/\/kamp-glavotok.hr\/sl\/beach-bar-puntalokve\/\" \/>\n<meta property=\"og:site_name\" content=\"Glavotok\" \/>\n<meta property=\"article:modified_time\" content=\"2026-02-17T12:38:36+00:00\" \/>\n<meta property=\"og:image\" content=\"https:\/\/kamp-glavotok.hr\/wp-content\/uploads\/2025\/10\/Kamp-Glavotok-Krk-Beach-bar-1.jpg\" \/>\n\t<meta property=\"og:image:width\" content=\"1920\" \/>\n\t<meta property=\"og:image:height\" content=\"1280\" \/>\n\t<meta property=\"og:image:type\" content=\"image\/jpeg\" \/>\n<meta name=\"twitter:card\" content=\"summary_large_image\" \/>\n<meta name=\"twitter:label1\" content=\"Est. reading time\" \/>\n\t<meta name=\"twitter:data1\" content=\"2 minuti\" \/>\n<script type=\"application\/ld+json\" class=\"yoast-schema-graph\">{\"@context\":\"https:\\\/\\\/schema.org\",\"@graph\":[{\"@type\":\"WebPage\",\"@id\":\"https:\\\/\\\/kamp-glavotok.hr\\\/sl\\\/beach-bar-puntalokve\\\/\",\"url\":\"https:\\\/\\\/kamp-glavotok.hr\\\/sl\\\/beach-bar-puntalokve\\\/\",\"name\":\"Beach bar Puntalokve - Glavotok\",\"isPartOf\":{\"@id\":\"https:\\\/\\\/kamp-glavotok.hr\\\/#website\"},\"primaryImageOfPage\":{\"@id\":\"https:\\\/\\\/kamp-glavotok.hr\\\/sl\\\/beach-bar-puntalokve\\\/#primaryimage\"},\"image\":{\"@id\":\"https:\\\/\\\/kamp-glavotok.hr\\\/sl\\\/beach-bar-puntalokve\\\/#primaryimage\"},\"thumbnailUrl\":\"https:\\\/\\\/kamp-glavotok.hr\\\/wp-content\\\/uploads\\\/2025\\\/10\\\/Kamp-Glavotok-Krk-Beach-bar-1.jpg\",\"datePublished\":\"2025-09-09T10:15:44+00:00\",\"dateModified\":\"2026-02-17T12:38:36+00:00\",\"description\":\"U\u017eivajte v osve\u017eilnih koktajlih, hladnih pija\u010dah in odli\u010dnem vzdu\u0161ju, medtem ko se spro\u0161\u010date na udobnih le\u017ealnikih, idealnih za popolno u\u017eivanje na pla\u017ei.\",\"breadcrumb\":{\"@id\":\"https:\\\/\\\/kamp-glavotok.hr\\\/sl\\\/beach-bar-puntalokve\\\/#breadcrumb\"},\"inLanguage\":\"sl-SI\",\"potentialAction\":[{\"@type\":\"ReadAction\",\"target\":[\"https:\\\/\\\/kamp-glavotok.hr\\\/sl\\\/beach-bar-puntalokve\\\/\"]}]},{\"@type\":\"ImageObject\",\"inLanguage\":\"sl-SI\",\"@id\":\"https:\\\/\\\/kamp-glavotok.hr\\\/sl\\\/beach-bar-puntalokve\\\/#primaryimage\",\"url\":\"https:\\\/\\\/kamp-glavotok.hr\\\/wp-content\\\/uploads\\\/2025\\\/10\\\/Kamp-Glavotok-Krk-Beach-bar-1.jpg\",\"contentUrl\":\"https:\\\/\\\/kamp-glavotok.hr\\\/wp-content\\\/uploads\\\/2025\\\/10\\\/Kamp-Glavotok-Krk-Beach-bar-1.jpg\",\"width\":1920,\"height\":1280,\"caption\":\"Kamp Glavotok Krk Beach bar\"},{\"@type\":\"BreadcrumbList\",\"@id\":\"https:\\\/\\\/kamp-glavotok.hr\\\/sl\\\/beach-bar-puntalokve\\\/#breadcrumb\",\"itemListElement\":[{\"@type\":\"ListItem\",\"position\":1,\"name\":\"Home\",\"item\":\"https:\\\/\\\/kamp-glavotok.hr\\\/sl\\\/\"},{\"@type\":\"ListItem\",\"position\":2,\"name\":\"Beach bar Puntalokve\"}]},{\"@type\":\"WebSite\",\"@id\":\"https:\\\/\\\/kamp-glavotok.hr\\\/#website\",\"url\":\"https:\\\/\\\/kamp-glavotok.hr\\\/\",\"name\":\"Glavotok\",\"description\":\"Premium green camp\",\"potentialAction\":[{\"@type\":\"SearchAction\",\"target\":{\"@type\":\"EntryPoint\",\"urlTemplate\":\"https:\\\/\\\/kamp-glavotok.hr\\\/?s={search_term_string}\"},\"query-input\":{\"@type\":\"PropertyValueSpecification\",\"valueRequired\":true,\"valueName\":\"search_term_string\"}}],\"inLanguage\":\"sl-SI\"}]}<\/script>\n<!-- \/ Yoast SEO plugin. -->","yoast_head_json":{"title":"Beach bar Puntalokve - Glavotok","description":"U\u017eivajte v osve\u017eilnih koktajlih, hladnih pija\u010dah in odli\u010dnem vzdu\u0161ju, medtem ko se spro\u0161\u010date na udobnih le\u017ealnikih, idealnih za popolno u\u017eivanje na pla\u017ei.","robots":{"index":"index","follow":"follow","max-snippet":"max-snippet:-1","max-image-preview":"max-image-preview:large","max-video-preview":"max-video-preview:-1"},"canonical":"https:\/\/kamp-glavotok.hr\/sl\/beach-bar-puntalokve\/","og_locale":"sl_SI","og_type":"article","og_title":"Beach bar Puntalokve - Glavotok","og_description":"U\u017eivajte v osve\u017eilnih koktajlih, hladnih pija\u010dah in odli\u010dnem vzdu\u0161ju, medtem ko se spro\u0161\u010date na udobnih le\u017ealnikih, idealnih za popolno u\u017eivanje na pla\u017ei.","og_url":"https:\/\/kamp-glavotok.hr\/sl\/beach-bar-puntalokve\/","og_site_name":"Glavotok","article_modified_time":"2026-02-17T12:38:36+00:00","og_image":[{"width":1920,"height":1280,"url":"https:\/\/kamp-glavotok.hr\/wp-content\/uploads\/2025\/10\/Kamp-Glavotok-Krk-Beach-bar-1.jpg","type":"image\/jpeg"}],"twitter_card":"summary_large_image","twitter_misc":{"Est. reading time":"2 minuti"},"schema":{"@context":"https:\/\/schema.org","@graph":[{"@type":"WebPage","@id":"https:\/\/kamp-glavotok.hr\/sl\/beach-bar-puntalokve\/","url":"https:\/\/kamp-glavotok.hr\/sl\/beach-bar-puntalokve\/","name":"Beach bar Puntalokve - Glavotok","isPartOf":{"@id":"https:\/\/kamp-glavotok.hr\/#website"},"primaryImageOfPage":{"@id":"https:\/\/kamp-glavotok.hr\/sl\/beach-bar-puntalokve\/#primaryimage"},"image":{"@id":"https:\/\/kamp-glavotok.hr\/sl\/beach-bar-puntalokve\/#primaryimage"},"thumbnailUrl":"https:\/\/kamp-glavotok.hr\/wp-content\/uploads\/2025\/10\/Kamp-Glavotok-Krk-Beach-bar-1.jpg","datePublished":"2025-09-09T10:15:44+00:00","dateModified":"2026-02-17T12:38:36+00:00","description":"U\u017eivajte v osve\u017eilnih koktajlih, hladnih pija\u010dah in odli\u010dnem vzdu\u0161ju, medtem ko se spro\u0161\u010date na udobnih le\u017ealnikih, idealnih za popolno u\u017eivanje na pla\u017ei.","breadcrumb":{"@id":"https:\/\/kamp-glavotok.hr\/sl\/beach-bar-puntalokve\/#breadcrumb"},"inLanguage":"sl-SI","potentialAction":[{"@type":"ReadAction","target":["https:\/\/kamp-glavotok.hr\/sl\/beach-bar-puntalokve\/"]}]},{"@type":"ImageObject","inLanguage":"sl-SI","@id":"https:\/\/kamp-glavotok.hr\/sl\/beach-bar-puntalokve\/#primaryimage","url":"https:\/\/kamp-glavotok.hr\/wp-content\/uploads\/2025\/10\/Kamp-Glavotok-Krk-Beach-bar-1.jpg","contentUrl":"https:\/\/kamp-glavotok.hr\/wp-content\/uploads\/2025\/10\/Kamp-Glavotok-Krk-Beach-bar-1.jpg","width":1920,"height":1280,"caption":"Kamp Glavotok Krk Beach bar"},{"@type":"BreadcrumbList","@id":"https:\/\/kamp-glavotok.hr\/sl\/beach-bar-puntalokve\/#breadcrumb","itemListElement":[{"@type":"ListItem","position":1,"name":"Home","item":"https:\/\/kamp-glavotok.hr\/sl\/"},{"@type":"ListItem","position":2,"name":"Beach bar Puntalokve"}]},{"@type":"WebSite","@id":"https:\/\/kamp-glavotok.hr\/#website","url":"https:\/\/kamp-glavotok.hr\/","name":"Glavotok","description":"Premium green camp","potentialAction":[{"@type":"SearchAction","target":{"@type":"EntryPoint","urlTemplate":"https:\/\/kamp-glavotok.hr\/?s={search_term_string}"},"query-input":{"@type":"PropertyValueSpecification","valueRequired":true,"valueName":"search_term_string"}}],"inLanguage":"sl-SI"}]}},"_links":{"self":[{"href":"https:\/\/kamp-glavotok.hr\/sl\/wp-json\/wp\/v2\/pages\/6121","targetHints":{"allow":["GET"]}}],"collection":[{"href":"https:\/\/kamp-glavotok.hr\/sl\/wp-json\/wp\/v2\/pages"}],"about":[{"href":"https:\/\/kamp-glavotok.hr\/sl\/wp-json\/wp\/v2\/types\/page"}],"author":[{"embeddable":true,"href":"https:\/\/kamp-glavotok.hr\/sl\/wp-json\/wp\/v2\/users\/1"}],"replies":[{"embeddable":true,"href":"https:\/\/kamp-glavotok.hr\/sl\/wp-json\/wp\/v2\/comments?post=6121"}],"version-history":[{"count":3,"href":"https:\/\/kamp-glavotok.hr\/sl\/wp-json\/wp\/v2\/pages\/6121\/revisions"}],"predecessor-version":[{"id":6167,"href":"https:\/\/kamp-glavotok.hr\/sl\/wp-json\/wp\/v2\/pages\/6121\/revisions\/6167"}],"wp:featuredmedia":[{"embeddable":true,"href":"https:\/\/kamp-glavotok.hr\/sl\/wp-json\/wp\/v2\/media\/6123"}],"wp:attachment":[{"href":"https:\/\/kamp-glavotok.hr\/sl\/wp-json\/wp\/v2\/media?parent=6121"}],"curies":[{"name":"wp","href":"https:\/\/api.w.org\/{rel}","templated":true}]}}