{"id":5551,"date":"2025-09-09T09:38:45","date_gmt":"2025-09-09T09:38:45","guid":{"rendered":"https:\/\/kamp-glavotok.hr\/kucni-red\/"},"modified":"2026-02-19T13:40:14","modified_gmt":"2026-02-19T13:40:14","slug":"pravila-reda-v-kampu","status":"publish","type":"page","link":"https:\/\/kamp-glavotok.hr\/sl\/pravila-reda-v-kampu\/","title":{"rendered":"Pravila reda v kampu"},"content":{"rendered":"<div class=\"fusion-fullwidth fullwidth-box fusion-builder-row-1 fusion-flex-container has-pattern-background has-mask-background nonhundred-percent-fullwidth non-hundred-percent-height-scrolling\" style=\"--awb-background-position:left top;--awb-border-sizes-top:0px;--awb-border-sizes-bottom:0px;--awb-border-sizes-left:0px;--awb-border-sizes-right:0px;--awb-border-radius-top-left:0px;--awb-border-radius-top-right:0px;--awb-border-radius-bottom-right:0px;--awb-border-radius-bottom-left:0px;--awb-padding-top:100px;--awb-padding-bottom:0px;--awb-padding-top-medium:90px;--awb-padding-bottom-medium:90px;--awb-padding-top-small:65px;--awb-padding-bottom-small:40px;--awb-margin-bottom-medium:0px;--awb-background-color:var(--awb-color1);--awb-flex-wrap:wrap;\" ><div class=\"fusion-builder-row fusion-row fusion-flex-align-items-flex-start fusion-flex-justify-content-flex-end fusion-flex-content-wrap\" style=\"max-width:calc( 1200px + 80px );margin-left: calc(-80px \/ 2 );margin-right: calc(-80px \/ 2 );\"><div class=\"fusion-layout-column fusion_builder_column fusion-builder-column-0 fusion_builder_column_1_1 1_1 fusion-flex-column fusion-column-no-min-height fusion-animated\" style=\"--awb-padding-right-medium:0px;--awb-padding-left-medium:0px;--awb-bg-blend:overlay;--awb-bg-size:cover;--awb-width-large:100%;--awb-margin-top-large:0px;--awb-spacing-right-large:40px;--awb-margin-bottom-large:50px;--awb-spacing-left-large:40px;--awb-width-medium:50%;--awb-order-medium:0;--awb-spacing-right-medium:40px;--awb-margin-bottom-medium:49px;--awb-spacing-left-medium:40px;--awb-width-small:100%;--awb-order-small:0;--awb-spacing-right-small:40px;--awb-margin-bottom-small:0px;--awb-spacing-left-small:40px;\" data-animationType=\"fadeIn\" data-animationDuration=\"0.8\" data-animationOffset=\"top-into-view\" data-scroll-devices=\"small-visibility,medium-visibility,large-visibility\"><div class=\"fusion-column-wrapper fusion-column-has-shadow fusion-flex-justify-content-flex-start fusion-content-layout-column\"><div class=\"fusion-title title fusion-title-1 fusion-no-small-visibility fusion-sep-none fusion-title-text fusion-title-size-three\" style=\"--awb-margin-bottom:0px;--awb-margin-top-small:10px;--awb-margin-right-small:0px;--awb-margin-bottom-small:10px;--awb-margin-left-small:0px;\"><h3 class=\"fusion-title-heading title-heading-left\" style=\"margin:0;\">Pravila reda v kampu<\/h3><\/div><div class=\"fusion-title title fusion-title-2 fusion-no-medium-visibility fusion-no-large-visibility fusion-sep-none fusion-title-text fusion-title-size-three\" style=\"--awb-margin-bottom:0px;--awb-margin-top-small:10px;--awb-margin-right-small:0px;--awb-margin-bottom-small:30px;--awb-margin-left-small:0px;--awb-font-size:30px;\"><h3 class=\"fusion-title-heading title-heading-left\" style=\"margin:0;font-size:1em;\">Pravila reda v kampu<\/h3><\/div><\/div><\/div><div class=\"fusion-layout-column fusion_builder_column fusion-builder-column-1 fusion_builder_column_1_1 1_1 fusion-flex-column fusion-column-no-min-height fusion-animated\" style=\"--awb-padding-right-medium:0px;--awb-padding-left-medium:0px;--awb-bg-blend:overlay;--awb-bg-size:cover;--awb-width-large:100%;--awb-margin-top-large:0px;--awb-spacing-right-large:40px;--awb-margin-bottom-large:50px;--awb-spacing-left-large:40px;--awb-width-medium:50%;--awb-order-medium:0;--awb-spacing-right-medium:40px;--awb-margin-bottom-medium:49px;--awb-spacing-left-medium:40px;--awb-width-small:100%;--awb-order-small:0;--awb-spacing-right-small:40px;--awb-margin-bottom-small:30px;--awb-spacing-left-small:40px;\" data-animationType=\"fadeIn\" data-animationDuration=\"0.8\" data-animationOffset=\"top-into-view\" data-scroll-devices=\"small-visibility,medium-visibility,large-visibility\"><div class=\"fusion-column-wrapper fusion-column-has-shadow fusion-flex-justify-content-flex-start fusion-content-layout-column\"><div class=\"fusion-text fusion-text-1 fusion-text-no-margin\" style=\"--awb-text-color:hsla(var(--awb-color8-h),var(--awb-color8-s),var(--awb-color8-l),calc(var(--awb-color8-a) - 20%));--awb-margin-bottom:10px;\"><p><b>1)\u00a0 \u00a0 \u00a0 SPLO\u0160NA DOLO\u010cILA<\/b><b><\/b><\/p>\n<ol>\n<li>Pravila reda v kampu se sprejemajo zaradi za\u0161\u010dite interesov vseh gostov (v nadaljevanju: kampistov) v kampu.<\/li>\n<li>Ta pravila dolo\u010dajo obveznosti obna\u0161anja kampistov pri uporabi vseh storitev v kampu ter na\u010din uporabe naprav in opreme v kampu.<\/li>\n<\/ol>\n<p><b>2)\u00a0 \u00a0 \u00a0 PRIJAVA IN ODJAVA KAMPISTOV<\/b><b><\/b><\/p>\n<ol>\n<li>Pri prihodu v kamp se mora kampist prijaviti na recepciji kampa. Pri prijavi mora kampist izro\u010diti osebne dokumente vseh oseb, ki bodo bivale v kampu, zaradi vpisa v knjigo gostov ter navesti vso dodatno opremo za kampiranje, ki se bo nahajala na njegovi parceli. Vstop ali privedba neprijavljenih oseb v kamp je prepovedana.<\/li>\n<li>Pred odhodom iz kampa mora kampist odjaviti svoje bivanje v kampu in pla\u010dati nadomestilo za zagotovljene storitve in pristojbine. Ra\u010dun se pla\u010da med 8. in 12. uro v primeru odhoda v istem dnevu in od 18. do 20. ure v primeru odhoda v naslednjem dnevu. Za odjave po 12. uri se bo zara\u010dunal dodaten dan bivanja. Za pla\u010dana nadomestila kampist dobi ra\u010dun.<\/li>\n<li>Dostop obiskovalcem v kamp odobri izklju\u010dno recepcija kampa.<\/li>\n<li>\u010cas prijave kampistov na parceli je mogo\u010d od 13. ure naprej, parcelo pa je treba na dan odhoda zapustiti do 12. ure. Prijava v nastanitvene objekte (vile, mobilne hi\u0161ke in bungalove) je mogo\u010da od 16. ure naprej, objekt pa je treba na dan odhoda zapustiti do 10. ure.<\/li>\n<\/ol>\n<p><b>3)\u00a0 \u00a0 \u00a0 UPORABA PROSTORA ZA KAMPIRANJE<\/b><b><\/b><\/p>\n<ol>\n<li>Mesto za postavitev opreme za kampiranje in parkiranje vozila kampista dolo\u010di recepcija kampa glede na razpolo\u017eljive enote za kampiranje ali neozna\u010den prostor v kampu.<\/li>\n<li>Kampiranje je dovoljeno samo na prostoru, dolo\u010denem za kampiranje (ozna\u010dene enote za kampiranje).<\/li>\n<li>Kampist ne sme samovoljno spremeniti mesta za kampiranje brez odobritve recepcije kampa.<\/li>\n<li>Prepovedano je (dalj\u0161e in kraj\u0161e) parkiranje vozil na prometnicah v kampu.<\/li>\n<li>Pred odhodom iz kampa mora kampist urediti mesto, kjer je kampiral, in ga privesti v prvotno stanje.<\/li>\n<\/ol>\n<p><b>4)\u00a0 \u00a0 \u00a0 UPORABA NAPRAV IN OPREME<\/b><b><\/b><\/p>\n<ol>\n<li>Kampisti lahko uporabljajo elektri\u010dne in komunalne naprave ter opremo. Naprave in opremo morajo kampisti pravilno uporabljati za namen zadovoljitve potreb, ki so jim te namenjene.<\/li>\n<li>Prepovedana je uporaba elektri\u010dnih naprav (\u0161tedilnika, hladilnika, klimatske naprave ipd.), ki niso standardizirane za uporabo pri kampiranju.<\/li>\n<li>Pomivanje posode in pranje obla\u010dil je dovoljeno samo na temu namenjenih mestih.<\/li>\n<li>V kampu je prepovedano pranje avtomobila, menjava motornega olja na vozilu ipd.<\/li>\n<li>Umivalniki, korita, prhe, pisoarji in strani\u0161\u010da se morajo uporabljati ustrezno gleda na predviden namen ob upo\u0161tevanju, da gre za sanitarne naprave za skupno uporabo vseh kampistov.<\/li>\n<li>Priklop in odklop na opremo za napajanje z elektri\u010dno energijo (razdelilna omarica) izvede izklju\u010dno poobla\u0161\u010dena oseba kampa.<\/li>\n<\/ol>\n<p><b>5)\u00a0 \u00a0 \u00a0 HRAMBA OSEBNIH PREDMETOV IN ODGOVORNOST ZA PO\u0160KODBE V KAMPU<\/b><b><\/b><\/p>\n<ol>\n<li>Kampist mora skrbeti za svoje premo\u017eenje in predmete v kampu.<\/li>\n<li>Uprava kampa ne prevzema nobene odgovornosti za pogre\u0161ane ali po\u0161kodovane predmete v lasti kampista ter nesre\u010de ali po\u0161kodbe v kampu, ki nastanejo zaradi osebne nepozornosti kampista.<\/li>\n<\/ol>\n<p><b>6)\u00a0 \u00a0 \u00a0 VARSTVO OKOLJA V KAMPU<\/b><b><\/b><\/p>\n<ol>\n<li>Kampisti so dol\u017eni trdne odpadke odlagati v zabojnike, ki so jim na voljo v kampu.<\/li>\n<li>Pu\u0161\u010danje in odlaganje trdnih odpadkov zunaj predvidenih zabojnikov je prepovedano.<\/li>\n<li>Kampisti morajo ohranjati red in \u010disto\u010do na mestu, kjer kampirajo.<\/li>\n<li>Kampisti morajo skrbno ravnati z nasadi in zelenjem v kampu.<\/li>\n<li>Prepovedano je trganje vej ali po\u0161kodovanje (zabijanje \u017eebljev) in sekanje dreves.<\/li>\n<\/ol>\n<p><b>7)\u00a0 \u00a0 \u00a0 JAVNI RED IN MIR V KAMPU<\/b><b><\/b><\/p>\n<ol>\n<li>Kampisti morajo v kampu spo\u0161tovati javni red in mir.<\/li>\n<li>No\u010dni mir v kampu traja od 23. do 7. ure. V tem \u010dasu se gostje ne morejo name\u0161\u010dati v nastanitvenih enotah kampa, kampisti pa ne smejo zapustiti mesta kampiranja zaradi no\u010dnega izhoda iz kampa.<\/li>\n<li>Gostje, ki prispejo v kamp po 22. uri, se nastanijo na parkiri\u0161\u010du kampa s predhodno prijavo na recepciji kampa.<\/li>\n<li>Prepovedana je uporaba radia in televizijskega sprejemnika, ogla\u0161anje in petje, ki v kampu povzro\u010da hrup.<\/li>\n<\/ol>\n<p><b>8)\u00a0 \u00a0 \u00a0 ZA\u0160\u010cITA PRED PO\u017dAROM<\/b><b><\/b><\/p>\n<ol>\n<li>Kamp je opremljen z opremo in sredstvi za ga\u0161enje po\u017eara, ki jih morajo za ga\u0161enje po\u017eara obvezno uporabiti vsi kampisti in ekipe, ki jih organizira uprava kampa.<\/li>\n<li>Prepovedano je kurjenje odprtega ognja in pri\u017eiganje ognji\u0161\u010da, razen na mestih, namenjenih peki na \u017earu. \u010ce obstaja objektivna nevarnost za nastanek po\u017eara, je prepovedano vsako kurjenje odprtega ognja.<\/li>\n<li>Vnos hitro vnetljivih goriv, eksplozivnih sredstev ipd. v kamp je prepovedan.<\/li>\n<li>V primeru nastanka po\u017eara v kampu ali neposredni bli\u017eini se morajo kampisti odzvati na organizirano ga\u0161enje.<\/li>\n<\/ol>\n<p><b>9)\u00a0 \u00a0 \u00a0 KAMPIRANJE S PSI<\/b><b><\/b><\/p>\n<ol>\n<li>Lastnik psa mora psa med prijavo prijaviti na recepciji kampa.<\/li>\n<li>Pes mora biti pod stalnim nadzorom in kontrolo lastnika.<\/li>\n<li>Na celotnem obmo\u010dju kampa je treba psa sprehajati na povodcu, ve\u010dji psi pa morajo imeti tudi nagob\u010dnik in kraj\u0161o vrvico.<\/li>\n<li>Dolgotrajno lajanje psa v \u010dasu no\u010dnega miru ni za\u017eeleno. Obdobje no\u010dnega miru, ki traja od 23. do 7. ure, velja tudi za pse.<\/li>\n<li>Lastniki so odgovorni za vsako \u0161kodo, ki jo pes povzro\u010di drugim psom, ljudem ali kampu.<\/li>\n<li>Lastnik \u017eivali mora iztrebke po\u010distiti in spraviti v vre\u010dko ter slednjo odvre\u010di v ustrezne zabojnike.<\/li>\n<li>Kopanje v morju je za pse dovoljeno samo na obmo\u010djih, namenjenih kopanju psov.<\/li>\n<li>Kamp Glavotok lahko v primeru resnej\u0161ega prekr\u0161ka in ponavljajo\u010dega se kr\u0161enja pravil lastniku psa prepove bivanje v kampu.<\/li>\n<\/ol>\n<p><b>10)\u00a0 \u00a0OSTALA PRAVILA<\/b><b><\/b><\/p>\n<ol>\n<li>Razne po\u0161kodbe, nedelovanje in\u0161talacij in opreme ter vsako nespo\u0161tovanje teh pravil reda v kampu kampist prijavi na recepciji kampa.<\/li>\n<li>Prito\u017ebo glede dela in storitev kampa lahko kampist (obiskovalec) vlo\u017ei v pisni obliki:<\/li>\n<\/ol>\n<ul>\n<li>v prostorih tega gostinskega objekta;<\/li>\n<li>po po\u0161ti na naslov: Glavotok d.o.o., Glavotok 4, 51500 Krk;<\/li>\n<li>na e-po\u0161tni naslov: info@kamp-glavotok.hr;<\/li>\n<\/ul>\n<p><b>11)\u00a0 \u00a0POSLEDICE NEUPO\u0160TEVANJA PRAVIL REDA V KAMPU<\/b><b><\/b><\/p>\n<ol>\n<li>Kampist mora upo\u0161tevati vsa dolo\u010dila teh pravil reda v kampu.<\/li>\n<li>\u010ce je ugotovljeno neupo\u0161tevanje predpisanih pravil, lahko uprava kampa kampistu odre\u010de zagotavljanje storitev v kampu.<\/li>\n<li>\u010ce uprava kampa odre\u010de zagotavljanje storitev skladno z dolo\u010dili drugega odstavka te to\u010dke, mora kampist pla\u010dati nadomestilo za nastalo \u0161kodo.<\/li>\n<\/ol>\n<p>Za vse ostale informacije se obrnite na recepcijo kampa.<\/p>\n<p>Zahvaljujemo se vam za pozornost in vam \u017eelimo prijetno bivanje v na\u0161em kampu.<\/p>\n<p>UPRAVA KAMPA<\/p>\n<\/div><\/div><\/div><\/div><\/div>\n","protected":false},"excerpt":{"rendered":"","protected":false},"author":1,"featured_media":0,"parent":0,"menu_order":0,"comment_status":"closed","ping_status":"closed","template":"100-width.php","meta":{"_acf_changed":false,"footnotes":""},"class_list":["post-5551","page","type-page","status-publish","hentry"],"acf":[],"yoast_head":"<!-- This site is optimized with the Yoast SEO plugin v27.3 - https:\/\/yoast.com\/product\/yoast-seo-wordpress\/ -->\n<title>Pravila reda v kampu - Glavotok<\/title>\n<meta name=\"description\" content=\"Ta pravila dolo\u010dajo obveznosti obna\u0161anja kampistov pri uporabi vseh storitev v kampu ter na\u010din uporabe naprav in opreme v kampu.\" \/>\n<meta name=\"robots\" content=\"index, follow, max-snippet:-1, max-image-preview:large, max-video-preview:-1\" \/>\n<link rel=\"canonical\" href=\"https:\/\/kamp-glavotok.hr\/sl\/pravila-reda-v-kampu\/\" \/>\n<meta property=\"og:locale\" content=\"sl_SI\" \/>\n<meta property=\"og:type\" content=\"article\" \/>\n<meta property=\"og:title\" content=\"Pravila reda v kampu - Glavotok\" \/>\n<meta property=\"og:description\" content=\"Ta pravila dolo\u010dajo obveznosti obna\u0161anja kampistov pri uporabi vseh storitev v kampu ter na\u010din uporabe naprav in opreme v kampu.\" \/>\n<meta property=\"og:url\" content=\"https:\/\/kamp-glavotok.hr\/sl\/pravila-reda-v-kampu\/\" \/>\n<meta property=\"og:site_name\" content=\"Glavotok\" \/>\n<meta property=\"article:modified_time\" content=\"2026-02-19T13:40:14+00:00\" \/>\n<meta name=\"twitter:card\" content=\"summary_large_image\" \/>\n<meta name=\"twitter:label1\" content=\"Est. reading time\" \/>\n\t<meta name=\"twitter:data1\" content=\"6 minut\" \/>\n<script type=\"application\/ld+json\" class=\"yoast-schema-graph\">{\"@context\":\"https:\\\/\\\/schema.org\",\"@graph\":[{\"@type\":\"WebPage\",\"@id\":\"https:\\\/\\\/kamp-glavotok.hr\\\/sl\\\/pravila-reda-v-kampu\\\/\",\"url\":\"https:\\\/\\\/kamp-glavotok.hr\\\/sl\\\/pravila-reda-v-kampu\\\/\",\"name\":\"Pravila reda v kampu - Glavotok\",\"isPartOf\":{\"@id\":\"https:\\\/\\\/kamp-glavotok.hr\\\/#website\"},\"datePublished\":\"2025-09-09T09:38:45+00:00\",\"dateModified\":\"2026-02-19T13:40:14+00:00\",\"description\":\"Ta pravila dolo\u010dajo obveznosti obna\u0161anja kampistov pri uporabi vseh storitev v kampu ter na\u010din uporabe naprav in opreme v kampu.\",\"breadcrumb\":{\"@id\":\"https:\\\/\\\/kamp-glavotok.hr\\\/sl\\\/pravila-reda-v-kampu\\\/#breadcrumb\"},\"inLanguage\":\"sl-SI\",\"potentialAction\":[{\"@type\":\"ReadAction\",\"target\":[\"https:\\\/\\\/kamp-glavotok.hr\\\/sl\\\/pravila-reda-v-kampu\\\/\"]}]},{\"@type\":\"BreadcrumbList\",\"@id\":\"https:\\\/\\\/kamp-glavotok.hr\\\/sl\\\/pravila-reda-v-kampu\\\/#breadcrumb\",\"itemListElement\":[{\"@type\":\"ListItem\",\"position\":1,\"name\":\"Home\",\"item\":\"https:\\\/\\\/kamp-glavotok.hr\\\/sl\\\/\"},{\"@type\":\"ListItem\",\"position\":2,\"name\":\"Pravila reda v kampu\"}]},{\"@type\":\"WebSite\",\"@id\":\"https:\\\/\\\/kamp-glavotok.hr\\\/#website\",\"url\":\"https:\\\/\\\/kamp-glavotok.hr\\\/\",\"name\":\"Glavotok\",\"description\":\"Premium green camp\",\"potentialAction\":[{\"@type\":\"SearchAction\",\"target\":{\"@type\":\"EntryPoint\",\"urlTemplate\":\"https:\\\/\\\/kamp-glavotok.hr\\\/?s={search_term_string}\"},\"query-input\":{\"@type\":\"PropertyValueSpecification\",\"valueRequired\":true,\"valueName\":\"search_term_string\"}}],\"inLanguage\":\"sl-SI\"}]}<\/script>\n<!-- \/ Yoast SEO plugin. -->","yoast_head_json":{"title":"Pravila reda v kampu - Glavotok","description":"Ta pravila dolo\u010dajo obveznosti obna\u0161anja kampistov pri uporabi vseh storitev v kampu ter na\u010din uporabe naprav in opreme v kampu.","robots":{"index":"index","follow":"follow","max-snippet":"max-snippet:-1","max-image-preview":"max-image-preview:large","max-video-preview":"max-video-preview:-1"},"canonical":"https:\/\/kamp-glavotok.hr\/sl\/pravila-reda-v-kampu\/","og_locale":"sl_SI","og_type":"article","og_title":"Pravila reda v kampu - Glavotok","og_description":"Ta pravila dolo\u010dajo obveznosti obna\u0161anja kampistov pri uporabi vseh storitev v kampu ter na\u010din uporabe naprav in opreme v kampu.","og_url":"https:\/\/kamp-glavotok.hr\/sl\/pravila-reda-v-kampu\/","og_site_name":"Glavotok","article_modified_time":"2026-02-19T13:40:14+00:00","twitter_card":"summary_large_image","twitter_misc":{"Est. reading time":"6 minut"},"schema":{"@context":"https:\/\/schema.org","@graph":[{"@type":"WebPage","@id":"https:\/\/kamp-glavotok.hr\/sl\/pravila-reda-v-kampu\/","url":"https:\/\/kamp-glavotok.hr\/sl\/pravila-reda-v-kampu\/","name":"Pravila reda v kampu - Glavotok","isPartOf":{"@id":"https:\/\/kamp-glavotok.hr\/#website"},"datePublished":"2025-09-09T09:38:45+00:00","dateModified":"2026-02-19T13:40:14+00:00","description":"Ta pravila dolo\u010dajo obveznosti obna\u0161anja kampistov pri uporabi vseh storitev v kampu ter na\u010din uporabe naprav in opreme v kampu.","breadcrumb":{"@id":"https:\/\/kamp-glavotok.hr\/sl\/pravila-reda-v-kampu\/#breadcrumb"},"inLanguage":"sl-SI","potentialAction":[{"@type":"ReadAction","target":["https:\/\/kamp-glavotok.hr\/sl\/pravila-reda-v-kampu\/"]}]},{"@type":"BreadcrumbList","@id":"https:\/\/kamp-glavotok.hr\/sl\/pravila-reda-v-kampu\/#breadcrumb","itemListElement":[{"@type":"ListItem","position":1,"name":"Home","item":"https:\/\/kamp-glavotok.hr\/sl\/"},{"@type":"ListItem","position":2,"name":"Pravila reda v kampu"}]},{"@type":"WebSite","@id":"https:\/\/kamp-glavotok.hr\/#website","url":"https:\/\/kamp-glavotok.hr\/","name":"Glavotok","description":"Premium green camp","potentialAction":[{"@type":"SearchAction","target":{"@type":"EntryPoint","urlTemplate":"https:\/\/kamp-glavotok.hr\/?s={search_term_string}"},"query-input":{"@type":"PropertyValueSpecification","valueRequired":true,"valueName":"search_term_string"}}],"inLanguage":"sl-SI"}]}},"_links":{"self":[{"href":"https:\/\/kamp-glavotok.hr\/sl\/wp-json\/wp\/v2\/pages\/5551","targetHints":{"allow":["GET"]}}],"collection":[{"href":"https:\/\/kamp-glavotok.hr\/sl\/wp-json\/wp\/v2\/pages"}],"about":[{"href":"https:\/\/kamp-glavotok.hr\/sl\/wp-json\/wp\/v2\/types\/page"}],"author":[{"embeddable":true,"href":"https:\/\/kamp-glavotok.hr\/sl\/wp-json\/wp\/v2\/users\/1"}],"replies":[{"embeddable":true,"href":"https:\/\/kamp-glavotok.hr\/sl\/wp-json\/wp\/v2\/comments?post=5551"}],"version-history":[{"count":1,"href":"https:\/\/kamp-glavotok.hr\/sl\/wp-json\/wp\/v2\/pages\/5551\/revisions"}],"predecessor-version":[{"id":5552,"href":"https:\/\/kamp-glavotok.hr\/sl\/wp-json\/wp\/v2\/pages\/5551\/revisions\/5552"}],"wp:attachment":[{"href":"https:\/\/kamp-glavotok.hr\/sl\/wp-json\/wp\/v2\/media?parent=5551"}],"curies":[{"name":"wp","href":"https:\/\/api.w.org\/{rel}","templated":true}]}}