{"id":6405,"date":"2021-03-13T06:53:05","date_gmt":"2021-03-13T06:53:05","guid":{"rendered":"https:\/\/kamp-glavotok.hr\/izjava-o-privatnosti\/"},"modified":"2026-02-17T11:54:08","modified_gmt":"2026-02-17T11:54:08","slug":"informativa-privacy","status":"publish","type":"page","link":"https:\/\/kamp-glavotok.hr\/it\/informativa-privacy\/","title":{"rendered":"Informativa privacy"},"content":{"rendered":"<div class=\"fusion-fullwidth fullwidth-box fusion-builder-row-1 fusion-flex-container nonhundred-percent-fullwidth non-hundred-percent-height-scrolling\" style=\"--awb-border-radius-top-left:0px;--awb-border-radius-top-right:0px;--awb-border-radius-bottom-right:0px;--awb-border-radius-bottom-left:0px;--awb-flex-wrap:wrap;\" ><div class=\"fusion-builder-row fusion-row fusion-flex-align-items-flex-start fusion-flex-content-wrap\" style=\"max-width:1248px;margin-left: calc(-4% \/ 2 );margin-right: calc(-4% \/ 2 );\"><div class=\"fusion-layout-column fusion_builder_column fusion-builder-column-0 fusion_builder_column_1_6 1_6 fusion-flex-column\" style=\"--awb-bg-blend:overlay;--awb-bg-size:cover;--awb-width-large:16.666666666667%;--awb-margin-top-large:0px;--awb-spacing-right-large:11.52%;--awb-margin-bottom-large:20px;--awb-spacing-left-large:11.52%;--awb-width-medium:16.666666666667%;--awb-spacing-right-medium:11.52%;--awb-spacing-left-medium:11.52%;--awb-width-small:100%;--awb-spacing-right-small:1.92%;--awb-spacing-left-small:1.92%;\"><div class=\"fusion-column-wrapper fusion-flex-justify-content-flex-start fusion-content-layout-column\"><\/div><\/div><div class=\"fusion-layout-column fusion_builder_column fusion-builder-column-1 fusion_builder_column_2_3 2_3 fusion-flex-column\" style=\"--awb-bg-blend:overlay;--awb-bg-size:cover;--awb-width-large:66.666666666667%;--awb-margin-top-large:0px;--awb-spacing-right-large:2.88%;--awb-margin-bottom-large:20px;--awb-spacing-left-large:2.88%;--awb-width-medium:66.666666666667%;--awb-spacing-right-medium:2.88%;--awb-spacing-left-medium:2.88%;--awb-width-small:100%;--awb-spacing-right-small:1.92%;--awb-spacing-left-small:1.92%;\"><div class=\"fusion-column-wrapper fusion-flex-justify-content-flex-start fusion-content-layout-column\"><div class=\"fusion-title title fusion-title-1 fusion-sep-none fusion-title-text fusion-title-size-one\" style=\"--awb-margin-bottom:40px;--awb-margin-top-small:10px;--awb-margin-right-small:0px;--awb-margin-bottom-small:30px;--awb-margin-left-small:0px;--awb-font-size:28px;\"><h1 class=\"fusion-title-heading title-heading-left\" style=\"margin:0;font-size:1em;\">Informativa privacy<\/h1><\/div><div class=\"fusion-text fusion-text-1 sm-text-align-left\" style=\"--awb-content-alignment:justify;--awb-text-transform:none;\"><p>La Glavotok d.o.o. protegge la tua privacy e sviluppa tecnologie che ti consentono di utilizzare Internet in modo migliore e sicuro.\u00a0Questo documento riguarda il sito web\u00a0<a href=\"http:\/\/www.kamp-glavotok.hr\/\">www.kamp-glavotok.hr<\/a>\u00a0e regola la modalit\u00e0 di raccolta dati e il loro utilizzo.<\/p>\n<p>Ti preghiamo di leggere questa informativa interamente per aiutarci a proteggere la tua privacy e per conoscere la tipologia di dati raccolti e la modalit\u00e0 del loro utilizzo.\u00a0\u00a0Per ulteriori chiarimenti riferiti alla privacy dei dati scrivici al seguente indirizzo e-mail:\u00a0<a href=\"mailto:info@kamp-glavotok.hr\">info@kamp-glavotok.hr<\/a><\/p>\n<p><b>Raccolta dei dati personali<\/b><b><\/b><\/p>\n<p>La Galvotok d.o.o. raccoglie i seguenti dati personali: indirizzo e-mail, nome, indirizzo di casa o di lavoro e numero di telefono.\u00a0\u00a0\u00a0La Glavotok d.o.o. raccoglie anche i seguenti dati demografici anonimi e non identificativi: et\u00e0, genere, preferenze o interessi.<\/p>\n<p>La Glavotok d.o.o. raccoglie automaticamente anche i dati che riguardano il disco rigido e i programmi del tuo computer. Questi dati possono includere l\u2019indirizzo IP, la versione del browser, il nome del dominio, l\u2019ora di accesso e l\u2019indirizzo del sito web. La Glavotok d.o.o. utilizza questi dati per poter offrire i suoi servizi, mantenere la loro qualit\u00e0 e raccogliere dati statistici generici circa l\u2019utilizzo del sito web.<\/p>\n<p><b>Utilizzo dei cookie<\/b><b><\/b><\/p>\n<p>Il sito della Glavotok d.o.o. utilizza i cookie per adattare il tuo utilizzo di Internet alle tue esigenze. Un cookie \u00e8 un file di testo che viene memorizzato dal server sul disco rigido del tuo computer. I cookie non possono essere utilizzati per avviare i programmi o consentire l\u2019ingresso dei virus nel tuo computer. I cookie vengono generati singolarmente e possono essere utilizzati esclusivamente dal server del dominio web che li ha memorizzati.<\/p>\n<p><b>Finalit\u00e0 dei cookie<\/b><b><\/b><\/p>\n<p>Quando accedi a un sito web i cookie vengono generati e memorizzati nel tuo computer allo scopo di registrare informazioni relative alle tue precedenti visite (es. numero delle visite etc.).\u00a0\u00a0Questo significa che durante ogni successivo accesso al sito web cercheremo il tuo cookie per poter leggere le informazioni registrate. I cookie non contengono i tuoi dati personali ma permettono un veloce ed efficace accesso alle informazioni, dati e impostazioni precedentemente comunicatici nel momento di accesso al sito web. Un sito web che non \u00e8 incorporato nel nostro sito web non pu\u00f2 accedere ai nostri cookie nel tuo computer.<\/p>\n<p>La Glavotok d.o.o. analizza i dati statistici circa l\u2019utilizzo del suo sito web per ottenere informazioni circa la sua attrattivit\u00e0 e l\u2019efficienza per mezzo del servizio erogato da terzi detto Google Analytics. Le informazioni dettagliate dei terzi sul detto servizio e sulle modalit\u00e0 necessarie per le impostazioni dei cookie a disposizione degli utenti, sono disponibili nella pagina indicata di seguito:\u00a0<a href=\"http:\/\/www.google.com\/analytics\/learn\/privacy.html\">http:\/\/www.google.com\/analytics\/learn\/privacy.html<\/a>.<\/p>\n<p><b>Disattivazione dei cookie<\/b><b><\/b><\/p>\n<p>Se vuoi rifiutare l\u2019utilizzo dei cookie puoi facilmente disattivarli (o disabilitarli) nel tuo computer selezionando nella finestra Strumenti\/Opzioni questa opzione. Le ulteriori informazioni sulla gestione dei cookies sono disponibili nelle pagine del tuo browser oppure nel sito web\u00a0<a href=\"http:\/\/www.allaboutcookies.org\/\">www.allaboutcookies.org<\/a>.<\/p>\n<p><b>Trattamento dei dati personali<\/b><b><\/b><\/p>\n<p>La Glavotok d.o.o. raccoglie i tuoi dati personali per poter effettuare la manutenzione del sito web e per offrirti il servizio che desideri. I tuoi dati personali vengono utilizzati anche per informarti circa prodotti e servizi offerti dalla Glavotok d.o.o.<\/p>\n<p>La Glavotok d.o.o. non fornir\u00e0 i dati a terzi. La Glavotok d.o.o. non vender\u00e0 o nolegger\u00e0 elenchi dei clienti a terzi senza il tuo consenso.\u00a0\u00a0La Glavotok d.o.o. potr\u00e0 contattarti periodicamente a nome dei suoi partner per offerte specifiche che potrebbero interessarti. A tali terzi soggetti non sar\u00e0 permesso l\u2019utilizzo dei dati personali eccetto nel caso di erogazione di detti servizi alla Glavotok d.o.o. che \u00e8 obbligata di mantenere la privacy dei dati.<\/p>\n<p><b>Sicurezza dei tuoi dati personali<\/b><b><\/b><\/p>\n<p>La Glavotok d.o.o. protegge i tuoi dati personali da accessi, utilizzi e rilevamenti non autorizzati.\u00a0\u00a0I dati personali (es. numero della carta di credito) nella trasmissione tramite il sito web vengono protetti del codice di protezione Secure Socket Layer (SSL).<\/p>\n<p>I tuoi dati personali vengono custoditi nel server a cui possono accedere esclusivamente persone autorizzate e erogatori dei servizi.<\/p>\n<p>Altre pagine web accessibili tramite il nostro sito contengono una propria informativa sulla privacy e raccolta dati e sulle modalit\u00e0 del loro utilizzo e pubblicazione e la Glavotok d.o.o. non \u00e8 responsabile per le modalit\u00e0 e le condizioni relativi alla loro raccolta ed elaborazione da parte di terzi.<\/p>\n<\/div><\/div><\/div><div class=\"fusion-layout-column fusion_builder_column fusion-builder-column-2 fusion_builder_column_1_6 1_6 fusion-flex-column\" style=\"--awb-bg-blend:overlay;--awb-bg-size:cover;--awb-width-large:16.666666666667%;--awb-margin-top-large:0px;--awb-spacing-right-large:11.52%;--awb-margin-bottom-large:20px;--awb-spacing-left-large:11.52%;--awb-width-medium:16.666666666667%;--awb-spacing-right-medium:11.52%;--awb-spacing-left-medium:11.52%;--awb-width-small:100%;--awb-spacing-right-small:1.92%;--awb-spacing-left-small:1.92%;\"><div class=\"fusion-column-wrapper fusion-flex-justify-content-flex-start fusion-content-layout-column\"><\/div><\/div><\/div><\/div>\n","protected":false},"excerpt":{"rendered":"","protected":false},"author":1,"featured_media":0,"parent":0,"menu_order":0,"comment_status":"closed","ping_status":"open","template":"","meta":{"_acf_changed":false,"footnotes":""},"class_list":["post-6405","page","type-page","status-publish","hentry"],"acf":[],"yoast_head":"<!-- This site is optimized with the Yoast SEO plugin v27.3 - https:\/\/yoast.com\/product\/yoast-seo-wordpress\/ -->\n<title>Informativa privacy - Glavotok<\/title>\n<meta name=\"description\" content=\"La Glavotok d.o.o. protegge la tua privacy e sviluppa tecnologie che ti consentono di utilizzare Internet in modo migliore e sicuro.\" \/>\n<meta name=\"robots\" content=\"index, follow, max-snippet:-1, max-image-preview:large, max-video-preview:-1\" \/>\n<link rel=\"canonical\" href=\"https:\/\/kamp-glavotok.hr\/it\/informativa-privacy\/\" \/>\n<meta property=\"og:locale\" content=\"it_IT\" \/>\n<meta property=\"og:type\" content=\"article\" \/>\n<meta property=\"og:title\" content=\"Informativa privacy - Glavotok\" \/>\n<meta property=\"og:description\" content=\"La Glavotok d.o.o. protegge la tua privacy e sviluppa tecnologie che ti consentono di utilizzare Internet in modo migliore e sicuro.\" \/>\n<meta property=\"og:url\" content=\"https:\/\/kamp-glavotok.hr\/it\/informativa-privacy\/\" \/>\n<meta property=\"og:site_name\" content=\"Glavotok\" \/>\n<meta property=\"article:modified_time\" content=\"2026-02-17T11:54:08+00:00\" \/>\n<meta name=\"twitter:card\" content=\"summary_large_image\" \/>\n<meta name=\"twitter:label1\" content=\"Tempo di lettura stimato\" \/>\n\t<meta name=\"twitter:data1\" content=\"4 minuti\" \/>\n<script type=\"application\/ld+json\" class=\"yoast-schema-graph\">{\"@context\":\"https:\\\/\\\/schema.org\",\"@graph\":[{\"@type\":\"WebPage\",\"@id\":\"https:\\\/\\\/kamp-glavotok.hr\\\/it\\\/informativa-privacy\\\/\",\"url\":\"https:\\\/\\\/kamp-glavotok.hr\\\/it\\\/informativa-privacy\\\/\",\"name\":\"Informativa privacy - Glavotok\",\"isPartOf\":{\"@id\":\"https:\\\/\\\/kamp-glavotok.hr\\\/#website\"},\"datePublished\":\"2021-03-13T06:53:05+00:00\",\"dateModified\":\"2026-02-17T11:54:08+00:00\",\"description\":\"La Glavotok d.o.o. protegge la tua privacy e sviluppa tecnologie che ti consentono di utilizzare Internet in modo migliore e sicuro.\",\"breadcrumb\":{\"@id\":\"https:\\\/\\\/kamp-glavotok.hr\\\/it\\\/informativa-privacy\\\/#breadcrumb\"},\"inLanguage\":\"it-IT\",\"potentialAction\":[{\"@type\":\"ReadAction\",\"target\":[\"https:\\\/\\\/kamp-glavotok.hr\\\/it\\\/informativa-privacy\\\/\"]}]},{\"@type\":\"BreadcrumbList\",\"@id\":\"https:\\\/\\\/kamp-glavotok.hr\\\/it\\\/informativa-privacy\\\/#breadcrumb\",\"itemListElement\":[{\"@type\":\"ListItem\",\"position\":1,\"name\":\"Home\",\"item\":\"https:\\\/\\\/kamp-glavotok.hr\\\/it\\\/\"},{\"@type\":\"ListItem\",\"position\":2,\"name\":\"Informativa privacy\"}]},{\"@type\":\"WebSite\",\"@id\":\"https:\\\/\\\/kamp-glavotok.hr\\\/#website\",\"url\":\"https:\\\/\\\/kamp-glavotok.hr\\\/\",\"name\":\"Glavotok\",\"description\":\"Premium green camp\",\"potentialAction\":[{\"@type\":\"SearchAction\",\"target\":{\"@type\":\"EntryPoint\",\"urlTemplate\":\"https:\\\/\\\/kamp-glavotok.hr\\\/?s={search_term_string}\"},\"query-input\":{\"@type\":\"PropertyValueSpecification\",\"valueRequired\":true,\"valueName\":\"search_term_string\"}}],\"inLanguage\":\"it-IT\"}]}<\/script>\n<!-- \/ Yoast SEO plugin. -->","yoast_head_json":{"title":"Informativa privacy - Glavotok","description":"La Glavotok d.o.o. protegge la tua privacy e sviluppa tecnologie che ti consentono di utilizzare Internet in modo migliore e sicuro.","robots":{"index":"index","follow":"follow","max-snippet":"max-snippet:-1","max-image-preview":"max-image-preview:large","max-video-preview":"max-video-preview:-1"},"canonical":"https:\/\/kamp-glavotok.hr\/it\/informativa-privacy\/","og_locale":"it_IT","og_type":"article","og_title":"Informativa privacy - Glavotok","og_description":"La Glavotok d.o.o. protegge la tua privacy e sviluppa tecnologie che ti consentono di utilizzare Internet in modo migliore e sicuro.","og_url":"https:\/\/kamp-glavotok.hr\/it\/informativa-privacy\/","og_site_name":"Glavotok","article_modified_time":"2026-02-17T11:54:08+00:00","twitter_card":"summary_large_image","twitter_misc":{"Tempo di lettura stimato":"4 minuti"},"schema":{"@context":"https:\/\/schema.org","@graph":[{"@type":"WebPage","@id":"https:\/\/kamp-glavotok.hr\/it\/informativa-privacy\/","url":"https:\/\/kamp-glavotok.hr\/it\/informativa-privacy\/","name":"Informativa privacy - Glavotok","isPartOf":{"@id":"https:\/\/kamp-glavotok.hr\/#website"},"datePublished":"2021-03-13T06:53:05+00:00","dateModified":"2026-02-17T11:54:08+00:00","description":"La Glavotok d.o.o. protegge la tua privacy e sviluppa tecnologie che ti consentono di utilizzare Internet in modo migliore e sicuro.","breadcrumb":{"@id":"https:\/\/kamp-glavotok.hr\/it\/informativa-privacy\/#breadcrumb"},"inLanguage":"it-IT","potentialAction":[{"@type":"ReadAction","target":["https:\/\/kamp-glavotok.hr\/it\/informativa-privacy\/"]}]},{"@type":"BreadcrumbList","@id":"https:\/\/kamp-glavotok.hr\/it\/informativa-privacy\/#breadcrumb","itemListElement":[{"@type":"ListItem","position":1,"name":"Home","item":"https:\/\/kamp-glavotok.hr\/it\/"},{"@type":"ListItem","position":2,"name":"Informativa privacy"}]},{"@type":"WebSite","@id":"https:\/\/kamp-glavotok.hr\/#website","url":"https:\/\/kamp-glavotok.hr\/","name":"Glavotok","description":"Premium green camp","potentialAction":[{"@type":"SearchAction","target":{"@type":"EntryPoint","urlTemplate":"https:\/\/kamp-glavotok.hr\/?s={search_term_string}"},"query-input":{"@type":"PropertyValueSpecification","valueRequired":true,"valueName":"search_term_string"}}],"inLanguage":"it-IT"}]}},"_links":{"self":[{"href":"https:\/\/kamp-glavotok.hr\/it\/wp-json\/wp\/v2\/pages\/6405","targetHints":{"allow":["GET"]}}],"collection":[{"href":"https:\/\/kamp-glavotok.hr\/it\/wp-json\/wp\/v2\/pages"}],"about":[{"href":"https:\/\/kamp-glavotok.hr\/it\/wp-json\/wp\/v2\/types\/page"}],"author":[{"embeddable":true,"href":"https:\/\/kamp-glavotok.hr\/it\/wp-json\/wp\/v2\/users\/1"}],"replies":[{"embeddable":true,"href":"https:\/\/kamp-glavotok.hr\/it\/wp-json\/wp\/v2\/comments?post=6405"}],"version-history":[{"count":1,"href":"https:\/\/kamp-glavotok.hr\/it\/wp-json\/wp\/v2\/pages\/6405\/revisions"}],"predecessor-version":[{"id":6409,"href":"https:\/\/kamp-glavotok.hr\/it\/wp-json\/wp\/v2\/pages\/6405\/revisions\/6409"}],"wp:attachment":[{"href":"https:\/\/kamp-glavotok.hr\/it\/wp-json\/wp\/v2\/media?parent=6405"}],"curies":[{"name":"wp","href":"https:\/\/api.w.org\/{rel}","templated":true}]}}