{"id":6398,"date":"2025-08-20T13:33:10","date_gmt":"2025-08-20T13:33:10","guid":{"rendered":"https:\/\/kamp-glavotok.hr\/izjava-o-pristupacnosti\/"},"modified":"2026-02-17T12:09:46","modified_gmt":"2026-02-17T12:09:46","slug":"dichiarazione-di-accessibilita","status":"publish","type":"page","link":"https:\/\/kamp-glavotok.hr\/it\/dichiarazione-di-accessibilita\/","title":{"rendered":"Dichiarazione di accessibilit\u00e0"},"content":{"rendered":"<div class=\"fusion-fullwidth fullwidth-box fusion-builder-row-1 fusion-flex-container nonhundred-percent-fullwidth non-hundred-percent-height-scrolling\" style=\"--awb-border-radius-top-left:0px;--awb-border-radius-top-right:0px;--awb-border-radius-bottom-right:0px;--awb-border-radius-bottom-left:0px;--awb-flex-wrap:wrap;\" ><div class=\"fusion-builder-row fusion-row fusion-flex-align-items-flex-start fusion-flex-content-wrap\" style=\"max-width:1248px;margin-left: calc(-4% \/ 2 );margin-right: calc(-4% \/ 2 );\"><div class=\"fusion-layout-column fusion_builder_column fusion-builder-column-0 fusion_builder_column_1_6 1_6 fusion-flex-column\" style=\"--awb-bg-blend:overlay;--awb-bg-size:cover;--awb-width-large:16.666666666667%;--awb-margin-top-large:0px;--awb-spacing-right-large:11.52%;--awb-margin-bottom-large:20px;--awb-spacing-left-large:11.52%;--awb-width-medium:16.666666666667%;--awb-spacing-right-medium:11.52%;--awb-spacing-left-medium:11.52%;--awb-width-small:100%;--awb-spacing-right-small:1.92%;--awb-spacing-left-small:1.92%;\"><div class=\"fusion-column-wrapper fusion-flex-justify-content-flex-start fusion-content-layout-column\"><\/div><\/div><div class=\"fusion-layout-column fusion_builder_column fusion-builder-column-1 fusion_builder_column_2_3 2_3 fusion-flex-column\" style=\"--awb-bg-blend:overlay;--awb-bg-size:cover;--awb-width-large:66.666666666667%;--awb-margin-top-large:0px;--awb-spacing-right-large:2.88%;--awb-margin-bottom-large:20px;--awb-spacing-left-large:2.88%;--awb-width-medium:66.666666666667%;--awb-spacing-right-medium:2.88%;--awb-spacing-left-medium:2.88%;--awb-width-small:100%;--awb-spacing-right-small:1.92%;--awb-spacing-left-small:1.92%;\"><div class=\"fusion-column-wrapper fusion-flex-justify-content-flex-start fusion-content-layout-column\"><div class=\"fusion-title title fusion-title-1 fusion-sep-none fusion-title-text fusion-title-size-one\" style=\"--awb-margin-bottom:40px;--awb-margin-top-small:10px;--awb-margin-right-small:0px;--awb-margin-bottom-small:30px;--awb-margin-left-small:0px;--awb-font-size:28px;\"><h1 class=\"fusion-title-heading title-heading-left\" style=\"margin:0;font-size:1em;\">Dichiarazione di accessibilit\u00e0<\/h1><\/div><div class=\"fusion-text fusion-text-1 sm-text-align-left\" style=\"--awb-content-alignment:justify;--awb-text-transform:none;\"><p>In conformit\u00e0 all\u2019articolo 9 della Legge sull\u2019accessibilit\u00e0 dei siti web e delle soluzioni software per dispositivi mobili degli enti del settore pubblico (\u201cGazzetta Ufficiale\u201d, n. 17\/19) e alle indicazioni per assicurare l\u2019accessibilit\u00e0 dei contenuti web sviluppate dalla Web Accessibility Initiative (WAI),<\/p>\n<p>Glavotok d.o.o.<\/p>\n<p>Glavotok 4, 51500 Krk, Croazia<\/p>\n<p>emette la seguente<\/p>\n<p>DICHIARAZIONE DI ACCESSIBILIT\u00c0<\/p>\n<p>Glavotok d.o.o. si impegna a rendere il proprio sito web conforme alla Legge sull\u2019accessibilit\u00e0 dei siti web e delle soluzioni software per dispositivi mobili degli enti pubblici (Gazzetta Ufficiale n. 17\/2019), che recepisce la Direttiva (UE) 2016\/2102 del Parlamento europeo e del Consiglio.<\/p>\n<p>Allo stesso tempo, si impegna a conformarsi alle linee guida per l\u2019accessibilit\u00e0 dei contenuti web sviluppate dalla Web Accessibility Initiative (WAI).<\/p>\n<p>La presente Dichiarazione si applica al sito web: www.kamp-glavotok.hr<\/p>\n<p>.<\/p>\n<p><b>Grado di conformit\u00e0<\/b><\/p>\n<p>Questo sito web \u00e8 parzialmente conforme alla suddetta Legge sull\u2019accessibilit\u00e0 dei siti web e delle soluzioni software per dispositivi mobili degli enti pubblici (GU n. 17\/2019), alla Direttiva (UE) 2016\/2102 del Parlamento europeo e del Consiglio (UE) 2016\/2102, nonch\u00e9 alle indicazioni Web Accessibility Initiative WAI.<\/p>\n<p><b>Contenuti non accessibili<\/b><\/p>\n<p>Conformemente all\u2019articolo 8 della Legge sull\u2019accessibilit\u00e0 dei siti web e delle soluzioni software per dispositivi mobili degli enti pubblici (GU n. 17\/2019), e alla Direttiva (UE) 2016\/2102 del Parlamento europeo e del Consiglio, nonch\u00e9 alle indicazioni Web Accessibility Initiative WAI,<span class=\"Apple-converted-space\">\u00a0<\/span><\/p>\n<p>L&#8217;impresa individuale Glavotok d.o.o. ha effettuato una valutazione iniziale della conformit\u00e0 del proprio sito web ai requisiti di accessibilit\u00e0.<\/p>\n<p><b>Le irregolarit\u00e0 individuate sono le seguenti<\/b>:<\/p>\n<p>Il sito web in piccola parte non \u00e8 conforme agli standard HTML5. A causa di limitazioni tecniche non \u00e8 possibile una piena conformit\u00e0, ma ci\u00f2 non limita l\u2019accesso e l\u2019utilizzo a tutti gli utenti.<\/p>\n<p>Parte delle fotografie o dei contenuti non testuali ha carattere decorativo e non richiede descrizioni alternative, conformemente al punto 5.1.3.6. della norma europea EN 301 549 V2.1.2 (2018-08), determinate dall&#8217;articolo 7 , punto 1 della Legge sull&#8217;accessibilit\u00e0.<\/p>\n<p>Alcuni testi non sono allineati a sinistra.<\/p>\n<p>Sul sito sono presenti documenti PDF in formato immagine che non possono essere letti tramite screen reader.<\/p>\n<p>Gli elementi interattivi incorporati (slider, lettori PDF) non sono completamente gestibili dagli ausili per persone con disabilit\u00e0 e non esistono alternative.<\/p>\n<p>I testi sotto forma di immagini sono utilizzati in parti dinamiche del sito (slider, animazioni).<\/p>\n<p>Alcuni elementi che non sono sempre visibili si attivano solo al passaggio del cursore, non al clic.<\/p>\n<p>Glavotok d.o.o. sta lavorando per eliminare queste inconformit\u00e0 nel pi\u00f9 breve tempo possibile.<\/p>\n<p><b>Preparazione della dichiarazione<\/b><\/p>\n<p>Come ente del settore pubblico, Glavotok d.o.o. mira a rendere il proprio sito web <a href=\"http:\/\/www.kamp-glavotok.hr\">www.kamp-glavotok.hr<\/a> conforme alla Legge sull\u2019accessibilit\u00e0 dei siti web e delle soluzioni software per dispositivi mobili degli enti pubblici della Repubblica Croazia (GU n. 17\/2019) del 23 settembre 2019 che recepisce la Direttiva (UE) 2016\/2102 del Parlamento Europeo e il Consiglio sull&#8217;accessibilit\u00e0 dei siti web e dispositivi mobili degli enti pubblici.<\/p>\n<p>Glavotok d.o.o. implementer\u00e0 misure correttive per migliorare l\u2019accessibilit\u00e0 del proprio sito web per quanto possibile.<\/p>\n<p>Gli errori di contrasto e di ridimensionamento dei font sono stati risolti installando il plugin WP Accessibility Tools per l&#8217;accessibilit\u00e0, il quale si attiva passando con il cursore all&#8217;angolo destro del sito.<span class=\"Apple-converted-space\">\u00a0<\/span><\/p>\n<p>La presente Dichiarazione \u00e8 stata redatta il 1 luglio 2024, secondo il modello stabilito dalla Decisione di esecuzione della Commissione UE 2018\/1523 dell\u201911 ottobre 2018.<\/p>\n<p>La dichiarazione \u00e8 stata preparata mediante autovalutazione e attraverso i test degli strumenti WAVE Web Accessibility Evaluation Tool.<\/p>\n<p><b>Feedback e recapiti<\/b><\/p>\n<p>\u00c8 possibile richiedere informazioni o segnalare irregolarit\u00e0 riguardo all\u2019accessibilit\u00e0 del sito ai sensi della Legge sull&#8217;accessibilit\u00e0 dei siti web e delle soluzioni software per dispositivi mobili degli enti pubblici (GU n. 17\/2019) e della Direttiva (UE) 2016\/2102 del Parlamento Europeo e il Consiglio.<br \/>\nLe richieste si inviano in forma scritta all&#8217;impresa individuale Glavotok d.o.o. al seguente contatto:<\/p>\n<p>Indirizzo: Glavotok 4, 51500 Krk, Croazia<\/p>\n<p><b>Procedura di controllo<\/b><\/p>\n<p>La verifica del rispetto della Legge sull&#8217;accessibilit\u00e0 dei siti web e delle soluzioni software per dispositivi mobili degli enti pubblici (GU 17\/19)<span class=\"Apple-converted-space\">\u00a0 <\/span>\u00e8 effettuata dal Garante per l\u2019informazione della Repubblica di Croazia.<br \/>\nIl controllo ispettivo della Legge sull&#8217;accessibilit\u00e0 dei siti web e delle soluzioni software per dispositivi mobili degli enti pubblici (GU 17\/19) \u00e8 svolto dagli ispettori e dai funzionari autorizzati dell\u2019Ufficio del Garante.<br \/>\nPer la procedura si applicano le disposizioni della Legge sul diritto di accesso alle informazioni (NN 25\/13 e 85\/15).<\/p>\n<p>In caso di risposte insoddisfacenti, gli utenti possono rivolgersi al Garante per l\u2019informazione via :<\/p>\n<ul>\n<li>telefono: +385 51 867 880<\/li>\n<li>posta: Glavotok 4, 51500 Krk, Croazia<\/li>\n<li>e-mail: info@kamp-glavotok.hr<\/li>\n<\/ul>\n<\/div><\/div><\/div><div class=\"fusion-layout-column fusion_builder_column fusion-builder-column-2 fusion_builder_column_1_6 1_6 fusion-flex-column\" style=\"--awb-bg-blend:overlay;--awb-bg-size:cover;--awb-width-large:16.666666666667%;--awb-margin-top-large:0px;--awb-spacing-right-large:11.52%;--awb-margin-bottom-large:20px;--awb-spacing-left-large:11.52%;--awb-width-medium:16.666666666667%;--awb-spacing-right-medium:11.52%;--awb-spacing-left-medium:11.52%;--awb-width-small:100%;--awb-spacing-right-small:1.92%;--awb-spacing-left-small:1.92%;\"><div class=\"fusion-column-wrapper fusion-flex-justify-content-flex-start fusion-content-layout-column\"><\/div><\/div><\/div><\/div>\n","protected":false},"excerpt":{"rendered":"","protected":false},"author":1,"featured_media":0,"parent":0,"menu_order":0,"comment_status":"closed","ping_status":"open","template":"","meta":{"_acf_changed":false,"footnotes":""},"class_list":["post-6398","page","type-page","status-publish","hentry"],"acf":[],"yoast_head":"<!-- This site is optimized with the Yoast SEO plugin v27.3 - https:\/\/yoast.com\/product\/yoast-seo-wordpress\/ -->\n<title>Dichiarazione di accessibilit\u00e0 - Glavotok<\/title>\n<meta name=\"description\" content=\"In base all&#039;articolo 9 della Legge sull&#039;accessibilit\u00e0 dei siti web e delle soluzioni software per dispositivi mobili degli enti pubblici ...\" \/>\n<meta name=\"robots\" content=\"index, follow, max-snippet:-1, max-image-preview:large, max-video-preview:-1\" \/>\n<link rel=\"canonical\" href=\"https:\/\/kamp-glavotok.hr\/it\/dichiarazione-di-accessibilita\/\" \/>\n<meta property=\"og:locale\" content=\"it_IT\" \/>\n<meta property=\"og:type\" content=\"article\" \/>\n<meta property=\"og:title\" content=\"Dichiarazione di accessibilit\u00e0 - Glavotok\" \/>\n<meta property=\"og:description\" content=\"In base all&#039;articolo 9 della Legge sull&#039;accessibilit\u00e0 dei siti web e delle soluzioni software per dispositivi mobili degli enti pubblici ...\" \/>\n<meta property=\"og:url\" content=\"https:\/\/kamp-glavotok.hr\/it\/dichiarazione-di-accessibilita\/\" \/>\n<meta property=\"og:site_name\" content=\"Glavotok\" \/>\n<meta property=\"article:modified_time\" content=\"2026-02-17T12:09:46+00:00\" \/>\n<meta name=\"twitter:card\" content=\"summary_large_image\" \/>\n<meta name=\"twitter:label1\" content=\"Tempo di lettura stimato\" \/>\n\t<meta name=\"twitter:data1\" content=\"5 minuti\" \/>\n<script type=\"application\/ld+json\" class=\"yoast-schema-graph\">{\"@context\":\"https:\\\/\\\/schema.org\",\"@graph\":[{\"@type\":\"WebPage\",\"@id\":\"https:\\\/\\\/kamp-glavotok.hr\\\/it\\\/dichiarazione-di-accessibilita\\\/\",\"url\":\"https:\\\/\\\/kamp-glavotok.hr\\\/it\\\/dichiarazione-di-accessibilita\\\/\",\"name\":\"Dichiarazione di accessibilit\u00e0 - Glavotok\",\"isPartOf\":{\"@id\":\"https:\\\/\\\/kamp-glavotok.hr\\\/#website\"},\"datePublished\":\"2025-08-20T13:33:10+00:00\",\"dateModified\":\"2026-02-17T12:09:46+00:00\",\"description\":\"In base all'articolo 9 della Legge sull'accessibilit\u00e0 dei siti web e delle soluzioni software per dispositivi mobili degli enti pubblici ...\",\"breadcrumb\":{\"@id\":\"https:\\\/\\\/kamp-glavotok.hr\\\/it\\\/dichiarazione-di-accessibilita\\\/#breadcrumb\"},\"inLanguage\":\"it-IT\",\"potentialAction\":[{\"@type\":\"ReadAction\",\"target\":[\"https:\\\/\\\/kamp-glavotok.hr\\\/it\\\/dichiarazione-di-accessibilita\\\/\"]}]},{\"@type\":\"BreadcrumbList\",\"@id\":\"https:\\\/\\\/kamp-glavotok.hr\\\/it\\\/dichiarazione-di-accessibilita\\\/#breadcrumb\",\"itemListElement\":[{\"@type\":\"ListItem\",\"position\":1,\"name\":\"Home\",\"item\":\"https:\\\/\\\/kamp-glavotok.hr\\\/it\\\/\"},{\"@type\":\"ListItem\",\"position\":2,\"name\":\"Dichiarazione di accessibilit\u00e0\"}]},{\"@type\":\"WebSite\",\"@id\":\"https:\\\/\\\/kamp-glavotok.hr\\\/#website\",\"url\":\"https:\\\/\\\/kamp-glavotok.hr\\\/\",\"name\":\"Glavotok\",\"description\":\"Premium green camp\",\"potentialAction\":[{\"@type\":\"SearchAction\",\"target\":{\"@type\":\"EntryPoint\",\"urlTemplate\":\"https:\\\/\\\/kamp-glavotok.hr\\\/?s={search_term_string}\"},\"query-input\":{\"@type\":\"PropertyValueSpecification\",\"valueRequired\":true,\"valueName\":\"search_term_string\"}}],\"inLanguage\":\"it-IT\"}]}<\/script>\n<!-- \/ Yoast SEO plugin. -->","yoast_head_json":{"title":"Dichiarazione di accessibilit\u00e0 - Glavotok","description":"In base all'articolo 9 della Legge sull'accessibilit\u00e0 dei siti web e delle soluzioni software per dispositivi mobili degli enti pubblici ...","robots":{"index":"index","follow":"follow","max-snippet":"max-snippet:-1","max-image-preview":"max-image-preview:large","max-video-preview":"max-video-preview:-1"},"canonical":"https:\/\/kamp-glavotok.hr\/it\/dichiarazione-di-accessibilita\/","og_locale":"it_IT","og_type":"article","og_title":"Dichiarazione di accessibilit\u00e0 - Glavotok","og_description":"In base all'articolo 9 della Legge sull'accessibilit\u00e0 dei siti web e delle soluzioni software per dispositivi mobili degli enti pubblici ...","og_url":"https:\/\/kamp-glavotok.hr\/it\/dichiarazione-di-accessibilita\/","og_site_name":"Glavotok","article_modified_time":"2026-02-17T12:09:46+00:00","twitter_card":"summary_large_image","twitter_misc":{"Tempo di lettura stimato":"5 minuti"},"schema":{"@context":"https:\/\/schema.org","@graph":[{"@type":"WebPage","@id":"https:\/\/kamp-glavotok.hr\/it\/dichiarazione-di-accessibilita\/","url":"https:\/\/kamp-glavotok.hr\/it\/dichiarazione-di-accessibilita\/","name":"Dichiarazione di accessibilit\u00e0 - Glavotok","isPartOf":{"@id":"https:\/\/kamp-glavotok.hr\/#website"},"datePublished":"2025-08-20T13:33:10+00:00","dateModified":"2026-02-17T12:09:46+00:00","description":"In base all'articolo 9 della Legge sull'accessibilit\u00e0 dei siti web e delle soluzioni software per dispositivi mobili degli enti pubblici ...","breadcrumb":{"@id":"https:\/\/kamp-glavotok.hr\/it\/dichiarazione-di-accessibilita\/#breadcrumb"},"inLanguage":"it-IT","potentialAction":[{"@type":"ReadAction","target":["https:\/\/kamp-glavotok.hr\/it\/dichiarazione-di-accessibilita\/"]}]},{"@type":"BreadcrumbList","@id":"https:\/\/kamp-glavotok.hr\/it\/dichiarazione-di-accessibilita\/#breadcrumb","itemListElement":[{"@type":"ListItem","position":1,"name":"Home","item":"https:\/\/kamp-glavotok.hr\/it\/"},{"@type":"ListItem","position":2,"name":"Dichiarazione di accessibilit\u00e0"}]},{"@type":"WebSite","@id":"https:\/\/kamp-glavotok.hr\/#website","url":"https:\/\/kamp-glavotok.hr\/","name":"Glavotok","description":"Premium green camp","potentialAction":[{"@type":"SearchAction","target":{"@type":"EntryPoint","urlTemplate":"https:\/\/kamp-glavotok.hr\/?s={search_term_string}"},"query-input":{"@type":"PropertyValueSpecification","valueRequired":true,"valueName":"search_term_string"}}],"inLanguage":"it-IT"}]}},"_links":{"self":[{"href":"https:\/\/kamp-glavotok.hr\/it\/wp-json\/wp\/v2\/pages\/6398","targetHints":{"allow":["GET"]}}],"collection":[{"href":"https:\/\/kamp-glavotok.hr\/it\/wp-json\/wp\/v2\/pages"}],"about":[{"href":"https:\/\/kamp-glavotok.hr\/it\/wp-json\/wp\/v2\/types\/page"}],"author":[{"embeddable":true,"href":"https:\/\/kamp-glavotok.hr\/it\/wp-json\/wp\/v2\/users\/1"}],"replies":[{"embeddable":true,"href":"https:\/\/kamp-glavotok.hr\/it\/wp-json\/wp\/v2\/comments?post=6398"}],"version-history":[{"count":1,"href":"https:\/\/kamp-glavotok.hr\/it\/wp-json\/wp\/v2\/pages\/6398\/revisions"}],"predecessor-version":[{"id":6402,"href":"https:\/\/kamp-glavotok.hr\/it\/wp-json\/wp\/v2\/pages\/6398\/revisions\/6402"}],"wp:attachment":[{"href":"https:\/\/kamp-glavotok.hr\/it\/wp-json\/wp\/v2\/media?parent=6398"}],"curies":[{"name":"wp","href":"https:\/\/api.w.org\/{rel}","templated":true}]}}