{"id":5587,"date":"2025-09-09T10:20:26","date_gmt":"2025-09-09T10:20:26","guid":{"rendered":"https:\/\/kamp-glavotok.hr\/povijest-drustva\/"},"modified":"2026-02-17T12:59:24","modified_gmt":"2026-02-17T12:59:24","slug":"storia-della-societa","status":"publish","type":"page","link":"https:\/\/kamp-glavotok.hr\/it\/storia-della-societa\/","title":{"rendered":"Storia della societ\u00e0"},"content":{"rendered":"<div class=\"fusion-fullwidth fullwidth-box fusion-builder-row-1 fusion-flex-container has-pattern-background has-mask-background nonhundred-percent-fullwidth non-hundred-percent-height-scrolling\" style=\"--link_hover_color: var(--awb-color5);--link_color: var(--awb-color5);--awb-background-position:right top;--awb-background-blend-mode:overlay;--awb-border-color:var(--awb-color1);--awb-border-radius-top-left:0px;--awb-border-radius-top-right:0px;--awb-border-radius-bottom-right:0px;--awb-border-radius-bottom-left:0px;--awb-padding-top:100px;--awb-padding-bottom:120px;--awb-padding-top-medium:90px;--awb-padding-bottom-medium:90px;--awb-padding-top-small:65px;--awb-padding-bottom-small:60px;--awb-margin-bottom-medium:0px;--awb-background-color:var(--awb-color1);--awb-flex-wrap:wrap;\" ><div class=\"fusion-builder-row fusion-row fusion-flex-align-items-center fusion-flex-content-wrap\" style=\"max-width:1248px;margin-left: calc(-4% \/ 2 );margin-right: calc(-4% \/ 2 );\"><div class=\"fusion-layout-column fusion_builder_column fusion-builder-column-0 fusion-flex-column fusion-flex-align-self-stretch\" style=\"--awb-bg-position:center center;--awb-bg-size:cover;--awb-width-large:52%;--awb-margin-top-large:0px;--awb-spacing-right-large:72px;--awb-margin-bottom-large:0px;--awb-spacing-left-large:3.6923076923077%;--awb-width-medium:40%;--awb-order-medium:0;--awb-spacing-right-medium:70px;--awb-spacing-left-medium:4.8%;--awb-width-small:100%;--awb-order-small:0;--awb-spacing-right-small:1.92%;--awb-margin-bottom-small:20px;--awb-spacing-left-small:1.92%;\" data-scroll-devices=\"small-visibility,medium-visibility,large-visibility\"><div class=\"fusion-column-wrapper lazyload fusion-column-has-shadow fusion-flex-justify-content-flex-start fusion-content-layout-column fusion-empty-column-bg-image fusion-column-has-bg-image\" data-bg-url=\"https:\/\/kamp-glavotok.hr\/wp-content\/uploads\/2025\/12\/Povijest-drustva-3.jpeg\" data-bg=\"https:\/\/kamp-glavotok.hr\/wp-content\/uploads\/2025\/12\/Povijest-drustva-3.jpeg\"><img decoding=\"async\" class=\"fusion-empty-dims-img-placeholder\" alt=\"Povijest dru\u0161tva\" aria-label=\"Povijest dru\u0161tva\" src=\"data:image\/svg+xml,%3Csvg%20xmlns%3D%27http%3A%2F%2Fwww.w3.org%2F2000%2Fsvg%27%20width%3D%27553%27%20height%3D%27800%27%20viewBox%3D%270%200%20553%20800%27%3E%3Crect%20width%3D%27553%27%20height%3D%27800%27%20fill-opacity%3D%220%22%2F%3E%3C%2Fsvg%3E\"><\/div><\/div><div class=\"fusion-layout-column fusion_builder_column fusion-builder-column-1 fusion-flex-column fusion-animated\" style=\"--awb-padding-top:30px;--awb-padding-bottom:30px;--awb-padding-bottom-medium:0px;--awb-padding-top-small:5px;--awb-bg-size:cover;--awb-width-large:48%;--awb-margin-top-large:0px;--awb-spacing-right-large:4%;--awb-margin-bottom-large:0px;--awb-spacing-left-large:20px;--awb-width-medium:60%;--awb-order-medium:0;--awb-spacing-right-medium:3.2%;--awb-spacing-left-medium:20px;--awb-width-small:100%;--awb-order-small:0;--awb-spacing-right-small:1.92%;--awb-spacing-left-small:2.4%;\" data-animationType=\"fadeInRight\" data-animationDuration=\"1.3\" data-animationOffset=\"top-into-view\"><div class=\"fusion-column-wrapper fusion-column-has-shadow fusion-flex-justify-content-flex-start fusion-content-layout-column\"><div class=\"fusion-title title fusion-title-1 fusion-no-small-visibility fusion-sep-none fusion-title-text fusion-title-size-two\" style=\"--awb-margin-bottom:30px;--awb-margin-top-small:10px;--awb-margin-right-small:0px;--awb-margin-bottom-small:10px;--awb-margin-left-small:0px;\"><h2 class=\"fusion-title-heading title-heading-left\" style=\"margin:0;\">Le Origini del Campeggio e la Fondazione della Societ\u00e0<\/h2><\/div><div class=\"fusion-title title fusion-title-2 fusion-no-medium-visibility fusion-no-large-visibility fusion-sep-none fusion-title-text fusion-title-size-two\" style=\"--awb-margin-bottom:30px;--awb-margin-top-small:10px;--awb-margin-right-small:0px;--awb-margin-bottom-small:10px;--awb-margin-left-small:0px;--awb-font-size:30px;\"><h2 class=\"fusion-title-heading title-heading-left\" style=\"margin:0;font-size:1em;\">Le Origini del Campeggio e la Fondazione della Societ\u00e0<\/h2><\/div><div class=\"fusion-text fusion-text-1 fusion-text-no-margin\" style=\"--awb-margin-top:0px;--awb-margin-right:0px;--awb-margin-bottom:10px;--awb-margin-left:0px;\"><p>Il dottor Antun Milohni\u0107 \u00e8 nato nel 1877 a Milohni\u0107i (parrocchia di Linardi\u0107i) ed \u00e8 cresciuto in una modesta famiglia di contadini con altri sei fratelli. Ha studiato a Vienna ed \u00e8 diventato un illustre medico e ha trascorso tutta la sua vita lavorativa come primario in una clinica viennese.<\/p>\n<p>Tornato in patria nel 1927, il dottor Milohni\u0107 acquista dai francescani a Glavotok un terreno, sul quale costru\u00ec una casa vicino al mare nel 1939.<\/p>\n<p>A causa delle condizioni climatiche molto favorevoli a Glavotok, il dottor Milohni\u0107 ha aperto un&#8217;infermeria per la cura delle malattie respiratorie. Aveva anche un piano ambizioso per aprire una clinica, ma a causa delle circostanze della guerra, quel sogno non si \u00e8 avverato.<\/p>\n<p>Sebbene nel frattempo (negli anni &#8217;60) sia stato istituito un campeggio all&#8217;interno dell&#8217;azienda Brodokomerc di Malinska, il campeggio ha conosciuto il suo vero sviluppo dopo il 1991, quando era gestito dall&#8217;azienda di famiglia del successore del dottor Milohni\u0107.<\/p>\n<p>I discendenti del dottor Milohni\u0107, affascinati dall&#8217;idea del loro antenato, fondarono l&#8217;azienda Glavotok d.o.o. nel 1991. con l&#8217;obiettivo di fornire servizi di alloggio ai campeggiatori sull&#8217;ampio terreno intorno alla villa a Glavotok.<\/p>\n<\/div><\/div><\/div><\/div><\/div>\n","protected":false},"excerpt":{"rendered":"","protected":false},"author":1,"featured_media":0,"parent":0,"menu_order":0,"comment_status":"closed","ping_status":"closed","template":"100-width.php","meta":{"_acf_changed":false,"footnotes":""},"class_list":["post-5587","page","type-page","status-publish","hentry"],"acf":[],"yoast_head":"<!-- This site is optimized with the Yoast SEO plugin v27.3 - https:\/\/yoast.com\/product\/yoast-seo-wordpress\/ -->\n<title>Storia della societ\u00e0 - Glavotok<\/title>\n<meta name=\"description\" content=\"Il dottor Antun Milohni\u0107 \u00e8 nato nel 1877 a Milohni\u0107i (parrocchia di Linardi\u0107i) ed \u00e8 cresciuto in una modesta famiglia di contadini con altri sei fratelli.\" \/>\n<meta name=\"robots\" content=\"index, follow, max-snippet:-1, max-image-preview:large, max-video-preview:-1\" \/>\n<link rel=\"canonical\" href=\"https:\/\/kamp-glavotok.hr\/it\/storia-della-societa\/\" \/>\n<meta property=\"og:locale\" content=\"it_IT\" \/>\n<meta property=\"og:type\" content=\"article\" \/>\n<meta property=\"og:title\" content=\"Storia della societ\u00e0 - Glavotok\" \/>\n<meta property=\"og:description\" content=\"Il dottor Antun Milohni\u0107 \u00e8 nato nel 1877 a Milohni\u0107i (parrocchia di Linardi\u0107i) ed \u00e8 cresciuto in una modesta famiglia di contadini con altri sei fratelli.\" \/>\n<meta property=\"og:url\" content=\"https:\/\/kamp-glavotok.hr\/it\/storia-della-societa\/\" \/>\n<meta property=\"og:site_name\" content=\"Glavotok\" \/>\n<meta property=\"article:modified_time\" content=\"2026-02-17T12:59:24+00:00\" \/>\n<meta name=\"twitter:card\" content=\"summary_large_image\" \/>\n<meta name=\"twitter:label1\" content=\"Tempo di lettura stimato\" \/>\n\t<meta name=\"twitter:data1\" content=\"2 minuti\" \/>\n<script type=\"application\/ld+json\" class=\"yoast-schema-graph\">{\"@context\":\"https:\\\/\\\/schema.org\",\"@graph\":[{\"@type\":\"WebPage\",\"@id\":\"https:\\\/\\\/kamp-glavotok.hr\\\/it\\\/storia-della-societa\\\/\",\"url\":\"https:\\\/\\\/kamp-glavotok.hr\\\/it\\\/storia-della-societa\\\/\",\"name\":\"Storia della societ\u00e0 - Glavotok\",\"isPartOf\":{\"@id\":\"https:\\\/\\\/kamp-glavotok.hr\\\/#website\"},\"datePublished\":\"2025-09-09T10:20:26+00:00\",\"dateModified\":\"2026-02-17T12:59:24+00:00\",\"description\":\"Il dottor Antun Milohni\u0107 \u00e8 nato nel 1877 a Milohni\u0107i (parrocchia di Linardi\u0107i) ed \u00e8 cresciuto in una modesta famiglia di contadini con altri sei fratelli.\",\"breadcrumb\":{\"@id\":\"https:\\\/\\\/kamp-glavotok.hr\\\/it\\\/storia-della-societa\\\/#breadcrumb\"},\"inLanguage\":\"it-IT\",\"potentialAction\":[{\"@type\":\"ReadAction\",\"target\":[\"https:\\\/\\\/kamp-glavotok.hr\\\/it\\\/storia-della-societa\\\/\"]}]},{\"@type\":\"BreadcrumbList\",\"@id\":\"https:\\\/\\\/kamp-glavotok.hr\\\/it\\\/storia-della-societa\\\/#breadcrumb\",\"itemListElement\":[{\"@type\":\"ListItem\",\"position\":1,\"name\":\"Home\",\"item\":\"https:\\\/\\\/kamp-glavotok.hr\\\/it\\\/\"},{\"@type\":\"ListItem\",\"position\":2,\"name\":\"Storia della societ\u00e0\"}]},{\"@type\":\"WebSite\",\"@id\":\"https:\\\/\\\/kamp-glavotok.hr\\\/#website\",\"url\":\"https:\\\/\\\/kamp-glavotok.hr\\\/\",\"name\":\"Glavotok\",\"description\":\"Premium green camp\",\"potentialAction\":[{\"@type\":\"SearchAction\",\"target\":{\"@type\":\"EntryPoint\",\"urlTemplate\":\"https:\\\/\\\/kamp-glavotok.hr\\\/?s={search_term_string}\"},\"query-input\":{\"@type\":\"PropertyValueSpecification\",\"valueRequired\":true,\"valueName\":\"search_term_string\"}}],\"inLanguage\":\"it-IT\"}]}<\/script>\n<!-- \/ Yoast SEO plugin. -->","yoast_head_json":{"title":"Storia della societ\u00e0 - Glavotok","description":"Il dottor Antun Milohni\u0107 \u00e8 nato nel 1877 a Milohni\u0107i (parrocchia di Linardi\u0107i) ed \u00e8 cresciuto in una modesta famiglia di contadini con altri sei fratelli.","robots":{"index":"index","follow":"follow","max-snippet":"max-snippet:-1","max-image-preview":"max-image-preview:large","max-video-preview":"max-video-preview:-1"},"canonical":"https:\/\/kamp-glavotok.hr\/it\/storia-della-societa\/","og_locale":"it_IT","og_type":"article","og_title":"Storia della societ\u00e0 - Glavotok","og_description":"Il dottor Antun Milohni\u0107 \u00e8 nato nel 1877 a Milohni\u0107i (parrocchia di Linardi\u0107i) ed \u00e8 cresciuto in una modesta famiglia di contadini con altri sei fratelli.","og_url":"https:\/\/kamp-glavotok.hr\/it\/storia-della-societa\/","og_site_name":"Glavotok","article_modified_time":"2026-02-17T12:59:24+00:00","twitter_card":"summary_large_image","twitter_misc":{"Tempo di lettura stimato":"2 minuti"},"schema":{"@context":"https:\/\/schema.org","@graph":[{"@type":"WebPage","@id":"https:\/\/kamp-glavotok.hr\/it\/storia-della-societa\/","url":"https:\/\/kamp-glavotok.hr\/it\/storia-della-societa\/","name":"Storia della societ\u00e0 - Glavotok","isPartOf":{"@id":"https:\/\/kamp-glavotok.hr\/#website"},"datePublished":"2025-09-09T10:20:26+00:00","dateModified":"2026-02-17T12:59:24+00:00","description":"Il dottor Antun Milohni\u0107 \u00e8 nato nel 1877 a Milohni\u0107i (parrocchia di Linardi\u0107i) ed \u00e8 cresciuto in una modesta famiglia di contadini con altri sei fratelli.","breadcrumb":{"@id":"https:\/\/kamp-glavotok.hr\/it\/storia-della-societa\/#breadcrumb"},"inLanguage":"it-IT","potentialAction":[{"@type":"ReadAction","target":["https:\/\/kamp-glavotok.hr\/it\/storia-della-societa\/"]}]},{"@type":"BreadcrumbList","@id":"https:\/\/kamp-glavotok.hr\/it\/storia-della-societa\/#breadcrumb","itemListElement":[{"@type":"ListItem","position":1,"name":"Home","item":"https:\/\/kamp-glavotok.hr\/it\/"},{"@type":"ListItem","position":2,"name":"Storia della societ\u00e0"}]},{"@type":"WebSite","@id":"https:\/\/kamp-glavotok.hr\/#website","url":"https:\/\/kamp-glavotok.hr\/","name":"Glavotok","description":"Premium green camp","potentialAction":[{"@type":"SearchAction","target":{"@type":"EntryPoint","urlTemplate":"https:\/\/kamp-glavotok.hr\/?s={search_term_string}"},"query-input":{"@type":"PropertyValueSpecification","valueRequired":true,"valueName":"search_term_string"}}],"inLanguage":"it-IT"}]}},"_links":{"self":[{"href":"https:\/\/kamp-glavotok.hr\/it\/wp-json\/wp\/v2\/pages\/5587","targetHints":{"allow":["GET"]}}],"collection":[{"href":"https:\/\/kamp-glavotok.hr\/it\/wp-json\/wp\/v2\/pages"}],"about":[{"href":"https:\/\/kamp-glavotok.hr\/it\/wp-json\/wp\/v2\/types\/page"}],"author":[{"embeddable":true,"href":"https:\/\/kamp-glavotok.hr\/it\/wp-json\/wp\/v2\/users\/1"}],"replies":[{"embeddable":true,"href":"https:\/\/kamp-glavotok.hr\/it\/wp-json\/wp\/v2\/comments?post=5587"}],"version-history":[{"count":3,"href":"https:\/\/kamp-glavotok.hr\/it\/wp-json\/wp\/v2\/pages\/5587\/revisions"}],"predecessor-version":[{"id":8118,"href":"https:\/\/kamp-glavotok.hr\/it\/wp-json\/wp\/v2\/pages\/5587\/revisions\/8118"}],"wp:attachment":[{"href":"https:\/\/kamp-glavotok.hr\/it\/wp-json\/wp\/v2\/media?parent=5587"}],"curies":[{"name":"wp","href":"https:\/\/api.w.org\/{rel}","templated":true}]}}