{"id":5235,"date":"2025-09-09T09:38:45","date_gmt":"2025-09-09T09:38:45","guid":{"rendered":"https:\/\/kamp-glavotok.hr\/kucni-red\/"},"modified":"2026-02-17T11:29:42","modified_gmt":"2026-02-17T11:29:42","slug":"il-regolamento-interno","status":"publish","type":"page","link":"https:\/\/kamp-glavotok.hr\/it\/il-regolamento-interno\/","title":{"rendered":"Il regolamento interno"},"content":{"rendered":"<div class=\"fusion-fullwidth fullwidth-box fusion-builder-row-1 fusion-flex-container has-pattern-background has-mask-background nonhundred-percent-fullwidth non-hundred-percent-height-scrolling\" style=\"--awb-background-position:left top;--awb-border-sizes-top:0px;--awb-border-sizes-bottom:0px;--awb-border-sizes-left:0px;--awb-border-sizes-right:0px;--awb-border-radius-top-left:0px;--awb-border-radius-top-right:0px;--awb-border-radius-bottom-right:0px;--awb-border-radius-bottom-left:0px;--awb-padding-top:100px;--awb-padding-bottom:0px;--awb-padding-top-medium:90px;--awb-padding-bottom-medium:90px;--awb-padding-top-small:65px;--awb-padding-bottom-small:40px;--awb-margin-bottom-medium:0px;--awb-background-color:var(--awb-color1);--awb-flex-wrap:wrap;\" ><div class=\"fusion-builder-row fusion-row fusion-flex-align-items-flex-start fusion-flex-justify-content-flex-end fusion-flex-content-wrap\" style=\"max-width:calc( 1200px + 80px );margin-left: calc(-80px \/ 2 );margin-right: calc(-80px \/ 2 );\"><div class=\"fusion-layout-column fusion_builder_column fusion-builder-column-0 fusion_builder_column_1_1 1_1 fusion-flex-column fusion-column-no-min-height fusion-animated\" style=\"--awb-padding-right-medium:0px;--awb-padding-left-medium:0px;--awb-bg-blend:overlay;--awb-bg-size:cover;--awb-width-large:100%;--awb-margin-top-large:0px;--awb-spacing-right-large:40px;--awb-margin-bottom-large:50px;--awb-spacing-left-large:40px;--awb-width-medium:50%;--awb-order-medium:0;--awb-spacing-right-medium:40px;--awb-margin-bottom-medium:49px;--awb-spacing-left-medium:40px;--awb-width-small:100%;--awb-order-small:0;--awb-spacing-right-small:40px;--awb-margin-bottom-small:0px;--awb-spacing-left-small:40px;\" data-animationType=\"fadeIn\" data-animationDuration=\"0.8\" data-animationOffset=\"top-into-view\" data-scroll-devices=\"small-visibility,medium-visibility,large-visibility\"><div class=\"fusion-column-wrapper fusion-column-has-shadow fusion-flex-justify-content-flex-start fusion-content-layout-column\"><div class=\"fusion-title title fusion-title-1 fusion-no-small-visibility fusion-sep-none fusion-title-text fusion-title-size-three\" style=\"--awb-margin-bottom:0px;--awb-margin-top-small:10px;--awb-margin-right-small:0px;--awb-margin-bottom-small:10px;--awb-margin-left-small:0px;\"><h3 class=\"fusion-title-heading title-heading-left\" style=\"margin:0;\">Regolamento interno del campeggio<\/h3><\/div><div class=\"fusion-title title fusion-title-2 fusion-no-medium-visibility fusion-no-large-visibility fusion-sep-none fusion-title-text fusion-title-size-three\" style=\"--awb-margin-bottom:0px;--awb-margin-top-small:10px;--awb-margin-right-small:0px;--awb-margin-bottom-small:30px;--awb-margin-left-small:0px;--awb-font-size:30px;\"><h3 class=\"fusion-title-heading title-heading-left\" style=\"margin:0;font-size:1em;\">Regolamento interno del campeggio<\/h3><\/div><\/div><\/div><div class=\"fusion-layout-column fusion_builder_column fusion-builder-column-1 fusion_builder_column_1_1 1_1 fusion-flex-column fusion-column-no-min-height fusion-animated\" style=\"--awb-padding-right-medium:0px;--awb-padding-left-medium:0px;--awb-bg-blend:overlay;--awb-bg-size:cover;--awb-width-large:100%;--awb-margin-top-large:0px;--awb-spacing-right-large:40px;--awb-margin-bottom-large:50px;--awb-spacing-left-large:40px;--awb-width-medium:50%;--awb-order-medium:0;--awb-spacing-right-medium:40px;--awb-margin-bottom-medium:49px;--awb-spacing-left-medium:40px;--awb-width-small:100%;--awb-order-small:0;--awb-spacing-right-small:40px;--awb-margin-bottom-small:30px;--awb-spacing-left-small:40px;\" data-animationType=\"fadeIn\" data-animationDuration=\"0.8\" data-animationOffset=\"top-into-view\" data-scroll-devices=\"small-visibility,medium-visibility,large-visibility\"><div class=\"fusion-column-wrapper fusion-column-has-shadow fusion-flex-justify-content-flex-start fusion-content-layout-column\"><div class=\"fusion-text fusion-text-1 fusion-text-no-margin\" style=\"--awb-text-color:hsla(var(--awb-color8-h),var(--awb-color8-s),var(--awb-color8-l),calc(var(--awb-color8-a) - 20%));--awb-margin-bottom:10px;\"><p><b>1)\u00a0 \u00a0 \u00a0 DISPOSIZIONI GENERALI<\/b><b><\/b><\/p>\n<ol>\n<li>Il Regolamento interno del campeggio \u00e8 adottato al fine di tutelare gli interessi di tutti gli ospiti (di seguito: campeggiatori) nel campeggio.<\/li>\n<li>Il presente Regolamento prescrive gli obblighi di condotta dei campeggiatori nell&#8217;utilizzo di tutti i servizi del campeggio, nonch\u00e9 le modalit\u00e0 di utilizzo dei dispositivi e delle attrezzature all&#8217;interno del campeggio.<\/li>\n<\/ol>\n<p><b>2)\u00a0 \u00a0 \u00a0 CHECK-IN E CHECK-OUT<\/b><b><\/b><\/p>\n<ol>\n<li>All&#8217;arrivo al campeggio, il campeggiatore \u00e8 obbligato a registrarsi (check-in) presso la reception del campeggio. Al momento del check-in, il campeggiatore \u00e8 obbligato a presentare i documenti d\u2019identit\u00e0 di tutte le persone che, insieme a lui, soggiornano nel campeggio per la loro iscrizione nel Registro degli Ospiti, nonch\u00e9 ad elencare tutte le attrezzature da campeggio aggiuntive che avr\u00e0 sulla piazzola. \u00c8 vietato l&#8217;ingresso o l&#8217;introduzione nel campeggio di persone non registrate.<\/li>\n<li>Prima di lasciare il campeggio, il campeggiatore \u00e8 tenuto a effettuare il check-out e a pagare il prezzo per i servizi di cui abbia usufruito, tasse comprese. Il pagamento del conto finale sar\u00e0 possibile dalle ore 08.00 alle ore 12.00 per partenze previste il giorno stesso e dalle ore 18.00 alle ore 20.00 per partenze previste il giorno successivo. Se il check-out avviene dopo le 12:00, all\u2019ospite sar\u00e0 addebitato un altro giorno di soggiorno. A ogni pagamento effettuato dal campeggiatore nella struttura, gli sar\u00e0 rilasciata regolare ricevuta fiscale (fattura).<\/li>\n<li>L&#8217;accesso dei visitatori estranei al campeggio pu\u00f2 essere autorizzato esclusivamente dalla reception.<\/li>\n<li>All\u2019arrivo la piazzola sar\u00e0 disponibile dalle ore 13.00 in poi, mentre alla partenza dovr\u00e0 essere liberata entro le ore 12.00. Le unit\u00e0 ricettive (ville, case mobili e bungalow) saranno disponibili dalle ore 16.00 in poi, mentre alla partenza dovranno essere liberate entro le ore 10.00.<\/li>\n<\/ol>\n<p><b>3)\u00a0 \u00a0 \u00a0 USO DELLA PIAZZOLA<\/b><b><\/b><\/p>\n<ol>\n<li>La piazzola, ossia lo spazio previsto per piazzare l&#8217;attrezzatura da campeggio e per parcheggiare il veicolo del campeggiatore, \u00e8 assegnata dalla reception del campeggio in base alle piazzole disponibili o allo spazio non numerato interno al campeggio.<\/li>\n<li>L\u2019attivit\u00e0 di campeggio \u00e8 consentita soltanto all\u2019interno dell&#8217;area adibita a campeggio (piazzole numerate).<\/li>\n<li>Al campeggiatore \u00e8 fatto divieto di modificare arbitrariamente la piazzola assegnatagli senza il consenso della reception del campeggio.<\/li>\n<li>\u00c8 vietato parcheggiare veicoli (per soste brevi o lunghe) lungo le strade del campeggio.<\/li>\n<li>Prima di lasciare il campeggio, il campeggiatore \u00e8 obbligato a riassettare la propria piazzola, riportandola allo stato in cui era quando gli \u00e8 stata assegnata.<\/li>\n<\/ol>\n<p><b>4)\u00a0 \u00a0 \u00a0 UTILIZZO DEI DISPOSITIVI E DELLE ATTREZZATURE<\/b><\/p>\n<ol>\n<li>I campeggiatori possono utilizzare dispositivi e attrezzature elettrici e infrastrutture comunali. I campeggiatori sono tenuti ad utilizzare i dispositivi e le attrezzature correttamente, ossia per il fine cui sono destinati.<\/li>\n<li>\u00c8 vietato l&#8217;uso di elettrodomestici (fornelli, frigoriferi, condizionatori, ecc.) che non siano standardizzati per l&#8217;uso in campeggio.<\/li>\n<li>Il lavaggio di stoviglie e biancheria \u00e8 consentito solo nelle aree designate.<\/li>\n<li>All&#8217;interno del campeggio \u00e8 vietato lavare l\u2019auto, cambiare l\u2019olio al motore dei veicoli, ecc.<\/li>\n<li>I lavabi, i lavelli, le docce, gli orinatoi e i WC vanno utilizzati in modo corretto, conformemente allo scopo cui sono destinati, tenendo conto che si tratta di sanitari destinati all\u2019uso comune di tutti i campeggiatori.<\/li>\n<li>L\u2019allaccio e la disconnessione dall&#8217;impianto di alimentazione elettrica (armadio di distribuzione) sono effettuati esclusivamente da persona autorizzata del campeggio.<\/li>\n<\/ol>\n<p><b>5)\u00a0 \u00a0 \u00a0 CUSTODIA DEGLI EFFETTI PERSONALI E RESPONSABILIT\u00c0 PER GLI INFORTUNI NEL CAMPEGGIO<\/b><b><\/b><\/p>\n<ol>\n<li>All\u2019interno del campeggio, ogni campeggiatore deve aver cura dei propri beni ed effetti personali.<\/li>\n<li>La direzione del campeggio \u00e8 manlevata da qualsiasi responsabilit\u00e0 per gli oggetti smarriti o danneggiati di propriet\u00e0 dei campeggiatori, oltre che per gli infortuni o le lesioni occorsi nel campeggio e dovuti a personale negligenza del campeggiatore.<\/li>\n<\/ol>\n<p><b>6)\u00a0 \u00a0 \u00a0 TUTELA AMBIENTALE NEL CAMPEGGIO<\/b><b><\/b><\/p>\n<ol>\n<li>I campeggiatori sono obbligati a riporre i rifiuti solidi negli appositi mastelli a loro disposizione all\u2019interno del campeggio.<\/li>\n<li>\u00c8 vietato riporre o gettare rifiuti solidi fuori dagli appositi mastelli.<\/li>\n<li>I campeggiatori sono obbligati a mantenere ordinata e pulita la piazzola loro assegnata.<\/li>\n<li>I campeggiatori sono tenuti al rispetto del verde all\u2019interno del campeggio.<\/li>\n<li>\u00c8 vietato strappare rami o danneggiare (piantare chiodi) e abbattere alberi.<\/li>\n<\/ol>\n<p><b>7)\u00a0 \u00a0 \u00a0 ORDINE PUBBLICO E QUIETE NEL CAMPEGGIO<\/b><b><\/b><\/p>\n<ol>\n<li>I campeggiatori sono tenuti al rispetto dell&#8217;ordine pubblico e della quiete nel campeggio.<\/li>\n<li>La quiete notturna nel campeggio dura dalle ore 23.00 alle ore 07.00. Durante questo periodo, gli ospiti non possono essere sistemati nelle unit\u00e0 abitative del campeggio, n\u00e9 possono lasciare il campeggio in caso di partenza notturna.<\/li>\n<li>Gli ospiti che arrivano dopo le ore 22.00 saranno sistemati nel parcheggio del campeggio previa registrazione presso la reception del campeggio.<\/li>\n<li>Durante il periodo di quiete, \u00e8 vietato l\u2019uso di apparecchi radiofonici e televisivi, cos\u00ec come produrre rumori molesti (con urla, canti) tali da infastidire gli altri ospiti del campeggio.<\/li>\n<\/ol>\n<p><b>8)\u00a0 \u00a0 \u00a0 PROTEZIONE ANTINCENDIO<\/b><b><\/b><\/p>\n<ol>\n<li>Il campeggio \u00e8 dotato di attrezzature e mezzi antincendio, che devono essere utilizzati da tutti i campeggiatori e da una squadra antincendio organizzata dalla direzione del campeggio.<\/li>\n<li>\u00c8 vietato accendere fuochi o focolari improvvisati, tranne che su barbecue standard. Nei casi in cui vi sia un oggettivo pericolo di incendio, \u00e8 vietato accendere qualsiasi fuoco libero.<\/li>\n<li>\u00c8 vietato introdurre nel campeggio combustibili facilmente infiammabili, esplosivi, ecc.<\/li>\n<li>In caso di incendio nel campeggio o nelle sue immediate vicinanze, \u00e8 dovere del campeggiatore partecipare alle operazioni di estinzione organizzata.<\/li>\n<\/ol>\n<p><b>9)\u00a0 \u00a0 \u00a0 IN CAMPEGGIO CON I PROPRIO CANE<\/b><b><\/b><\/p>\n<ol>\n<li>\u00c8 obbligo del proprietario-campeggiatore registrare il proprio cane al momento del check-in alla reception del campeggio.<\/li>\n<li>Il cane deve essere costantemente sotto il controllo e sotto la supervisione del proprietario.<\/li>\n<li>\u00c8 obbligatorio condurre i cani al guinzaglio in tutto il campeggio, mentre i cani di taglia pi\u00f9 grossa devono avere la museruola ed essere tenuti al guinzaglio corto.<\/li>\n<li>Non sar\u00e0 tollerato l&#8217;abbaiare prolungato dei cani durante il riposo notturno. La quiete notturna dalle ore 23.00 alle ore 7.00 vale anche per i cani.<\/li>\n<li>I proprietari sono responsabili per eventuali danni causati dai loro cani ad altri cani, alle persone o ai beni del campeggio.<\/li>\n<li>Il proprietario \u00e8 obbligato a raccogliere gli escrementi del proprio cane e a riporli in un sacchetto, che getter\u00e0 negli appositi contenitori.<\/li>\n<li>La balneazione in mare dei cani \u00e8 consentita solo nelle aree loro riservate.<\/li>\n<li>In caso di grave infrazione e ripetute violazioni alle norme di questo regolamento, il campeggio Glavotok si riserva il diritto di espellere dal campeggio il proprietario del cane.<\/li>\n<\/ol>\n<p><b>10)\u00a0 \u00a0ALTRE REGOLE<\/b><b><\/b><\/p>\n<ol>\n<li>Il campeggiatore ha il dovere di segnalare alla reception del campeggio ogni danno, ogni guasto agli impianti e alle attrezzature e ogni eventuale inosservanza del presente Regolamento.<\/li>\n<li>Qualora non fosse soddisfatto del lavoro e dei servizi del campeggio, il campeggiatore (visitatore) pu\u00f2 presentare un reclamo scritto:<\/li>\n<\/ol>\n<ul>\n<li>personalmente, nei locali di questa struttura ricettiva<\/li>\n<li>per posta all&#8217;indirizzo: Glavotok d.o.o., Glavotok 4, 51500 Krk (Veglia)<\/li>\n<li>all&#8217;indirizzo e-mail: info@kamp-glavotok.hr<\/li>\n<\/ul>\n<p><b>11)\u00a0 \u00a0CONSEGUENZE DEL MANCATO RISPETTO DEL REGOLAMENTO NEL CAMP<\/b><b><\/b><\/p>\n<ol>\n<li>Il campeggiatore \u00e8 tenuto al rispetto di tutte le disposizioni del presente Regolamento.<\/li>\n<li>In caso di inosservanza delle norme prescritte, la Direzione del campeggio pu\u00f2 revocare l&#8217;erogazione dei servizi al campeggiatore.<\/li>\n<li>Nei casi di revoca dell\u2019erogazione dei servizi secondo quanto previsto dal comma 2 del presente punto, il campeggiatore \u00e8 tenuto al risarcimento del danno arrecato.<\/li>\n<\/ol>\n<p>Per ogni ulteriore informazione, si prega di contattare la reception del campeggio.<\/p>\n<p>Ringraziandovi dell&#8217;attenzione, vi auguriamo una piacevole vacanza nel nostro campeggio.<\/p>\n<p>LA DIREZIONE DEL CAMPEGGIO<\/p>\n<\/div><\/div><\/div><\/div><\/div>\n","protected":false},"excerpt":{"rendered":"","protected":false},"author":1,"featured_media":0,"parent":0,"menu_order":0,"comment_status":"closed","ping_status":"closed","template":"100-width.php","meta":{"_acf_changed":false,"footnotes":""},"class_list":["post-5235","page","type-page","status-publish","hentry"],"acf":[],"yoast_head":"<!-- This site is optimized with the Yoast SEO plugin v27.3 - https:\/\/yoast.com\/product\/yoast-seo-wordpress\/ -->\n<title>Il regolamento interno - Glavotok<\/title>\n<meta name=\"description\" content=\"Il presente Regolamento prescrive gli obblighi di condotta dei campeggiatori nell\u2019utilizzo di tutti i servizi del campeggio, nonch\u00e9 le modalit\u00e0 di utilizzo dei dispositivi e delle attrezzature all\u2019interno del campeggio.\" \/>\n<meta name=\"robots\" content=\"index, follow, max-snippet:-1, max-image-preview:large, max-video-preview:-1\" \/>\n<link rel=\"canonical\" href=\"https:\/\/kamp-glavotok.hr\/it\/il-regolamento-interno\/\" \/>\n<meta property=\"og:locale\" content=\"it_IT\" \/>\n<meta property=\"og:type\" content=\"article\" \/>\n<meta property=\"og:title\" content=\"Il regolamento interno - Glavotok\" \/>\n<meta property=\"og:description\" content=\"Il presente Regolamento prescrive gli obblighi di condotta dei campeggiatori nell\u2019utilizzo di tutti i servizi del campeggio, nonch\u00e9 le modalit\u00e0 di utilizzo dei dispositivi e delle attrezzature all\u2019interno del campeggio.\" \/>\n<meta property=\"og:url\" content=\"https:\/\/kamp-glavotok.hr\/it\/il-regolamento-interno\/\" \/>\n<meta property=\"og:site_name\" content=\"Glavotok\" \/>\n<meta property=\"article:modified_time\" content=\"2026-02-17T11:29:42+00:00\" \/>\n<meta name=\"twitter:card\" content=\"summary_large_image\" \/>\n<meta name=\"twitter:label1\" content=\"Tempo di lettura stimato\" \/>\n\t<meta name=\"twitter:data1\" content=\"7 minuti\" \/>\n<script type=\"application\/ld+json\" class=\"yoast-schema-graph\">{\"@context\":\"https:\\\/\\\/schema.org\",\"@graph\":[{\"@type\":\"WebPage\",\"@id\":\"https:\\\/\\\/kamp-glavotok.hr\\\/it\\\/il-regolamento-interno\\\/\",\"url\":\"https:\\\/\\\/kamp-glavotok.hr\\\/it\\\/il-regolamento-interno\\\/\",\"name\":\"Il regolamento interno - Glavotok\",\"isPartOf\":{\"@id\":\"https:\\\/\\\/kamp-glavotok.hr\\\/#website\"},\"datePublished\":\"2025-09-09T09:38:45+00:00\",\"dateModified\":\"2026-02-17T11:29:42+00:00\",\"description\":\"Il presente Regolamento prescrive gli obblighi di condotta dei campeggiatori nell\u2019utilizzo di tutti i servizi del campeggio, nonch\u00e9 le modalit\u00e0 di utilizzo dei dispositivi e delle attrezzature all\u2019interno del campeggio.\",\"breadcrumb\":{\"@id\":\"https:\\\/\\\/kamp-glavotok.hr\\\/it\\\/il-regolamento-interno\\\/#breadcrumb\"},\"inLanguage\":\"it-IT\",\"potentialAction\":[{\"@type\":\"ReadAction\",\"target\":[\"https:\\\/\\\/kamp-glavotok.hr\\\/it\\\/il-regolamento-interno\\\/\"]}]},{\"@type\":\"BreadcrumbList\",\"@id\":\"https:\\\/\\\/kamp-glavotok.hr\\\/it\\\/il-regolamento-interno\\\/#breadcrumb\",\"itemListElement\":[{\"@type\":\"ListItem\",\"position\":1,\"name\":\"Home\",\"item\":\"https:\\\/\\\/kamp-glavotok.hr\\\/it\\\/\"},{\"@type\":\"ListItem\",\"position\":2,\"name\":\"Il regolamento interno\"}]},{\"@type\":\"WebSite\",\"@id\":\"https:\\\/\\\/kamp-glavotok.hr\\\/#website\",\"url\":\"https:\\\/\\\/kamp-glavotok.hr\\\/\",\"name\":\"Glavotok\",\"description\":\"Premium green camp\",\"potentialAction\":[{\"@type\":\"SearchAction\",\"target\":{\"@type\":\"EntryPoint\",\"urlTemplate\":\"https:\\\/\\\/kamp-glavotok.hr\\\/?s={search_term_string}\"},\"query-input\":{\"@type\":\"PropertyValueSpecification\",\"valueRequired\":true,\"valueName\":\"search_term_string\"}}],\"inLanguage\":\"it-IT\"}]}<\/script>\n<!-- \/ Yoast SEO plugin. -->","yoast_head_json":{"title":"Il regolamento interno - Glavotok","description":"Il presente Regolamento prescrive gli obblighi di condotta dei campeggiatori nell\u2019utilizzo di tutti i servizi del campeggio, nonch\u00e9 le modalit\u00e0 di utilizzo dei dispositivi e delle attrezzature all\u2019interno del campeggio.","robots":{"index":"index","follow":"follow","max-snippet":"max-snippet:-1","max-image-preview":"max-image-preview:large","max-video-preview":"max-video-preview:-1"},"canonical":"https:\/\/kamp-glavotok.hr\/it\/il-regolamento-interno\/","og_locale":"it_IT","og_type":"article","og_title":"Il regolamento interno - Glavotok","og_description":"Il presente Regolamento prescrive gli obblighi di condotta dei campeggiatori nell\u2019utilizzo di tutti i servizi del campeggio, nonch\u00e9 le modalit\u00e0 di utilizzo dei dispositivi e delle attrezzature all\u2019interno del campeggio.","og_url":"https:\/\/kamp-glavotok.hr\/it\/il-regolamento-interno\/","og_site_name":"Glavotok","article_modified_time":"2026-02-17T11:29:42+00:00","twitter_card":"summary_large_image","twitter_misc":{"Tempo di lettura stimato":"7 minuti"},"schema":{"@context":"https:\/\/schema.org","@graph":[{"@type":"WebPage","@id":"https:\/\/kamp-glavotok.hr\/it\/il-regolamento-interno\/","url":"https:\/\/kamp-glavotok.hr\/it\/il-regolamento-interno\/","name":"Il regolamento interno - Glavotok","isPartOf":{"@id":"https:\/\/kamp-glavotok.hr\/#website"},"datePublished":"2025-09-09T09:38:45+00:00","dateModified":"2026-02-17T11:29:42+00:00","description":"Il presente Regolamento prescrive gli obblighi di condotta dei campeggiatori nell\u2019utilizzo di tutti i servizi del campeggio, nonch\u00e9 le modalit\u00e0 di utilizzo dei dispositivi e delle attrezzature all\u2019interno del campeggio.","breadcrumb":{"@id":"https:\/\/kamp-glavotok.hr\/it\/il-regolamento-interno\/#breadcrumb"},"inLanguage":"it-IT","potentialAction":[{"@type":"ReadAction","target":["https:\/\/kamp-glavotok.hr\/it\/il-regolamento-interno\/"]}]},{"@type":"BreadcrumbList","@id":"https:\/\/kamp-glavotok.hr\/it\/il-regolamento-interno\/#breadcrumb","itemListElement":[{"@type":"ListItem","position":1,"name":"Home","item":"https:\/\/kamp-glavotok.hr\/it\/"},{"@type":"ListItem","position":2,"name":"Il regolamento interno"}]},{"@type":"WebSite","@id":"https:\/\/kamp-glavotok.hr\/#website","url":"https:\/\/kamp-glavotok.hr\/","name":"Glavotok","description":"Premium green camp","potentialAction":[{"@type":"SearchAction","target":{"@type":"EntryPoint","urlTemplate":"https:\/\/kamp-glavotok.hr\/?s={search_term_string}"},"query-input":{"@type":"PropertyValueSpecification","valueRequired":true,"valueName":"search_term_string"}}],"inLanguage":"it-IT"}]}},"_links":{"self":[{"href":"https:\/\/kamp-glavotok.hr\/it\/wp-json\/wp\/v2\/pages\/5235","targetHints":{"allow":["GET"]}}],"collection":[{"href":"https:\/\/kamp-glavotok.hr\/it\/wp-json\/wp\/v2\/pages"}],"about":[{"href":"https:\/\/kamp-glavotok.hr\/it\/wp-json\/wp\/v2\/types\/page"}],"author":[{"embeddable":true,"href":"https:\/\/kamp-glavotok.hr\/it\/wp-json\/wp\/v2\/users\/1"}],"replies":[{"embeddable":true,"href":"https:\/\/kamp-glavotok.hr\/it\/wp-json\/wp\/v2\/comments?post=5235"}],"version-history":[{"count":1,"href":"https:\/\/kamp-glavotok.hr\/it\/wp-json\/wp\/v2\/pages\/5235\/revisions"}],"predecessor-version":[{"id":5240,"href":"https:\/\/kamp-glavotok.hr\/it\/wp-json\/wp\/v2\/pages\/5235\/revisions\/5240"}],"wp:attachment":[{"href":"https:\/\/kamp-glavotok.hr\/it\/wp-json\/wp\/v2\/media?parent=5235"}],"curies":[{"name":"wp","href":"https:\/\/api.w.org\/{rel}","templated":true}]}}