{"id":6397,"date":"2025-08-20T13:33:10","date_gmt":"2025-08-20T13:33:10","guid":{"rendered":"https:\/\/kamp-glavotok.hr\/izjava-o-pristupacnosti\/"},"modified":"2026-05-05T11:30:35","modified_gmt":"2026-05-05T11:30:35","slug":"erklaerung-zur-barrierefreiheit","status":"publish","type":"page","link":"https:\/\/kamp-glavotok.hr\/de\/erklaerung-zur-barrierefreiheit\/","title":{"rendered":"Erkl\u00e4rung zur Barrierefreiheit"},"content":{"rendered":"<div class=\"fusion-fullwidth fullwidth-box fusion-builder-row-1 fusion-flex-container nonhundred-percent-fullwidth non-hundred-percent-height-scrolling\" style=\"--awb-border-radius-top-left:0px;--awb-border-radius-top-right:0px;--awb-border-radius-bottom-right:0px;--awb-border-radius-bottom-left:0px;--awb-flex-wrap:wrap;\" ><div class=\"fusion-builder-row fusion-row fusion-flex-align-items-flex-start fusion-flex-content-wrap\" style=\"max-width:1248px;margin-left: calc(-4% \/ 2 );margin-right: calc(-4% \/ 2 );\"><div class=\"fusion-layout-column fusion_builder_column fusion-builder-column-0 fusion_builder_column_1_6 1_6 fusion-flex-column\" style=\"--awb-bg-blend:overlay;--awb-bg-size:cover;--awb-width-large:16.666666666667%;--awb-margin-top-large:0px;--awb-spacing-right-large:11.52%;--awb-margin-bottom-large:20px;--awb-spacing-left-large:11.52%;--awb-width-medium:16.666666666667%;--awb-spacing-right-medium:11.52%;--awb-spacing-left-medium:11.52%;--awb-width-small:100%;--awb-spacing-right-small:1.92%;--awb-spacing-left-small:1.92%;\"><div class=\"fusion-column-wrapper fusion-flex-justify-content-flex-start fusion-content-layout-column\"><\/div><\/div><div class=\"fusion-layout-column fusion_builder_column fusion-builder-column-1 fusion_builder_column_2_3 2_3 fusion-flex-column\" style=\"--awb-bg-blend:overlay;--awb-bg-size:cover;--awb-width-large:66.666666666667%;--awb-margin-top-large:0px;--awb-spacing-right-large:2.88%;--awb-margin-bottom-large:20px;--awb-spacing-left-large:2.88%;--awb-width-medium:66.666666666667%;--awb-spacing-right-medium:2.88%;--awb-spacing-left-medium:2.88%;--awb-width-small:100%;--awb-spacing-right-small:1.92%;--awb-spacing-left-small:1.92%;\"><div class=\"fusion-column-wrapper fusion-flex-justify-content-flex-start fusion-content-layout-column\"><div class=\"fusion-title title fusion-title-1 fusion-sep-none fusion-title-text fusion-title-size-one\" style=\"--awb-margin-bottom:40px;--awb-margin-top-small:10px;--awb-margin-right-small:0px;--awb-margin-bottom-small:30px;--awb-margin-left-small:0px;--awb-font-size:28px;\"><h1 class=\"fusion-title-heading title-heading-left\" style=\"margin:0;font-size:1em;\">Erkl\u00e4rung zur Barrierefreiheit<\/h1><\/div><div class=\"fusion-text fusion-text-1 sm-text-align-left\" style=\"--awb-content-alignment:justify;--awb-text-transform:none;\"><p>Glavotok d.o.o., Glavotok 4, 51500 Krk, Kroatien, ist bestrebt, seine Website im Einklang mit den allgemein anerkannten Standards f\u00fcr die Barrierefreiheit digitaler Inhalte zug\u00e4nglich zu machen.<\/p>\n<p>Obwohl Glavotok d.o.o. keine Einrichtung des \u00f6ffentlichen Sektors ist, wurde diese Erkl\u00e4rung in \u00dcbereinstimmung mit den Grunds\u00e4tzen der Richtlinie (EU) 2016\/2102 sowie den von der Web Accessibility Initiative (WAI) entwickelten Richtlinien, einschlie\u00dflich der Web Content Accessibility Guidelines (WCAG) 2.2, erstellt.<\/p>\n<p>Diese Erkl\u00e4rung zur Barrierefreiheit gilt f\u00fcr die Website:<br \/>\nkamp-glavotok.hr.<\/p>\n<p>Diese Website ist aufgrund bestimmter Unvereinbarkeiten teilweise konform mit den Web Content Accessibility Guidelines (WCAG) 2.2 auf Konformit\u00e4tsstufe AA sowie mit der europ\u00e4ischen Norm EN 301 549.<\/p>\n<p>Trotz der Bem\u00fchungen, die Barrierefreiheit sicherzustellen, sind einige Teile der Website derzeit nicht vollst\u00e4ndig konform. Bestimmte Bereiche sind nicht vollst\u00e4ndig gem\u00e4\u00df den technischen Standards optimiert, was die Kompatibilit\u00e4t mit assistiven Technologien beeintr\u00e4chtigen kann. Einige Bilder und nicht-textliche Inhalte sind dekorativer Natur und enthalten daher keinen Alternativtext, entsprechend den geltenden Richtlinien f\u00fcr diese Art von Inhalten. Bestimmte Textinhalte sind nicht vollst\u00e4ndig f\u00fcr optimale Lesbarkeit und flexible Darstellung angepasst.<\/p>\n<p>Die Website enth\u00e4lt PDF-Dokumente, die nicht vollst\u00e4ndig f\u00fcr Screenreader optimiert sind. Einige interaktive Elemente unterst\u00fctzen die Bedienung \u00fcber Tastatur oder assistive Technologien nicht vollst\u00e4ndig. Ein Teil der Inhalte verwendet Text in Form von Bildern, was den Zugang f\u00fcr Nutzer, die assistive Technologien verwenden, erschweren kann.<\/p>\n<p>Bestimmte Funktionen h\u00e4ngen von Mausbewegungen (Hover) ab, ohne eine entsprechende Alternative \u00fcber Tastatur oder andere Interaktionsformen. In einigen F\u00e4llen verf\u00fcgen Elemente m\u00f6glicherweise nicht \u00fcber klar sichtbare Fokusindikatoren oder erf\u00fcllen nicht vollst\u00e4ndig die Mindestanforderungen an die Zielgr\u00f6\u00dfe f\u00fcr Interaktionen, und einige Dateneingabeprozesse sind m\u00f6glicherweise nicht vollst\u00e4ndig f\u00fcr Nutzer mit kognitiven Beeintr\u00e4chtigungen optimiert.<\/p>\n<p>Glavotok d.o.o. arbeitet kontinuierlich daran, die festgestellten M\u00e4ngel zu beheben und die Barrierefreiheit seiner Website zu verbessern.<br \/>\nZur Verbesserung der Barrierefreiheit wurden bestimmte technische Hilfsmittel und Anpassungen implementiert, darunter L\u00f6sungen zur Verbesserung des Kontrasts und zur Anpassung der Textgr\u00f6\u00dfe. Solche Ma\u00dfnahmen stellen eine unterst\u00fctzende Ma\u00dfnahme dar und ersetzen nicht die vollst\u00e4ndige Einhaltung der Barrierefreiheitsstandards.<\/p>\n<p>Diese Erkl\u00e4rung wurde am 1. Juli 2024 erstellt. Die Bewertung der Barrierefreiheit erfolgte im Rahmen einer Selbstbewertung unter Verwendung automatisierter Testwerkzeuge zur \u00dcberpr\u00fcfung der Barrierefreiheit von Websites. Die Erkl\u00e4rung wird regelm\u00e4\u00dfig \u00fcberpr\u00fcft und bei Bedarf aktualisiert.<\/p>\n<p>Nutzer k\u00f6nnen Feedback, Vorschl\u00e4ge oder Hinweise auf festgestellte Barrieren \u00fcber folgenden Kontakt einreichen: Glavotok d.o.o., Glavotok 4, 51500 Krk, Kroatien, , E-Mail: info@kamp-glavotok.hr. Glavotok d.o.o. bem\u00fcht sich, Anfragen innerhalb einer angemessenen Frist zu beantworten.<\/p>\n<p>Die f\u00fcr die \u00dcberwachung der Einhaltung der Barrierefreiheitsanforderungen in der Republik Kroatien zust\u00e4ndige Stelle ist der Informationsbeauftragte.<\/p>\n<\/div><\/div><\/div><div class=\"fusion-layout-column fusion_builder_column fusion-builder-column-2 fusion_builder_column_1_6 1_6 fusion-flex-column\" style=\"--awb-bg-blend:overlay;--awb-bg-size:cover;--awb-width-large:16.666666666667%;--awb-margin-top-large:0px;--awb-spacing-right-large:11.52%;--awb-margin-bottom-large:20px;--awb-spacing-left-large:11.52%;--awb-width-medium:16.666666666667%;--awb-spacing-right-medium:11.52%;--awb-spacing-left-medium:11.52%;--awb-width-small:100%;--awb-spacing-right-small:1.92%;--awb-spacing-left-small:1.92%;\"><div class=\"fusion-column-wrapper fusion-flex-justify-content-flex-start fusion-content-layout-column\"><\/div><\/div><\/div><\/div>\n","protected":false},"excerpt":{"rendered":"","protected":false},"author":1,"featured_media":0,"parent":0,"menu_order":0,"comment_status":"closed","ping_status":"closed","template":"","meta":{"_acf_changed":false,"footnotes":""},"class_list":["post-6397","page","type-page","status-publish","hentry"],"acf":[],"yoast_head":"<!-- This site is optimized with the Yoast SEO plugin v27.3 - https:\/\/yoast.com\/product\/yoast-seo-wordpress\/ -->\n<title>Erkl\u00e4rung zur Barrierefreiheit - Glavotok<\/title>\n<meta name=\"description\" content=\"Auf der Grundlage des Artikels 9 des Gesetzes \u00fcber die Barrierefreiheit von Webseiten und Softwarel\u00f6sungen f\u00fcr mobile Ger\u00e4te \u00f6ffentlicher Stellen [...]\" \/>\n<meta name=\"robots\" content=\"index, follow, max-snippet:-1, max-image-preview:large, max-video-preview:-1\" \/>\n<link rel=\"canonical\" href=\"https:\/\/kamp-glavotok.hr\/de\/erklaerung-zur-barrierefreiheit\/\" \/>\n<meta property=\"og:locale\" content=\"de_DE\" \/>\n<meta property=\"og:type\" content=\"article\" \/>\n<meta property=\"og:title\" content=\"Erkl\u00e4rung zur Barrierefreiheit - Glavotok\" \/>\n<meta property=\"og:description\" content=\"Auf der Grundlage des Artikels 9 des Gesetzes \u00fcber die Barrierefreiheit von Webseiten und Softwarel\u00f6sungen f\u00fcr mobile Ger\u00e4te \u00f6ffentlicher Stellen [...]\" \/>\n<meta property=\"og:url\" content=\"https:\/\/kamp-glavotok.hr\/de\/erklaerung-zur-barrierefreiheit\/\" \/>\n<meta property=\"og:site_name\" content=\"Glavotok\" \/>\n<meta property=\"article:modified_time\" content=\"2026-05-05T11:30:35+00:00\" \/>\n<meta name=\"twitter:card\" content=\"summary_large_image\" \/>\n<meta name=\"twitter:label1\" content=\"Gesch\u00e4tzte Lesezeit\" \/>\n\t<meta name=\"twitter:data1\" content=\"5\u00a0Minuten\" \/>\n<script type=\"application\/ld+json\" class=\"yoast-schema-graph\">{\"@context\":\"https:\\\/\\\/schema.org\",\"@graph\":[{\"@type\":\"WebPage\",\"@id\":\"https:\\\/\\\/kamp-glavotok.hr\\\/de\\\/erklaerung-zur-barrierefreiheit\\\/\",\"url\":\"https:\\\/\\\/kamp-glavotok.hr\\\/de\\\/erklaerung-zur-barrierefreiheit\\\/\",\"name\":\"Erkl\u00e4rung zur Barrierefreiheit - Glavotok\",\"isPartOf\":{\"@id\":\"https:\\\/\\\/kamp-glavotok.hr\\\/#website\"},\"datePublished\":\"2025-08-20T13:33:10+00:00\",\"dateModified\":\"2026-05-05T11:30:35+00:00\",\"description\":\"Auf der Grundlage des Artikels 9 des Gesetzes \u00fcber die Barrierefreiheit von Webseiten und Softwarel\u00f6sungen f\u00fcr mobile Ger\u00e4te \u00f6ffentlicher Stellen [...]\",\"breadcrumb\":{\"@id\":\"https:\\\/\\\/kamp-glavotok.hr\\\/de\\\/erklaerung-zur-barrierefreiheit\\\/#breadcrumb\"},\"inLanguage\":\"de\",\"potentialAction\":[{\"@type\":\"ReadAction\",\"target\":[\"https:\\\/\\\/kamp-glavotok.hr\\\/de\\\/erklaerung-zur-barrierefreiheit\\\/\"]}]},{\"@type\":\"BreadcrumbList\",\"@id\":\"https:\\\/\\\/kamp-glavotok.hr\\\/de\\\/erklaerung-zur-barrierefreiheit\\\/#breadcrumb\",\"itemListElement\":[{\"@type\":\"ListItem\",\"position\":1,\"name\":\"Home\",\"item\":\"https:\\\/\\\/kamp-glavotok.hr\\\/de\\\/\"},{\"@type\":\"ListItem\",\"position\":2,\"name\":\"Erkl\u00e4rung zur Barrierefreiheit\"}]},{\"@type\":\"WebSite\",\"@id\":\"https:\\\/\\\/kamp-glavotok.hr\\\/#website\",\"url\":\"https:\\\/\\\/kamp-glavotok.hr\\\/\",\"name\":\"Glavotok\",\"description\":\"Premium green camp\",\"potentialAction\":[{\"@type\":\"SearchAction\",\"target\":{\"@type\":\"EntryPoint\",\"urlTemplate\":\"https:\\\/\\\/kamp-glavotok.hr\\\/?s={search_term_string}\"},\"query-input\":{\"@type\":\"PropertyValueSpecification\",\"valueRequired\":true,\"valueName\":\"search_term_string\"}}],\"inLanguage\":\"de\"}]}<\/script>\n<!-- \/ Yoast SEO plugin. -->","yoast_head_json":{"title":"Erkl\u00e4rung zur Barrierefreiheit - Glavotok","description":"Auf der Grundlage des Artikels 9 des Gesetzes \u00fcber die Barrierefreiheit von Webseiten und Softwarel\u00f6sungen f\u00fcr mobile Ger\u00e4te \u00f6ffentlicher Stellen [...]","robots":{"index":"index","follow":"follow","max-snippet":"max-snippet:-1","max-image-preview":"max-image-preview:large","max-video-preview":"max-video-preview:-1"},"canonical":"https:\/\/kamp-glavotok.hr\/de\/erklaerung-zur-barrierefreiheit\/","og_locale":"de_DE","og_type":"article","og_title":"Erkl\u00e4rung zur Barrierefreiheit - Glavotok","og_description":"Auf der Grundlage des Artikels 9 des Gesetzes \u00fcber die Barrierefreiheit von Webseiten und Softwarel\u00f6sungen f\u00fcr mobile Ger\u00e4te \u00f6ffentlicher Stellen [...]","og_url":"https:\/\/kamp-glavotok.hr\/de\/erklaerung-zur-barrierefreiheit\/","og_site_name":"Glavotok","article_modified_time":"2026-05-05T11:30:35+00:00","twitter_card":"summary_large_image","twitter_misc":{"Gesch\u00e4tzte Lesezeit":"5\u00a0Minuten"},"schema":{"@context":"https:\/\/schema.org","@graph":[{"@type":"WebPage","@id":"https:\/\/kamp-glavotok.hr\/de\/erklaerung-zur-barrierefreiheit\/","url":"https:\/\/kamp-glavotok.hr\/de\/erklaerung-zur-barrierefreiheit\/","name":"Erkl\u00e4rung zur Barrierefreiheit - Glavotok","isPartOf":{"@id":"https:\/\/kamp-glavotok.hr\/#website"},"datePublished":"2025-08-20T13:33:10+00:00","dateModified":"2026-05-05T11:30:35+00:00","description":"Auf der Grundlage des Artikels 9 des Gesetzes \u00fcber die Barrierefreiheit von Webseiten und Softwarel\u00f6sungen f\u00fcr mobile Ger\u00e4te \u00f6ffentlicher Stellen [...]","breadcrumb":{"@id":"https:\/\/kamp-glavotok.hr\/de\/erklaerung-zur-barrierefreiheit\/#breadcrumb"},"inLanguage":"de","potentialAction":[{"@type":"ReadAction","target":["https:\/\/kamp-glavotok.hr\/de\/erklaerung-zur-barrierefreiheit\/"]}]},{"@type":"BreadcrumbList","@id":"https:\/\/kamp-glavotok.hr\/de\/erklaerung-zur-barrierefreiheit\/#breadcrumb","itemListElement":[{"@type":"ListItem","position":1,"name":"Home","item":"https:\/\/kamp-glavotok.hr\/de\/"},{"@type":"ListItem","position":2,"name":"Erkl\u00e4rung zur Barrierefreiheit"}]},{"@type":"WebSite","@id":"https:\/\/kamp-glavotok.hr\/#website","url":"https:\/\/kamp-glavotok.hr\/","name":"Glavotok","description":"Premium green camp","potentialAction":[{"@type":"SearchAction","target":{"@type":"EntryPoint","urlTemplate":"https:\/\/kamp-glavotok.hr\/?s={search_term_string}"},"query-input":{"@type":"PropertyValueSpecification","valueRequired":true,"valueName":"search_term_string"}}],"inLanguage":"de"}]}},"_links":{"self":[{"href":"https:\/\/kamp-glavotok.hr\/de\/wp-json\/wp\/v2\/pages\/6397","targetHints":{"allow":["GET"]}}],"collection":[{"href":"https:\/\/kamp-glavotok.hr\/de\/wp-json\/wp\/v2\/pages"}],"about":[{"href":"https:\/\/kamp-glavotok.hr\/de\/wp-json\/wp\/v2\/types\/page"}],"author":[{"embeddable":true,"href":"https:\/\/kamp-glavotok.hr\/de\/wp-json\/wp\/v2\/users\/1"}],"replies":[{"embeddable":true,"href":"https:\/\/kamp-glavotok.hr\/de\/wp-json\/wp\/v2\/comments?post=6397"}],"version-history":[{"count":2,"href":"https:\/\/kamp-glavotok.hr\/de\/wp-json\/wp\/v2\/pages\/6397\/revisions"}],"predecessor-version":[{"id":8403,"href":"https:\/\/kamp-glavotok.hr\/de\/wp-json\/wp\/v2\/pages\/6397\/revisions\/8403"}],"wp:attachment":[{"href":"https:\/\/kamp-glavotok.hr\/de\/wp-json\/wp\/v2\/media?parent=6397"}],"curies":[{"name":"wp","href":"https:\/\/api.w.org\/{rel}","templated":true}]}}