{"id":6297,"date":"2025-10-27T12:17:34","date_gmt":"2025-10-27T12:17:34","guid":{"rendered":"https:\/\/kamp-glavotok.hr\/pool-bar\/"},"modified":"2026-02-17T12:53:03","modified_gmt":"2026-02-17T12:53:03","slug":"pool-bar","status":"publish","type":"page","link":"https:\/\/kamp-glavotok.hr\/de\/pool-bar\/","title":{"rendered":"Pool Bar"},"content":{"rendered":"<div class=\"fusion-fullwidth fullwidth-box fusion-builder-row-1 fusion-flex-container has-pattern-background has-mask-background nonhundred-percent-fullwidth non-hundred-percent-height-scrolling\" style=\"--link_hover_color: var(--awb-color5);--link_color: var(--awb-color5);--awb-background-position:right top;--awb-background-blend-mode:overlay;--awb-border-color:var(--awb-color1);--awb-border-radius-top-left:0px;--awb-border-radius-top-right:0px;--awb-border-radius-bottom-right:0px;--awb-border-radius-bottom-left:0px;--awb-padding-top:100px;--awb-padding-bottom:70px;--awb-padding-top-medium:90px;--awb-padding-bottom-medium:90px;--awb-padding-top-small:65px;--awb-padding-bottom-small:50px;--awb-margin-bottom-medium:0px;--awb-background-color:var(--awb-color1);--awb-flex-wrap:wrap;\" ><div class=\"fusion-builder-row fusion-row fusion-flex-align-items-center fusion-flex-content-wrap\" style=\"max-width:1248px;margin-left: calc(-4% \/ 2 );margin-right: calc(-4% \/ 2 );\"><div class=\"fusion-layout-column fusion_builder_column fusion-builder-column-0 fusion-flex-column fusion-flex-align-self-stretch\" style=\"--awb-padding-top:75px;--awb-padding-bottom:75px;--awb-bg-position:center center;--awb-bg-size:cover;--awb-width-large:52%;--awb-margin-top-large:0px;--awb-spacing-right-large:72px;--awb-margin-bottom-large:0px;--awb-spacing-left-large:3.6923076923077%;--awb-width-medium:40%;--awb-order-medium:0;--awb-spacing-right-medium:70px;--awb-spacing-left-medium:4.8%;--awb-width-small:100%;--awb-order-small:0;--awb-spacing-right-small:1.92%;--awb-margin-bottom-small:20px;--awb-spacing-left-small:1.92%;\" data-scroll-devices=\"small-visibility,medium-visibility,large-visibility\"><div class=\"fusion-column-wrapper lazyload fusion-column-has-shadow fusion-flex-justify-content-flex-start fusion-content-layout-column fusion-empty-column-bg-image fusion-column-has-bg-image\" data-bg-url=\"https:\/\/kamp-glavotok.hr\/wp-content\/uploads\/2025\/10\/Kamp-Glavotok-Krk-Pool-Bar-3.jpg\" data-bg=\"https:\/\/kamp-glavotok.hr\/wp-content\/uploads\/2025\/10\/Kamp-Glavotok-Krk-Pool-Bar-3.jpg\"><img decoding=\"async\" class=\"fusion-empty-dims-img-placeholder\" alt=\"Kamp Glavotok Krk Pool bar\" aria-label=\"Kamp Glavotok Krk Pool bar\" src=\"data:image\/svg+xml,%3Csvg%20xmlns%3D%27http%3A%2F%2Fwww.w3.org%2F2000%2Fsvg%27%20width%3D%271280%27%20height%3D%27853%27%20viewBox%3D%270%200%201280%20853%27%3E%3Crect%20width%3D%271280%27%20height%3D%27853%27%20fill-opacity%3D%220%22%2F%3E%3C%2Fsvg%3E\"><\/div><\/div><div class=\"fusion-layout-column fusion_builder_column fusion-builder-column-1 fusion-flex-column fusion-flex-align-self-center fusion-animated\" style=\"--awb-padding-top:25px;--awb-padding-bottom:25px;--awb-padding-bottom-medium:0px;--awb-padding-top-small:15px;--awb-bg-size:cover;--awb-width-large:48%;--awb-margin-top-large:0px;--awb-spacing-right-large:4%;--awb-margin-bottom-large:0px;--awb-spacing-left-large:20px;--awb-width-medium:60%;--awb-order-medium:0;--awb-spacing-right-medium:3.2%;--awb-spacing-left-medium:20px;--awb-width-small:100%;--awb-order-small:1;--awb-spacing-right-small:1.92%;--awb-spacing-left-small:2.4%;\" data-animationType=\"fadeInRight\" data-animationDuration=\"1.3\" data-animationOffset=\"top-into-view\"><div class=\"fusion-column-wrapper fusion-column-has-shadow fusion-flex-justify-content-flex-start fusion-content-layout-column\"><div class=\"fusion-title title fusion-title-1 fusion-no-small-visibility fusion-sep-none fusion-title-text fusion-title-size-two\" style=\"--awb-margin-bottom:30px;--awb-margin-top-small:10px;--awb-margin-right-small:0px;--awb-margin-bottom-small:10px;--awb-margin-left-small:0px;\"><h2 class=\"fusion-title-heading title-heading-left\" style=\"margin:0;\">Pool Bar<\/h2><\/div><div class=\"fusion-title title fusion-title-2 fusion-no-medium-visibility fusion-no-large-visibility fusion-sep-none fusion-title-text fusion-title-size-two\" style=\"--awb-margin-bottom:30px;--awb-margin-top-small:10px;--awb-margin-right-small:0px;--awb-margin-bottom-small:10px;--awb-margin-left-small:0px;--awb-font-size:30px;\"><h2 class=\"fusion-title-heading title-heading-left\" style=\"margin:0;font-size:1em;\">Beach bar Puntalokve<\/h2><\/div><div class=\"fusion-text fusion-text-1 fusion-text-no-margin\" style=\"--awb-margin-top:0px;--awb-margin-right:0px;--awb-margin-bottom:10px;--awb-margin-left:0px;\"><p>Direkt neben dem Restaurant im Zentrum des Campingplatzes, in erster Reihe zum Meer, bietet die Poolbar einen unvergesslichen Blick auf die Insel Cres und endlose Sonnenunterg\u00e4nge. Gleich neben dem Infinity-Pool ist sie der ideale Ort, um zu entspannen und warme Sommertage zu genie\u00dfen. Sonnen Sie sich, erfrischen Sie sich im Pool und genie\u00dfen Sie Ihre Lieblingscocktails, S\u00e4fte, Kaffee und Hei\u00dfgetr\u00e4nke in entspannter Atmosph\u00e4re, umgeben von Familie und Freunden. Ob Sie einen ruhigen Moment f\u00fcr sich selbst suchen oder einfach nur Zeit mit Freunden verbringen m\u00f6chten, die <b>Poolbar bietet die perfekte Kombination aus Sonnenbaden, Entspannung und atemberaubender Aussicht.<\/b><\/p>\n<\/div><\/div><\/div><div class=\"fusion-layout-column fusion_builder_column fusion-builder-column-2 fusion_builder_column_1_1 1_1 fusion-flex-column\" style=\"--awb-bg-size:cover;--awb-width-large:100%;--awb-margin-top-large:0px;--awb-spacing-right-large:1.92%;--awb-margin-bottom-large:20px;--awb-spacing-left-large:1.92%;--awb-width-medium:100%;--awb-order-medium:0;--awb-spacing-right-medium:1.92%;--awb-spacing-left-medium:1.92%;--awb-width-small:100%;--awb-order-small:2;--awb-spacing-right-small:1.92%;--awb-spacing-left-small:1.92%;\"><div class=\"fusion-column-wrapper fusion-column-has-shadow fusion-flex-justify-content-flex-start fusion-content-layout-column\"><div class=\"awb-gallery-wrapper awb-gallery-wrapper-1 button-span-no\" style=\"--more-btn-alignment:center;margin-top:50px;\"><div style=\"margin:-5px;--awb-bordersize:0px;\" class=\"fusion-gallery fusion-gallery-container fusion-grid-3 fusion-columns-total-3 fusion-gallery-layout-grid fusion-gallery-1\"><div style=\"padding:5px;\" class=\"fusion-grid-column fusion-gallery-column fusion-gallery-column-3 hover-type-none\"><div class=\"fusion-gallery-image\"><a href=\"https:\/\/kamp-glavotok.hr\/wp-content\/uploads\/2025\/10\/Kamp-Glavotok-Krk-Pool-Bar-2.jpg\" rel=\"noreferrer\" data-rel=\"iLightbox[gallery_image_1]\" class=\"fusion-lightbox\" target=\"_self\"><img decoding=\"async\" src=\"https:\/\/kamp-glavotok.hr\/wp-content\/uploads\/2025\/10\/Kamp-Glavotok-Krk-Pool-Bar-2.jpg\" data-orig-src=\"https:\/\/kamp-glavotok.hr\/wp-content\/uploads\/2025\/10\/Kamp-Glavotok-Krk-Pool-Bar-2.jpg\" width=\"1280\" height=\"853\" alt=\"Kamp Glavotok Krk Pool bar\" title=\"Kamp Glavotok Krk Pool bar\" aria-label=\"Kamp Glavotok Krk Pool bar\" class=\"lazyload img-responsive wp-image-6312\" srcset=\"data:image\/svg+xml,%3Csvg%20xmlns%3D%27http%3A%2F%2Fwww.w3.org%2F2000%2Fsvg%27%20width%3D%271280%27%20height%3D%27853%27%20viewBox%3D%270%200%201280%20853%27%3E%3Crect%20width%3D%271280%27%20height%3D%27853%27%20fill-opacity%3D%220%22%2F%3E%3C%2Fsvg%3E\" data-srcset=\"https:\/\/kamp-glavotok.hr\/wp-content\/uploads\/2025\/10\/Kamp-Glavotok-Krk-Pool-Bar-2-200x133.jpg 200w, https:\/\/kamp-glavotok.hr\/wp-content\/uploads\/2025\/10\/Kamp-Glavotok-Krk-Pool-Bar-2-400x267.jpg 400w, https:\/\/kamp-glavotok.hr\/wp-content\/uploads\/2025\/10\/Kamp-Glavotok-Krk-Pool-Bar-2-600x400.jpg 600w, https:\/\/kamp-glavotok.hr\/wp-content\/uploads\/2025\/10\/Kamp-Glavotok-Krk-Pool-Bar-2-800x533.jpg 800w, https:\/\/kamp-glavotok.hr\/wp-content\/uploads\/2025\/10\/Kamp-Glavotok-Krk-Pool-Bar-2-1200x800.jpg 1200w, https:\/\/kamp-glavotok.hr\/wp-content\/uploads\/2025\/10\/Kamp-Glavotok-Krk-Pool-Bar-2.jpg 1280w\" data-sizes=\"auto\" data-orig-sizes=\"(min-width: 2200px) 100vw, (min-width: 784px) 397px, (min-width: 712px) 595px, (min-width: 640px) 712px, \" \/><\/a><\/div><\/div><div style=\"padding:5px;\" class=\"fusion-grid-column fusion-gallery-column fusion-gallery-column-3 hover-type-none\"><div class=\"fusion-gallery-image\"><a href=\"https:\/\/kamp-glavotok.hr\/wp-content\/uploads\/2025\/10\/Kamp-Glavotok-Krk-Pool-Bar-4.jpg\" rel=\"noreferrer\" data-rel=\"iLightbox[gallery_image_1]\" class=\"fusion-lightbox\" target=\"_self\"><img decoding=\"async\" src=\"https:\/\/kamp-glavotok.hr\/wp-content\/uploads\/2025\/10\/Kamp-Glavotok-Krk-Pool-Bar-4.jpg\" data-orig-src=\"https:\/\/kamp-glavotok.hr\/wp-content\/uploads\/2025\/10\/Kamp-Glavotok-Krk-Pool-Bar-4.jpg\" width=\"1280\" height=\"853\" alt=\"Kamp Glavotok Krk Pool bar\" title=\"Kamp Glavotok Krk Pool bar\" aria-label=\"Kamp Glavotok Krk Pool bar\" class=\"lazyload img-responsive wp-image-6313\" srcset=\"data:image\/svg+xml,%3Csvg%20xmlns%3D%27http%3A%2F%2Fwww.w3.org%2F2000%2Fsvg%27%20width%3D%271280%27%20height%3D%27853%27%20viewBox%3D%270%200%201280%20853%27%3E%3Crect%20width%3D%271280%27%20height%3D%27853%27%20fill-opacity%3D%220%22%2F%3E%3C%2Fsvg%3E\" data-srcset=\"https:\/\/kamp-glavotok.hr\/wp-content\/uploads\/2025\/10\/Kamp-Glavotok-Krk-Pool-Bar-4-200x133.jpg 200w, https:\/\/kamp-glavotok.hr\/wp-content\/uploads\/2025\/10\/Kamp-Glavotok-Krk-Pool-Bar-4-400x267.jpg 400w, https:\/\/kamp-glavotok.hr\/wp-content\/uploads\/2025\/10\/Kamp-Glavotok-Krk-Pool-Bar-4-600x400.jpg 600w, https:\/\/kamp-glavotok.hr\/wp-content\/uploads\/2025\/10\/Kamp-Glavotok-Krk-Pool-Bar-4-800x533.jpg 800w, https:\/\/kamp-glavotok.hr\/wp-content\/uploads\/2025\/10\/Kamp-Glavotok-Krk-Pool-Bar-4-1200x800.jpg 1200w, https:\/\/kamp-glavotok.hr\/wp-content\/uploads\/2025\/10\/Kamp-Glavotok-Krk-Pool-Bar-4.jpg 1280w\" data-sizes=\"auto\" data-orig-sizes=\"(min-width: 2200px) 100vw, (min-width: 784px) 397px, (min-width: 712px) 595px, (min-width: 640px) 712px, \" \/><\/a><\/div><\/div><div style=\"padding:5px;\" class=\"fusion-grid-column fusion-gallery-column fusion-gallery-column-3 hover-type-none\"><div class=\"fusion-gallery-image\"><a href=\"https:\/\/kamp-glavotok.hr\/wp-content\/uploads\/2025\/10\/Kamp-Glavotok-Krk-Pool-Bar-1.jpg\" rel=\"noreferrer\" data-rel=\"iLightbox[gallery_image_1]\" class=\"fusion-lightbox\" target=\"_self\"><img decoding=\"async\" src=\"https:\/\/kamp-glavotok.hr\/wp-content\/uploads\/2025\/10\/Kamp-Glavotok-Krk-Pool-Bar-1.jpg\" data-orig-src=\"https:\/\/kamp-glavotok.hr\/wp-content\/uploads\/2025\/10\/Kamp-Glavotok-Krk-Pool-Bar-1.jpg\" width=\"1280\" height=\"853\" alt=\"Kamp Glavotok Krk Pool bar\" title=\"Kamp Glavotok Krk Pool bar\" aria-label=\"Kamp Glavotok Krk Pool bar\" class=\"lazyload img-responsive wp-image-6314\" srcset=\"data:image\/svg+xml,%3Csvg%20xmlns%3D%27http%3A%2F%2Fwww.w3.org%2F2000%2Fsvg%27%20width%3D%271280%27%20height%3D%27853%27%20viewBox%3D%270%200%201280%20853%27%3E%3Crect%20width%3D%271280%27%20height%3D%27853%27%20fill-opacity%3D%220%22%2F%3E%3C%2Fsvg%3E\" data-srcset=\"https:\/\/kamp-glavotok.hr\/wp-content\/uploads\/2025\/10\/Kamp-Glavotok-Krk-Pool-Bar-1-200x133.jpg 200w, https:\/\/kamp-glavotok.hr\/wp-content\/uploads\/2025\/10\/Kamp-Glavotok-Krk-Pool-Bar-1-400x267.jpg 400w, https:\/\/kamp-glavotok.hr\/wp-content\/uploads\/2025\/10\/Kamp-Glavotok-Krk-Pool-Bar-1-600x400.jpg 600w, https:\/\/kamp-glavotok.hr\/wp-content\/uploads\/2025\/10\/Kamp-Glavotok-Krk-Pool-Bar-1-800x533.jpg 800w, https:\/\/kamp-glavotok.hr\/wp-content\/uploads\/2025\/10\/Kamp-Glavotok-Krk-Pool-Bar-1-1200x800.jpg 1200w, https:\/\/kamp-glavotok.hr\/wp-content\/uploads\/2025\/10\/Kamp-Glavotok-Krk-Pool-Bar-1.jpg 1280w\" data-sizes=\"auto\" data-orig-sizes=\"(min-width: 2200px) 100vw, (min-width: 784px) 397px, (min-width: 712px) 595px, (min-width: 640px) 712px, \" \/><\/a><\/div><\/div><div class=\"clearfix\"><\/div><\/div><\/div><\/div><\/div><\/div><\/div>\n","protected":false},"excerpt":{"rendered":"","protected":false},"author":1,"featured_media":6298,"parent":0,"menu_order":0,"comment_status":"closed","ping_status":"closed","template":"100-width.php","meta":{"_acf_changed":false,"footnotes":""},"class_list":["post-6297","page","type-page","status-publish","has-post-thumbnail","hentry"],"acf":[],"yoast_head":"<!-- This site is optimized with the Yoast SEO plugin v27.3 - https:\/\/yoast.com\/product\/yoast-seo-wordpress\/ -->\n<title>Pool Bar - Glavotok<\/title>\n<meta name=\"description\" content=\"Direkt neben dem Restaurant im Zentrum des Campingplatzes, in erster Reihe zum Meer, bietet die Poolbar einen unvergesslichen Blick auf die Insel Cres und endlose Sonnenunterg\u00e4nge.\" \/>\n<meta name=\"robots\" content=\"index, follow, max-snippet:-1, max-image-preview:large, max-video-preview:-1\" \/>\n<link rel=\"canonical\" href=\"https:\/\/kamp-glavotok.hr\/de\/pool-bar\/\" \/>\n<meta property=\"og:locale\" content=\"de_DE\" \/>\n<meta property=\"og:type\" content=\"article\" \/>\n<meta property=\"og:title\" content=\"Pool Bar - Glavotok\" \/>\n<meta property=\"og:description\" content=\"Direkt neben dem Restaurant im Zentrum des Campingplatzes, in erster Reihe zum Meer, bietet die Poolbar einen unvergesslichen Blick auf die Insel Cres und endlose Sonnenunterg\u00e4nge.\" \/>\n<meta property=\"og:url\" content=\"https:\/\/kamp-glavotok.hr\/de\/pool-bar\/\" \/>\n<meta property=\"og:site_name\" content=\"Glavotok\" \/>\n<meta property=\"article:modified_time\" content=\"2026-02-17T12:53:03+00:00\" \/>\n<meta property=\"og:image\" content=\"https:\/\/kamp-glavotok.hr\/wp-content\/uploads\/2025\/10\/Kamp-Glavotok-Krk-Pool-Bar-5.jpg\" \/>\n\t<meta property=\"og:image:width\" content=\"1920\" \/>\n\t<meta property=\"og:image:height\" content=\"1279\" \/>\n\t<meta property=\"og:image:type\" content=\"image\/jpeg\" \/>\n<meta name=\"twitter:card\" content=\"summary_large_image\" \/>\n<meta name=\"twitter:label1\" content=\"Gesch\u00e4tzte Lesezeit\" \/>\n\t<meta name=\"twitter:data1\" content=\"2\u00a0Minuten\" \/>\n<script type=\"application\/ld+json\" class=\"yoast-schema-graph\">{\"@context\":\"https:\\\/\\\/schema.org\",\"@graph\":[{\"@type\":\"WebPage\",\"@id\":\"https:\\\/\\\/kamp-glavotok.hr\\\/de\\\/pool-bar\\\/\",\"url\":\"https:\\\/\\\/kamp-glavotok.hr\\\/de\\\/pool-bar\\\/\",\"name\":\"Pool Bar - Glavotok\",\"isPartOf\":{\"@id\":\"https:\\\/\\\/kamp-glavotok.hr\\\/#website\"},\"primaryImageOfPage\":{\"@id\":\"https:\\\/\\\/kamp-glavotok.hr\\\/de\\\/pool-bar\\\/#primaryimage\"},\"image\":{\"@id\":\"https:\\\/\\\/kamp-glavotok.hr\\\/de\\\/pool-bar\\\/#primaryimage\"},\"thumbnailUrl\":\"https:\\\/\\\/kamp-glavotok.hr\\\/wp-content\\\/uploads\\\/2025\\\/10\\\/Kamp-Glavotok-Krk-Pool-Bar-5.jpg\",\"datePublished\":\"2025-10-27T12:17:34+00:00\",\"dateModified\":\"2026-02-17T12:53:03+00:00\",\"description\":\"Direkt neben dem Restaurant im Zentrum des Campingplatzes, in erster Reihe zum Meer, bietet die Poolbar einen unvergesslichen Blick auf die Insel Cres und endlose Sonnenunterg\u00e4nge.\",\"breadcrumb\":{\"@id\":\"https:\\\/\\\/kamp-glavotok.hr\\\/de\\\/pool-bar\\\/#breadcrumb\"},\"inLanguage\":\"de\",\"potentialAction\":[{\"@type\":\"ReadAction\",\"target\":[\"https:\\\/\\\/kamp-glavotok.hr\\\/de\\\/pool-bar\\\/\"]}]},{\"@type\":\"ImageObject\",\"inLanguage\":\"de\",\"@id\":\"https:\\\/\\\/kamp-glavotok.hr\\\/de\\\/pool-bar\\\/#primaryimage\",\"url\":\"https:\\\/\\\/kamp-glavotok.hr\\\/wp-content\\\/uploads\\\/2025\\\/10\\\/Kamp-Glavotok-Krk-Pool-Bar-5.jpg\",\"contentUrl\":\"https:\\\/\\\/kamp-glavotok.hr\\\/wp-content\\\/uploads\\\/2025\\\/10\\\/Kamp-Glavotok-Krk-Pool-Bar-5.jpg\",\"width\":1920,\"height\":1279,\"caption\":\"Kamp Glavotok Krk Pool bar\"},{\"@type\":\"BreadcrumbList\",\"@id\":\"https:\\\/\\\/kamp-glavotok.hr\\\/de\\\/pool-bar\\\/#breadcrumb\",\"itemListElement\":[{\"@type\":\"ListItem\",\"position\":1,\"name\":\"Home\",\"item\":\"https:\\\/\\\/kamp-glavotok.hr\\\/de\\\/\"},{\"@type\":\"ListItem\",\"position\":2,\"name\":\"Pool Bar\"}]},{\"@type\":\"WebSite\",\"@id\":\"https:\\\/\\\/kamp-glavotok.hr\\\/#website\",\"url\":\"https:\\\/\\\/kamp-glavotok.hr\\\/\",\"name\":\"Glavotok\",\"description\":\"Premium green camp\",\"potentialAction\":[{\"@type\":\"SearchAction\",\"target\":{\"@type\":\"EntryPoint\",\"urlTemplate\":\"https:\\\/\\\/kamp-glavotok.hr\\\/?s={search_term_string}\"},\"query-input\":{\"@type\":\"PropertyValueSpecification\",\"valueRequired\":true,\"valueName\":\"search_term_string\"}}],\"inLanguage\":\"de\"}]}<\/script>\n<!-- \/ Yoast SEO plugin. -->","yoast_head_json":{"title":"Pool Bar - Glavotok","description":"Direkt neben dem Restaurant im Zentrum des Campingplatzes, in erster Reihe zum Meer, bietet die Poolbar einen unvergesslichen Blick auf die Insel Cres und endlose Sonnenunterg\u00e4nge.","robots":{"index":"index","follow":"follow","max-snippet":"max-snippet:-1","max-image-preview":"max-image-preview:large","max-video-preview":"max-video-preview:-1"},"canonical":"https:\/\/kamp-glavotok.hr\/de\/pool-bar\/","og_locale":"de_DE","og_type":"article","og_title":"Pool Bar - Glavotok","og_description":"Direkt neben dem Restaurant im Zentrum des Campingplatzes, in erster Reihe zum Meer, bietet die Poolbar einen unvergesslichen Blick auf die Insel Cres und endlose Sonnenunterg\u00e4nge.","og_url":"https:\/\/kamp-glavotok.hr\/de\/pool-bar\/","og_site_name":"Glavotok","article_modified_time":"2026-02-17T12:53:03+00:00","og_image":[{"width":1920,"height":1279,"url":"https:\/\/kamp-glavotok.hr\/wp-content\/uploads\/2025\/10\/Kamp-Glavotok-Krk-Pool-Bar-5.jpg","type":"image\/jpeg"}],"twitter_card":"summary_large_image","twitter_misc":{"Gesch\u00e4tzte Lesezeit":"2\u00a0Minuten"},"schema":{"@context":"https:\/\/schema.org","@graph":[{"@type":"WebPage","@id":"https:\/\/kamp-glavotok.hr\/de\/pool-bar\/","url":"https:\/\/kamp-glavotok.hr\/de\/pool-bar\/","name":"Pool Bar - Glavotok","isPartOf":{"@id":"https:\/\/kamp-glavotok.hr\/#website"},"primaryImageOfPage":{"@id":"https:\/\/kamp-glavotok.hr\/de\/pool-bar\/#primaryimage"},"image":{"@id":"https:\/\/kamp-glavotok.hr\/de\/pool-bar\/#primaryimage"},"thumbnailUrl":"https:\/\/kamp-glavotok.hr\/wp-content\/uploads\/2025\/10\/Kamp-Glavotok-Krk-Pool-Bar-5.jpg","datePublished":"2025-10-27T12:17:34+00:00","dateModified":"2026-02-17T12:53:03+00:00","description":"Direkt neben dem Restaurant im Zentrum des Campingplatzes, in erster Reihe zum Meer, bietet die Poolbar einen unvergesslichen Blick auf die Insel Cres und endlose Sonnenunterg\u00e4nge.","breadcrumb":{"@id":"https:\/\/kamp-glavotok.hr\/de\/pool-bar\/#breadcrumb"},"inLanguage":"de","potentialAction":[{"@type":"ReadAction","target":["https:\/\/kamp-glavotok.hr\/de\/pool-bar\/"]}]},{"@type":"ImageObject","inLanguage":"de","@id":"https:\/\/kamp-glavotok.hr\/de\/pool-bar\/#primaryimage","url":"https:\/\/kamp-glavotok.hr\/wp-content\/uploads\/2025\/10\/Kamp-Glavotok-Krk-Pool-Bar-5.jpg","contentUrl":"https:\/\/kamp-glavotok.hr\/wp-content\/uploads\/2025\/10\/Kamp-Glavotok-Krk-Pool-Bar-5.jpg","width":1920,"height":1279,"caption":"Kamp Glavotok Krk Pool bar"},{"@type":"BreadcrumbList","@id":"https:\/\/kamp-glavotok.hr\/de\/pool-bar\/#breadcrumb","itemListElement":[{"@type":"ListItem","position":1,"name":"Home","item":"https:\/\/kamp-glavotok.hr\/de\/"},{"@type":"ListItem","position":2,"name":"Pool Bar"}]},{"@type":"WebSite","@id":"https:\/\/kamp-glavotok.hr\/#website","url":"https:\/\/kamp-glavotok.hr\/","name":"Glavotok","description":"Premium green camp","potentialAction":[{"@type":"SearchAction","target":{"@type":"EntryPoint","urlTemplate":"https:\/\/kamp-glavotok.hr\/?s={search_term_string}"},"query-input":{"@type":"PropertyValueSpecification","valueRequired":true,"valueName":"search_term_string"}}],"inLanguage":"de"}]}},"_links":{"self":[{"href":"https:\/\/kamp-glavotok.hr\/de\/wp-json\/wp\/v2\/pages\/6297","targetHints":{"allow":["GET"]}}],"collection":[{"href":"https:\/\/kamp-glavotok.hr\/de\/wp-json\/wp\/v2\/pages"}],"about":[{"href":"https:\/\/kamp-glavotok.hr\/de\/wp-json\/wp\/v2\/types\/page"}],"author":[{"embeddable":true,"href":"https:\/\/kamp-glavotok.hr\/de\/wp-json\/wp\/v2\/users\/1"}],"replies":[{"embeddable":true,"href":"https:\/\/kamp-glavotok.hr\/de\/wp-json\/wp\/v2\/comments?post=6297"}],"version-history":[{"count":3,"href":"https:\/\/kamp-glavotok.hr\/de\/wp-json\/wp\/v2\/pages\/6297\/revisions"}],"predecessor-version":[{"id":6316,"href":"https:\/\/kamp-glavotok.hr\/de\/wp-json\/wp\/v2\/pages\/6297\/revisions\/6316"}],"wp:featuredmedia":[{"embeddable":true,"href":"https:\/\/kamp-glavotok.hr\/de\/wp-json\/wp\/v2\/media\/6298"}],"wp:attachment":[{"href":"https:\/\/kamp-glavotok.hr\/de\/wp-json\/wp\/v2\/media?parent=6297"}],"curies":[{"name":"wp","href":"https:\/\/api.w.org\/{rel}","templated":true}]}}